{"id":65291,"date":"2025-09-19T15:51:06","date_gmt":"2025-09-19T13:51:06","guid":{"rendered":"https:\/\/vitalstoffversand.com\/produkt\/gen-l-glutamina-com-sabor-750-g-varios-sabores\/"},"modified":"2025-09-19T15:51:06","modified_gmt":"2025-09-19T13:51:06","slug":"gen-l-glutamina-com-sabor-750-g-varios-sabores","status":"publish","type":"product","link":"https:\/\/vitalstoffversand.com\/pt-pt\/produto\/gen-l-glutamina-com-sabor-750-g-varios-sabores\/","title":{"rendered":"GEN <br>L-glutamina com sabor &#8211; 750 g &#8211; diferentes sabores"},"content":{"rendered":"<p>GEN Flavoured L-Glutamine+ \u00e9 L-glutamina em doses elevadas com taurina, com um sabor refrescante a lim\u00e3o ou laranja.<\/p>\n<p>O produto destaca-se pela sua elevada qualidade, boa solubilidade e um excelente sabor sem a\u00e7\u00facar.<\/p>\n<ul>\n<li>Vegano<\/li>\n<li>Sem gl\u00faten<\/li>\n<li>Sem lactose<\/li>\n<li>Sem OGM<\/li>\n<li>Produzido de acordo com rigorosos padr\u00f5es de qualidade da UE<\/li>\n<\/ul>\n","protected":false},"excerpt":{"rendered":"<p>GEN Flavoured L-Glutamine+ \u00e9 L-glutamina em doses elevadas com taurina, com um sabor refrescante a lim\u00e3o ou laranja. O produto destaca-se pela sua elevada qualidade, boa solubilidade e um excelente sabor sem a\u00e7\u00facar. Vegano Sem gl\u00faten Sem lactose Sem OGM Produzido de acordo com rigorosos padr\u00f5es de qualidade da UE<\/p>\n","protected":false},"featured_media":48687,"template":"","meta":{"_acf_changed":false},"product_brand":[10200],"product_cat":[551,537],"product_tag":[],"class_list":{"0":"post-65291","1":"product","2":"type-product","3":"status-publish","4":"has-post-thumbnail","6":"product_brand-gen-german-elite-nutrition-pt-pt","7":"product_cat-aminoacidos-pt","8":"product_cat-produtos-de-a-z","10":"first","11":"instock","12":"taxable","13":"shipping-taxable","14":"purchasable","15":"product-type-variable"},"acf":[],"_links":{"self":[{"href":"https:\/\/vitalstoffversand.com\/pt-pt\/wp-json\/wp\/v2\/product\/65291","targetHints":{"allow":["GET"]}}],"collection":[{"href":"https:\/\/vitalstoffversand.com\/pt-pt\/wp-json\/wp\/v2\/product"}],"about":[{"href":"https:\/\/vitalstoffversand.com\/pt-pt\/wp-json\/wp\/v2\/types\/product"}],"wp:featuredmedia":[{"embeddable":true,"href":"https:\/\/vitalstoffversand.com\/pt-pt\/wp-json\/wp\/v2\/media\/48687"}],"wp:attachment":[{"href":"https:\/\/vitalstoffversand.com\/pt-pt\/wp-json\/wp\/v2\/media?parent=65291"}],"wp:term":[{"taxonomy":"product_brand","embeddable":true,"href":"https:\/\/vitalstoffversand.com\/pt-pt\/wp-json\/wp\/v2\/product_brand?post=65291"},{"taxonomy":"product_cat","embeddable":true,"href":"https:\/\/vitalstoffversand.com\/pt-pt\/wp-json\/wp\/v2\/product_cat?post=65291"},{"taxonomy":"product_tag","embeddable":true,"href":"https:\/\/vitalstoffversand.com\/pt-pt\/wp-json\/wp\/v2\/product_tag?post=65291"}],"curies":[{"name":"wp","href":"https:\/\/api.w.org\/{rel}","templated":true}]}}