{"id":65237,"date":"2025-06-11T17:55:46","date_gmt":"2025-06-11T15:55:46","guid":{"rendered":"https:\/\/vitalstoffversand.com\/produkt\/gen-creatina-com-sabor-550-g-varios-sabores\/"},"modified":"2025-06-11T17:55:46","modified_gmt":"2025-06-11T15:55:46","slug":"gen-creatina-com-sabor-550-g-varios-sabores","status":"publish","type":"product","link":"https:\/\/vitalstoffversand.com\/pt-pt\/produto\/gen-creatina-com-sabor-550-g-varios-sabores\/","title":{"rendered":"GEN <br>Creatina com sabor &#8211; 550 g &#8211; diferentes sabores"},"content":{"rendered":"<p>Creatina aromatizada com taurina.<\/p>\n<p>Cada por\u00e7\u00e3o fornece-te 3 g de <span style=\"color: #0000ff;\"><strong><a href=\"https:\/\/vitalstoffversand.com\/knowledge-base\/creatin-kreatin\/\" target=\"_blank\" rel=\"noopener\">\u2192 monohidrato de creatina<\/a><\/strong><\/span> puro e 500 mg de L-taurina.<\/p>\n<p>Al\u00e9m disso, o sabor aliou-se ao desempenho, pois o p\u00f3 est\u00e1 dispon\u00edvel em 8 deliciosos sabores.<\/p>\n<ul>\n<li>Vegano<\/li>\n<li>Sem gl\u00faten<\/li>\n<li>Sem lactose<\/li>\n<li>Sem OGM<\/li>\n<li>Produzido de acordo com rigorosos padr\u00f5es de qualidade da UE<\/li>\n<\/ul>\n","protected":false},"excerpt":{"rendered":"<p>Creatina aromatizada com taurina. Cada por\u00e7\u00e3o fornece-te 3 g de \u2192 monohidrato de creatina puro e 500 mg de L-taurina. Al\u00e9m disso, o sabor aliou-se ao desempenho, pois o p\u00f3 est\u00e1 dispon\u00edvel em 8 deliciosos sabores. Vegano Sem gl\u00faten Sem lactose Sem OGM Produzido de acordo com rigorosos padr\u00f5es de qualidade da UE<\/p>\n","protected":false},"featured_media":48519,"template":"","meta":{"_acf_changed":false},"product_brand":[10200],"product_cat":[562,537],"product_tag":[],"class_list":{"0":"post-65237","1":"product","2":"type-product","3":"status-publish","4":"has-post-thumbnail","6":"product_brand-gen-german-elite-nutrition-pt-pt","7":"product_cat-suplementos-desportivos","8":"product_cat-produtos-de-a-z","10":"first","11":"instock","12":"taxable","13":"shipping-taxable","14":"purchasable","15":"product-type-variable"},"acf":[],"_links":{"self":[{"href":"https:\/\/vitalstoffversand.com\/pt-pt\/wp-json\/wp\/v2\/product\/65237","targetHints":{"allow":["GET"]}}],"collection":[{"href":"https:\/\/vitalstoffversand.com\/pt-pt\/wp-json\/wp\/v2\/product"}],"about":[{"href":"https:\/\/vitalstoffversand.com\/pt-pt\/wp-json\/wp\/v2\/types\/product"}],"wp:featuredmedia":[{"embeddable":true,"href":"https:\/\/vitalstoffversand.com\/pt-pt\/wp-json\/wp\/v2\/media\/48519"}],"wp:attachment":[{"href":"https:\/\/vitalstoffversand.com\/pt-pt\/wp-json\/wp\/v2\/media?parent=65237"}],"wp:term":[{"taxonomy":"product_brand","embeddable":true,"href":"https:\/\/vitalstoffversand.com\/pt-pt\/wp-json\/wp\/v2\/product_brand?post=65237"},{"taxonomy":"product_cat","embeddable":true,"href":"https:\/\/vitalstoffversand.com\/pt-pt\/wp-json\/wp\/v2\/product_cat?post=65237"},{"taxonomy":"product_tag","embeddable":true,"href":"https:\/\/vitalstoffversand.com\/pt-pt\/wp-json\/wp\/v2\/product_tag?post=65237"}],"curies":[{"name":"wp","href":"https:\/\/api.w.org\/{rel}","templated":true}]}}