{"id":65187,"date":"2025-06-11T17:52:05","date_gmt":"2025-06-11T15:52:05","guid":{"rendered":"https:\/\/vitalstoffversand.com\/produkt\/gen-premium-enzyme-complex-120-capsulas\/"},"modified":"2025-06-11T17:52:05","modified_gmt":"2025-06-11T15:52:05","slug":"gen-premium-enzyme-complex-120-capsulas","status":"publish","type":"product","link":"https:\/\/vitalstoffversand.com\/pt-pt\/produto\/gen-premium-enzyme-complex-120-capsulas\/","title":{"rendered":"GEN <br>Premium Enzyme Complex &#8211; 120 c\u00e1psulas"},"content":{"rendered":"<p>Apesar de uma alimenta\u00e7\u00e3o saud\u00e1vel e da ingest\u00e3o de suplementos de alta qualidade, deparamo-nos frequentemente com o desafio de os nutrientes n\u00e3o serem absorvidos de forma ideal.<\/p>\n<p>\u00c9 aqui que o Enzyme Complex entra em cena, pois \u00e9 composto por uma mistura de enzimas DigeZyme\u00ae patenteadas, extratos vegetais, enzimas digestivas e probi\u00f3ticos, que podem apoiar o nosso sistema digestivo e melhorar a biodisponibilidade dos nutrientes ingeridos.<\/p>\n<ul>\n<li>Vegano<\/li>\n<li>Sem gl\u00faten<\/li>\n<li>Sem lactose<\/li>\n<li>Sem OGM<\/li>\n<li>Produzido de acordo com rigorosos padr\u00f5es de qualidade da UE<\/li>\n<\/ul>\n","protected":false},"excerpt":{"rendered":"<p>Apesar de uma alimenta\u00e7\u00e3o saud\u00e1vel e da ingest\u00e3o de suplementos de alta qualidade, deparamo-nos frequentemente com o desafio de os nutrientes n\u00e3o serem absorvidos de forma ideal. \u00c9 aqui que o Enzyme Complex entra em cena, pois \u00e9 composto por uma mistura de enzimas DigeZyme\u00ae patenteadas, extratos vegetais, enzimas digestivas e probi\u00f3ticos, que podem apoiar [&hellip;]<\/p>\n","protected":false},"featured_media":48399,"template":"","meta":{"_acf_changed":false},"product_brand":[10200],"product_cat":[559,537],"product_tag":[],"class_list":{"0":"post-65187","1":"product","2":"type-product","3":"status-publish","4":"has-post-thumbnail","6":"product_brand-gen-german-elite-nutrition-pt-pt","7":"product_cat-nutrientes","8":"product_cat-produtos-de-a-z","10":"first","11":"instock","12":"taxable","13":"shipping-taxable","14":"purchasable","15":"product-type-simple"},"acf":[],"_links":{"self":[{"href":"https:\/\/vitalstoffversand.com\/pt-pt\/wp-json\/wp\/v2\/product\/65187","targetHints":{"allow":["GET"]}}],"collection":[{"href":"https:\/\/vitalstoffversand.com\/pt-pt\/wp-json\/wp\/v2\/product"}],"about":[{"href":"https:\/\/vitalstoffversand.com\/pt-pt\/wp-json\/wp\/v2\/types\/product"}],"wp:featuredmedia":[{"embeddable":true,"href":"https:\/\/vitalstoffversand.com\/pt-pt\/wp-json\/wp\/v2\/media\/48399"}],"wp:attachment":[{"href":"https:\/\/vitalstoffversand.com\/pt-pt\/wp-json\/wp\/v2\/media?parent=65187"}],"wp:term":[{"taxonomy":"product_brand","embeddable":true,"href":"https:\/\/vitalstoffversand.com\/pt-pt\/wp-json\/wp\/v2\/product_brand?post=65187"},{"taxonomy":"product_cat","embeddable":true,"href":"https:\/\/vitalstoffversand.com\/pt-pt\/wp-json\/wp\/v2\/product_cat?post=65187"},{"taxonomy":"product_tag","embeddable":true,"href":"https:\/\/vitalstoffversand.com\/pt-pt\/wp-json\/wp\/v2\/product_tag?post=65187"}],"curies":[{"name":"wp","href":"https:\/\/api.w.org\/{rel}","templated":true}]}}