{"id":65158,"date":"2025-06-11T17:54:17","date_gmt":"2025-06-11T15:54:17","guid":{"rendered":"https:\/\/vitalstoffversand.com\/produkt\/gen-intra-charge-1200-g-varios-sabores\/"},"modified":"2026-03-13T11:55:52","modified_gmt":"2026-03-13T10:55:52","slug":"gen-intra-charge-1200-g-varios-sabores","status":"publish","type":"product","link":"https:\/\/vitalstoffversand.com\/pt-pt\/produto\/gen-intra-charge-1200-g-varios-sabores\/","title":{"rendered":"GEN <br>Intra Charge &#8211; 1200 g &#8211; diferentes sabores"},"content":{"rendered":"<p>O Intra Charge fornece-te energia de r\u00e1pida absor\u00e7\u00e3o, amino\u00e1cidos essenciais e uma matriz de eletr\u00f3litos cuidadosamente concebida.<\/p>\n<p>Durante treinos intensos, combina funcionalidade com um sabor refrescante nas variedades laranja, kiwi ou mel\u00e3o.<\/p>\n<ul>\n<li>Vegano<\/li>\n<li>Sem gl\u00faten<\/li>\n<li>Sem lactose<\/li>\n<li>Sem OGM<\/li>\n<li>Produzido de acordo com rigorosos padr\u00f5es de qualidade da UE<\/li>\n<\/ul>\n","protected":false},"excerpt":{"rendered":"<p>O Intra Charge fornece-te energia de r\u00e1pida absor\u00e7\u00e3o, amino\u00e1cidos essenciais e uma matriz de eletr\u00f3litos cuidadosamente concebida. Durante treinos intensos, combina funcionalidade com um sabor refrescante nas variedades laranja, kiwi ou mel\u00e3o. Vegano Sem gl\u00faten Sem lactose Sem OGM Produzido de acordo com rigorosos padr\u00f5es de qualidade da UE<\/p>\n","protected":false},"featured_media":48327,"template":"","meta":{"_acf_changed":false},"product_brand":[10200],"product_cat":[562,537],"product_tag":[],"class_list":{"0":"post-65158","1":"product","2":"type-product","3":"status-publish","4":"has-post-thumbnail","6":"product_brand-gen-german-elite-nutrition-pt-pt","7":"product_cat-suplementos-desportivos","8":"product_cat-produtos-de-a-z","10":"first","11":"instock","12":"taxable","13":"shipping-taxable","14":"purchasable","15":"product-type-variable"},"acf":[],"_links":{"self":[{"href":"https:\/\/vitalstoffversand.com\/pt-pt\/wp-json\/wp\/v2\/product\/65158","targetHints":{"allow":["GET"]}}],"collection":[{"href":"https:\/\/vitalstoffversand.com\/pt-pt\/wp-json\/wp\/v2\/product"}],"about":[{"href":"https:\/\/vitalstoffversand.com\/pt-pt\/wp-json\/wp\/v2\/types\/product"}],"wp:featuredmedia":[{"embeddable":true,"href":"https:\/\/vitalstoffversand.com\/pt-pt\/wp-json\/wp\/v2\/media\/48327"}],"wp:attachment":[{"href":"https:\/\/vitalstoffversand.com\/pt-pt\/wp-json\/wp\/v2\/media?parent=65158"}],"wp:term":[{"taxonomy":"product_brand","embeddable":true,"href":"https:\/\/vitalstoffversand.com\/pt-pt\/wp-json\/wp\/v2\/product_brand?post=65158"},{"taxonomy":"product_cat","embeddable":true,"href":"https:\/\/vitalstoffversand.com\/pt-pt\/wp-json\/wp\/v2\/product_cat?post=65158"},{"taxonomy":"product_tag","embeddable":true,"href":"https:\/\/vitalstoffversand.com\/pt-pt\/wp-json\/wp\/v2\/product_tag?post=65158"}],"curies":[{"name":"wp","href":"https:\/\/api.w.org\/{rel}","templated":true}]}}