{"id":65111,"date":"2025-06-11T17:44:36","date_gmt":"2025-06-11T15:44:36","guid":{"rendered":"https:\/\/vitalstoffversand.com\/produkt\/gen-isomax-1000-g-varios-tipos\/"},"modified":"2025-06-11T17:44:36","modified_gmt":"2025-06-11T15:44:36","slug":"gen-isomax-1000-g-varios-tipos","status":"publish","type":"product","link":"https:\/\/vitalstoffversand.com\/pt-pt\/produto\/gen-isomax-1000-g-varios-tipos\/","title":{"rendered":"GEN <br>Isomax &#8211; 1000 g &#8211; diferentes sabores"},"content":{"rendered":"<p>Isomax fornece uma combina\u00e7\u00e3o de hidratos de carbono rapidamente dispon\u00edveis, eletr\u00f3litos funcionais e micronutrientes selecionados, especialmente adaptados \u00e0s fases antes e depois do treino.<\/p>\n<p>O produto \u00e9 adequado para atletas de todas as categorias e modalidades desportivas, mas tamb\u00e9m para outras pessoas com atividades que envolvam transpira\u00e7\u00e3o.<\/p>\n<ul>\n<li>Vegano<\/li>\n<li>Sem gl\u00faten<\/li>\n<li>Sem lactose<\/li>\n<li>Sem OGM<\/li>\n<li>Produzido de acordo com rigorosos padr\u00f5es de qualidade da UE<\/li>\n<\/ul>\n","protected":false},"excerpt":{"rendered":"<p>Isomax fornece uma combina\u00e7\u00e3o de hidratos de carbono rapidamente dispon\u00edveis, eletr\u00f3litos funcionais e micronutrientes selecionados, especialmente adaptados \u00e0s fases antes e depois do treino. O produto \u00e9 adequado para atletas de todas as categorias e modalidades desportivas, mas tamb\u00e9m para outras pessoas com atividades que envolvam transpira\u00e7\u00e3o. Vegano Sem gl\u00faten Sem lactose Sem OGM Produzido [&hellip;]<\/p>\n","protected":false},"featured_media":48175,"template":"","meta":{"_acf_changed":false},"product_brand":[10200],"product_cat":[562,537],"product_tag":[],"class_list":{"0":"post-65111","1":"product","2":"type-product","3":"status-publish","4":"has-post-thumbnail","6":"product_brand-gen-german-elite-nutrition-pt-pt","7":"product_cat-suplementos-desportivos","8":"product_cat-produtos-de-a-z","10":"first","11":"instock","12":"taxable","13":"shipping-taxable","14":"purchasable","15":"product-type-variable"},"acf":[],"_links":{"self":[{"href":"https:\/\/vitalstoffversand.com\/pt-pt\/wp-json\/wp\/v2\/product\/65111","targetHints":{"allow":["GET"]}}],"collection":[{"href":"https:\/\/vitalstoffversand.com\/pt-pt\/wp-json\/wp\/v2\/product"}],"about":[{"href":"https:\/\/vitalstoffversand.com\/pt-pt\/wp-json\/wp\/v2\/types\/product"}],"wp:featuredmedia":[{"embeddable":true,"href":"https:\/\/vitalstoffversand.com\/pt-pt\/wp-json\/wp\/v2\/media\/48175"}],"wp:attachment":[{"href":"https:\/\/vitalstoffversand.com\/pt-pt\/wp-json\/wp\/v2\/media?parent=65111"}],"wp:term":[{"taxonomy":"product_brand","embeddable":true,"href":"https:\/\/vitalstoffversand.com\/pt-pt\/wp-json\/wp\/v2\/product_brand?post=65111"},{"taxonomy":"product_cat","embeddable":true,"href":"https:\/\/vitalstoffversand.com\/pt-pt\/wp-json\/wp\/v2\/product_cat?post=65111"},{"taxonomy":"product_tag","embeddable":true,"href":"https:\/\/vitalstoffversand.com\/pt-pt\/wp-json\/wp\/v2\/product_tag?post=65111"}],"curies":[{"name":"wp","href":"https:\/\/api.w.org\/{rel}","templated":true}]}}