{"id":65087,"date":"2025-09-19T13:38:19","date_gmt":"2025-09-19T11:38:19","guid":{"rendered":"https:\/\/vitalstoffversand.com\/produkt\/gen-creatina-hcl-240-capsulas\/"},"modified":"2026-03-21T15:53:55","modified_gmt":"2026-03-21T14:53:55","slug":"gen-creatina-hcl-240-capsulas","status":"publish","type":"product","link":"https:\/\/vitalstoffversand.com\/pt-pt\/produto\/gen-creatina-hcl-240-capsulas\/","title":{"rendered":"GEN <br>Creatina HCL &#8211; 240 c\u00e1psulas"},"content":{"rendered":"<p>A creatina HCL \u00e9 um produto premium que fornece 3000 mg de cloridrato de creatina (HCL) puro por dose di\u00e1ria recomendada.<\/p>\n<p>Nesta forma, a <span style=\"color: #0000ff;\"><strong><a href=\"https:\/\/vitalstoffversand.com\/knowledge-base\/creatin-kreatin\/\" target=\"_blank\" rel=\"noopener\">creatina<\/a><\/strong><\/span> possui uma biodisponibilidade particularmente elevada, pelo que mesmo pequenas quantidades s\u00e3o suficientes para encher de forma ideal as suas reservas de energia.<\/p>\n<p>Em compara\u00e7\u00e3o com a creatina monohidratada, a creatina HCL tem uma melhor solubilidade, \u00e9 mais facilmente absorvida e, muitas vezes, \u00e9 mais suave para o est\u00f4mago.<\/p>\n<ul>\n<li>Vegano<\/li>\n<li>Sem gl\u00faten<\/li>\n<li>Sem lactose<\/li>\n<li>Sem OGM<\/li>\n<li>Produzido de acordo com rigorosos padr\u00f5es de qualidade da UE<\/li>\n<\/ul>\n","protected":false},"excerpt":{"rendered":"<p>A creatina HCL \u00e9 um produto premium que fornece 3000 mg de cloridrato de creatina (HCL) puro por dose di\u00e1ria recomendada. Nesta forma, a creatina possui uma biodisponibilidade particularmente elevada, pelo que mesmo pequenas quantidades s\u00e3o suficientes para encher de forma ideal as suas reservas de energia. Em compara\u00e7\u00e3o com a creatina monohidratada, a creatina [&hellip;]<\/p>\n","protected":false},"featured_media":48111,"template":"","meta":{"_acf_changed":false},"product_brand":[10200],"product_cat":[562,537],"product_tag":[],"class_list":{"0":"post-65087","1":"product","2":"type-product","3":"status-publish","4":"has-post-thumbnail","6":"product_brand-gen-german-elite-nutrition-pt-pt","7":"product_cat-suplementos-desportivos","8":"product_cat-produtos-de-a-z","10":"first","11":"outofstock","12":"taxable","13":"shipping-taxable","14":"purchasable","15":"product-type-simple"},"acf":[],"_links":{"self":[{"href":"https:\/\/vitalstoffversand.com\/pt-pt\/wp-json\/wp\/v2\/product\/65087","targetHints":{"allow":["GET"]}}],"collection":[{"href":"https:\/\/vitalstoffversand.com\/pt-pt\/wp-json\/wp\/v2\/product"}],"about":[{"href":"https:\/\/vitalstoffversand.com\/pt-pt\/wp-json\/wp\/v2\/types\/product"}],"wp:featuredmedia":[{"embeddable":true,"href":"https:\/\/vitalstoffversand.com\/pt-pt\/wp-json\/wp\/v2\/media\/48111"}],"wp:attachment":[{"href":"https:\/\/vitalstoffversand.com\/pt-pt\/wp-json\/wp\/v2\/media?parent=65087"}],"wp:term":[{"taxonomy":"product_brand","embeddable":true,"href":"https:\/\/vitalstoffversand.com\/pt-pt\/wp-json\/wp\/v2\/product_brand?post=65087"},{"taxonomy":"product_cat","embeddable":true,"href":"https:\/\/vitalstoffversand.com\/pt-pt\/wp-json\/wp\/v2\/product_cat?post=65087"},{"taxonomy":"product_tag","embeddable":true,"href":"https:\/\/vitalstoffversand.com\/pt-pt\/wp-json\/wp\/v2\/product_tag?post=65087"}],"curies":[{"name":"wp","href":"https:\/\/api.w.org\/{rel}","templated":true}]}}