{"id":64981,"date":"2026-03-12T13:13:43","date_gmt":"2026-03-12T12:13:43","guid":{"rendered":"https:\/\/vitalstoffversand.com\/?post_type=product&#038;p=64981"},"modified":"2026-03-21T15:51:58","modified_gmt":"2026-03-21T14:51:58","slug":"nuvi-health-vitamina-a-d3-k2-gotas-50-ml-kopie","status":"publish","type":"product","link":"https:\/\/vitalstoffversand.com\/pt-pt\/produto\/nuvi-health-vitamina-a-d3-k2-gotas-50-ml-kopie\/","title":{"rendered":"Nuvi Health <br>\u00d3leo de or\u00e9g\u00e3os &#8211; 20 ml"},"content":{"rendered":"<p>\u00d3leo de or\u00e9g\u00e3os proveniente de Fran\u00e7a com 80% de carvacrol, 7% de p-cimol, 6,5% de gama-terceno e 4,5% de timol.<\/p>\n<p>O \u00f3leo de or\u00e9g\u00e3os tem m\u00faltiplas utiliza\u00e7\u00f5es e possui propriedades poderosas em muitas \u00e1reas.<\/p>\n<p>O frasco cont\u00e9m cerca de 820 gotas.<\/p>\n<ul>\n<li>Vegetariano<\/li>\n<li>Sem gl\u00faten<\/li>\n<li>Sem lactose<\/li>\n<li>Sem OGM<\/li>\n<li>Produzido de acordo com rigorosos padr\u00f5es de qualidade da UE<\/li>\n<\/ul>\n","protected":false},"excerpt":{"rendered":"<p>\u00d3leo de or\u00e9g\u00e3os proveniente de Fran\u00e7a com 80% de carvacrol, 7% de p-cimol, 6,5% de gama-terceno e 4,5% de timol. O \u00f3leo de or\u00e9g\u00e3os tem m\u00faltiplas utiliza\u00e7\u00f5es e possui propriedades poderosas em muitas \u00e1reas. O frasco cont\u00e9m cerca de 820 gotas. Vegetariano Sem gl\u00faten Sem lactose Sem OGM Produzido de acordo com rigorosos padr\u00f5es de [&hellip;]<\/p>\n","protected":false},"featured_media":64990,"template":"","meta":{"_acf_changed":false},"product_brand":[10214],"product_cat":[543,537],"product_tag":[],"class_list":{"0":"post-64981","1":"product","2":"type-product","3":"status-publish","4":"has-post-thumbnail","6":"product_brand-nuvi-health-pt-pt","7":"product_cat-primeiros-socorros-e-medicamentos","8":"product_cat-produtos-de-a-z","10":"first","11":"instock","12":"sale","13":"taxable","14":"shipping-taxable","15":"purchasable","16":"product-type-simple"},"acf":[],"_links":{"self":[{"href":"https:\/\/vitalstoffversand.com\/pt-pt\/wp-json\/wp\/v2\/product\/64981","targetHints":{"allow":["GET"]}}],"collection":[{"href":"https:\/\/vitalstoffversand.com\/pt-pt\/wp-json\/wp\/v2\/product"}],"about":[{"href":"https:\/\/vitalstoffversand.com\/pt-pt\/wp-json\/wp\/v2\/types\/product"}],"wp:featuredmedia":[{"embeddable":true,"href":"https:\/\/vitalstoffversand.com\/pt-pt\/wp-json\/wp\/v2\/media\/64990"}],"wp:attachment":[{"href":"https:\/\/vitalstoffversand.com\/pt-pt\/wp-json\/wp\/v2\/media?parent=64981"}],"wp:term":[{"taxonomy":"product_brand","embeddable":true,"href":"https:\/\/vitalstoffversand.com\/pt-pt\/wp-json\/wp\/v2\/product_brand?post=64981"},{"taxonomy":"product_cat","embeddable":true,"href":"https:\/\/vitalstoffversand.com\/pt-pt\/wp-json\/wp\/v2\/product_cat?post=64981"},{"taxonomy":"product_tag","embeddable":true,"href":"https:\/\/vitalstoffversand.com\/pt-pt\/wp-json\/wp\/v2\/product_tag?post=64981"}],"curies":[{"name":"wp","href":"https:\/\/api.w.org\/{rel}","templated":true}]}}