{"id":64930,"date":"2025-09-18T17:52:53","date_gmt":"2025-09-18T15:52:53","guid":{"rendered":"https:\/\/vitalstoffversand.com\/produkt\/gen-glycopump-glicerol-em-po-300-g\/"},"modified":"2026-03-21T15:53:57","modified_gmt":"2026-03-21T14:53:57","slug":"gen-glycopump-glicerol-em-po-300-g","status":"publish","type":"product","link":"https:\/\/vitalstoffversand.com\/pt-pt\/produto\/gen-glycopump-glicerol-em-po-300-g\/","title":{"rendered":"GEN <br>GlycoPump\u00ae Glicerol em p\u00f3 &#8211; 300 g"},"content":{"rendered":"<p>O Glycerol Powder da GEN aposta na mat\u00e9ria-prima de alta qualidade GlycoPump\u00ae, que, gra\u00e7as a uma f\u00f3rmula especial, apresenta uma concentra\u00e7\u00e3o de princ\u00edpio ativo de 65%.<\/p>\n<p>Ideal para apoiar o treino ou atividades desportivas em geral.<\/p>\n<ul>\n<li>Vegano<\/li>\n<li>Sem gl\u00faten<\/li>\n<li>Sem lactose<\/li>\n<li>Sem OGM<\/li>\n<li>Produzido de acordo com rigorosos padr\u00f5es de qualidade da UE<\/li>\n<\/ul>\n","protected":false},"excerpt":{"rendered":"<p>O Glycerol Powder da GEN aposta na mat\u00e9ria-prima de alta qualidade GlycoPump\u00ae, que, gra\u00e7as a uma f\u00f3rmula especial, apresenta uma concentra\u00e7\u00e3o de princ\u00edpio ativo de 65%. Ideal para apoiar o treino ou atividades desportivas em geral. Vegano Sem gl\u00faten Sem lactose Sem OGM Produzido de acordo com rigorosos padr\u00f5es de qualidade da UE<\/p>\n","protected":false},"featured_media":47015,"template":"","meta":{"_acf_changed":false},"product_brand":[10200],"product_cat":[562,537],"product_tag":[],"class_list":{"0":"post-64930","1":"product","2":"type-product","3":"status-publish","4":"has-post-thumbnail","6":"product_brand-gen-german-elite-nutrition-pt-pt","7":"product_cat-suplementos-desportivos","8":"product_cat-produtos-de-a-z","10":"first","11":"instock","12":"taxable","13":"shipping-taxable","14":"purchasable","15":"product-type-simple"},"acf":[],"_links":{"self":[{"href":"https:\/\/vitalstoffversand.com\/pt-pt\/wp-json\/wp\/v2\/product\/64930","targetHints":{"allow":["GET"]}}],"collection":[{"href":"https:\/\/vitalstoffversand.com\/pt-pt\/wp-json\/wp\/v2\/product"}],"about":[{"href":"https:\/\/vitalstoffversand.com\/pt-pt\/wp-json\/wp\/v2\/types\/product"}],"wp:featuredmedia":[{"embeddable":true,"href":"https:\/\/vitalstoffversand.com\/pt-pt\/wp-json\/wp\/v2\/media\/47015"}],"wp:attachment":[{"href":"https:\/\/vitalstoffversand.com\/pt-pt\/wp-json\/wp\/v2\/media?parent=64930"}],"wp:term":[{"taxonomy":"product_brand","embeddable":true,"href":"https:\/\/vitalstoffversand.com\/pt-pt\/wp-json\/wp\/v2\/product_brand?post=64930"},{"taxonomy":"product_cat","embeddable":true,"href":"https:\/\/vitalstoffversand.com\/pt-pt\/wp-json\/wp\/v2\/product_cat?post=64930"},{"taxonomy":"product_tag","embeddable":true,"href":"https:\/\/vitalstoffversand.com\/pt-pt\/wp-json\/wp\/v2\/product_tag?post=64930"}],"curies":[{"name":"wp","href":"https:\/\/api.w.org\/{rel}","templated":true}]}}