{"id":64786,"date":"2025-10-01T13:58:24","date_gmt":"2025-10-01T11:58:24","guid":{"rendered":"https:\/\/vitalstoffversand.com\/produkt\/gen-cla-240-capsulas\/"},"modified":"2026-03-21T15:53:26","modified_gmt":"2026-03-21T14:53:26","slug":"gen-cla-240-capsulas","status":"publish","type":"product","link":"https:\/\/vitalstoffversand.com\/pt-pt\/produto\/gen-cla-240-capsulas\/","title":{"rendered":"GEN <br>CLA &#8211; 240 c\u00e1psulas"},"content":{"rendered":"<p>O CLA &#8211; \u00e1cido linoleico conjugado \u00e9 uma forma modificada do \u00e1cido linoleico e pertence ao grupo dos \u00e1cidos gordos essenciais, mais precisamente aos \u00e1cidos gordos \u00f3mega 6.<\/p>\n<p>O nosso corpo n\u00e3o consegue produzir este \u00e1cido gordo, pelo que tem de ser ingerido atrav\u00e9s da alimenta\u00e7\u00e3o.<\/p>\n<ul>\n<li>Sem gl\u00faten<\/li>\n<li>Sem lactose<\/li>\n<li>Sem OGM<\/li>\n<li>Produzido de acordo com rigorosos padr\u00f5es de qualidade da UE<\/li>\n<\/ul>\n","protected":false},"excerpt":{"rendered":"<p>O CLA &#8211; \u00e1cido linoleico conjugado \u00e9 uma forma modificada do \u00e1cido linoleico e pertence ao grupo dos \u00e1cidos gordos essenciais, mais precisamente aos \u00e1cidos gordos \u00f3mega 6. O nosso corpo n\u00e3o consegue produzir este \u00e1cido gordo, pelo que tem de ser ingerido atrav\u00e9s da alimenta\u00e7\u00e3o. Sem gl\u00faten Sem lactose Sem OGM Produzido de acordo [&hellip;]<\/p>\n","protected":false},"featured_media":44622,"template":"","meta":{"_acf_changed":false},"product_brand":[10200],"product_cat":[554,537],"product_tag":[],"class_list":{"0":"post-64786","1":"product","2":"type-product","3":"status-publish","4":"has-post-thumbnail","6":"product_brand-gen-german-elite-nutrition-pt-pt","7":"product_cat-acidos-gordos","8":"product_cat-produtos-de-a-z","10":"first","11":"instock","12":"taxable","13":"shipping-taxable","14":"purchasable","15":"product-type-simple"},"acf":[],"_links":{"self":[{"href":"https:\/\/vitalstoffversand.com\/pt-pt\/wp-json\/wp\/v2\/product\/64786","targetHints":{"allow":["GET"]}}],"collection":[{"href":"https:\/\/vitalstoffversand.com\/pt-pt\/wp-json\/wp\/v2\/product"}],"about":[{"href":"https:\/\/vitalstoffversand.com\/pt-pt\/wp-json\/wp\/v2\/types\/product"}],"wp:featuredmedia":[{"embeddable":true,"href":"https:\/\/vitalstoffversand.com\/pt-pt\/wp-json\/wp\/v2\/media\/44622"}],"wp:attachment":[{"href":"https:\/\/vitalstoffversand.com\/pt-pt\/wp-json\/wp\/v2\/media?parent=64786"}],"wp:term":[{"taxonomy":"product_brand","embeddable":true,"href":"https:\/\/vitalstoffversand.com\/pt-pt\/wp-json\/wp\/v2\/product_brand?post=64786"},{"taxonomy":"product_cat","embeddable":true,"href":"https:\/\/vitalstoffversand.com\/pt-pt\/wp-json\/wp\/v2\/product_cat?post=64786"},{"taxonomy":"product_tag","embeddable":true,"href":"https:\/\/vitalstoffversand.com\/pt-pt\/wp-json\/wp\/v2\/product_tag?post=64786"}],"curies":[{"name":"wp","href":"https:\/\/api.w.org\/{rel}","templated":true}]}}