{"id":62782,"date":"2026-01-31T19:30:35","date_gmt":"2026-01-31T18:30:35","guid":{"rendered":"https:\/\/vitalstoffversand.com\/produkt\/alphavitalis-bisglicinato-de-zinco-25-mg-365-comprimidos\/"},"modified":"2026-03-21T15:52:11","modified_gmt":"2026-03-21T14:52:11","slug":"alphavitalis-bisglicinato-de-zinco-25-mg-365-comprimidos","status":"publish","type":"product","link":"https:\/\/vitalstoffversand.com\/pt-pt\/produto\/alphavitalis-bisglicinato-de-zinco-25-mg-365-comprimidos\/","title":{"rendered":"alphavitalis <br>Bisglicinato de zinco &#8211; 25 mg &#8211; 365 comprimidos"},"content":{"rendered":"<p><span style=\"color: #0000ff;\"><a href=\"https:\/\/vitalstoffversand.com\/knowledge-base\/zink\/\" target=\"_blank\" rel=\"noopener\">\u2192 O zinco<\/a><\/span> \u00e9 um ingrediente ativo importante para o nosso sistema imunit\u00e1rio, metabolismo, pele, cabelo e unhas.<\/p>\n<p>O bisglicinato de zinco \u00e9 um composto que oferece uma biodisponibilidade ideal.<\/p>\n<ul>\n<li>Vegano<\/li>\n<li>Sem gl\u00faten<\/li>\n<li>Sem lactose<\/li>\n<li>Sem OGM<\/li>\n<li>Produzido de acordo com rigorosos padr\u00f5es de qualidade da UE<\/li>\n<\/ul>\n","protected":false},"excerpt":{"rendered":"<p>\u2192 O zinco \u00e9 um ingrediente ativo importante para o nosso sistema imunit\u00e1rio, metabolismo, pele, cabelo e unhas. O bisglicinato de zinco \u00e9 um composto que oferece uma biodisponibilidade ideal. Vegano Sem gl\u00faten Sem lactose Sem OGM Produzido de acordo com rigorosos padr\u00f5es de qualidade da UE<\/p>\n","protected":false},"featured_media":62778,"template":"","meta":{"_acf_changed":false},"product_brand":[10193],"product_cat":[555,537],"product_tag":[],"class_list":{"0":"post-62782","1":"product","2":"type-product","3":"status-publish","4":"has-post-thumbnail","6":"product_brand-alphavitalis-pt-pt","7":"product_cat-minerais-e-oligoelementos","8":"product_cat-produtos-de-a-z","10":"first","11":"instock","12":"taxable","13":"shipping-taxable","14":"purchasable","15":"product-type-simple"},"acf":[],"_links":{"self":[{"href":"https:\/\/vitalstoffversand.com\/pt-pt\/wp-json\/wp\/v2\/product\/62782","targetHints":{"allow":["GET"]}}],"collection":[{"href":"https:\/\/vitalstoffversand.com\/pt-pt\/wp-json\/wp\/v2\/product"}],"about":[{"href":"https:\/\/vitalstoffversand.com\/pt-pt\/wp-json\/wp\/v2\/types\/product"}],"wp:featuredmedia":[{"embeddable":true,"href":"https:\/\/vitalstoffversand.com\/pt-pt\/wp-json\/wp\/v2\/media\/62778"}],"wp:attachment":[{"href":"https:\/\/vitalstoffversand.com\/pt-pt\/wp-json\/wp\/v2\/media?parent=62782"}],"wp:term":[{"taxonomy":"product_brand","embeddable":true,"href":"https:\/\/vitalstoffversand.com\/pt-pt\/wp-json\/wp\/v2\/product_brand?post=62782"},{"taxonomy":"product_cat","embeddable":true,"href":"https:\/\/vitalstoffversand.com\/pt-pt\/wp-json\/wp\/v2\/product_cat?post=62782"},{"taxonomy":"product_tag","embeddable":true,"href":"https:\/\/vitalstoffversand.com\/pt-pt\/wp-json\/wp\/v2\/product_tag?post=62782"}],"curies":[{"name":"wp","href":"https:\/\/api.w.org\/{rel}","templated":true}]}}