{"id":62624,"date":"2026-01-28T14:18:43","date_gmt":"2026-01-28T13:18:43","guid":{"rendered":"https:\/\/vitalstoffversand.com\/?post_type=product&#038;p=62624"},"modified":"2026-03-21T15:52:15","modified_gmt":"2026-03-21T14:52:15","slug":"vit4ever-shilajit-mumijo-180-capsulas-kopie","status":"publish","type":"product","link":"https:\/\/vitalstoffversand.com\/pt-pt\/produto\/vit4ever-shilajit-mumijo-180-capsulas-kopie\/","title":{"rendered":"Vit4ever <br>Shilajit Mumijo &#8211; 300 c\u00e1psulas"},"content":{"rendered":"<p>Shilajit Mumijo \u00e9 uma resina mineral natural proveniente das montanhas dos Himalaias.<\/p>\n<p>O Mumijo faz parte da medicina ayurv\u00e9dica e \u00e9 utilizado na medicina popular da \u00c1sia Central h\u00e1 milhares de anos como rem\u00e9dio e t\u00f3nico.<\/p>\n<ul>\n<li>Vegano<\/li>\n<li>Sem gl\u00faten<\/li>\n<li>Sem lactose<\/li>\n<li>Sem OGM<\/li>\n<li>Produzido de acordo com rigorosos padr\u00f5es de qualidade da UE<\/li>\n<\/ul>\n","protected":false},"excerpt":{"rendered":"<p>Shilajit Mumijo \u00e9 uma resina mineral natural proveniente das montanhas dos Himalaias. O Mumijo faz parte da medicina ayurv\u00e9dica e \u00e9 utilizado na medicina popular da \u00c1sia Central h\u00e1 milhares de anos como rem\u00e9dio e t\u00f3nico. Vegano Sem gl\u00faten Sem lactose Sem OGM Produzido de acordo com rigorosos padr\u00f5es de qualidade da UE<\/p>\n","protected":false},"featured_media":55210,"template":"","meta":{"_acf_changed":false},"product_brand":[10221],"product_cat":[559,537],"product_tag":[],"class_list":{"0":"post-62624","1":"product","2":"type-product","3":"status-publish","4":"has-post-thumbnail","6":"product_brand-vit4ever-pt-pt","7":"product_cat-nutrientes","8":"product_cat-produtos-de-a-z","10":"first","11":"outofstock","12":"taxable","13":"shipping-taxable","14":"purchasable","15":"product-type-simple"},"acf":[],"_links":{"self":[{"href":"https:\/\/vitalstoffversand.com\/pt-pt\/wp-json\/wp\/v2\/product\/62624","targetHints":{"allow":["GET"]}}],"collection":[{"href":"https:\/\/vitalstoffversand.com\/pt-pt\/wp-json\/wp\/v2\/product"}],"about":[{"href":"https:\/\/vitalstoffversand.com\/pt-pt\/wp-json\/wp\/v2\/types\/product"}],"wp:featuredmedia":[{"embeddable":true,"href":"https:\/\/vitalstoffversand.com\/pt-pt\/wp-json\/wp\/v2\/media\/55210"}],"wp:attachment":[{"href":"https:\/\/vitalstoffversand.com\/pt-pt\/wp-json\/wp\/v2\/media?parent=62624"}],"wp:term":[{"taxonomy":"product_brand","embeddable":true,"href":"https:\/\/vitalstoffversand.com\/pt-pt\/wp-json\/wp\/v2\/product_brand?post=62624"},{"taxonomy":"product_cat","embeddable":true,"href":"https:\/\/vitalstoffversand.com\/pt-pt\/wp-json\/wp\/v2\/product_cat?post=62624"},{"taxonomy":"product_tag","embeddable":true,"href":"https:\/\/vitalstoffversand.com\/pt-pt\/wp-json\/wp\/v2\/product_tag?post=62624"}],"curies":[{"name":"wp","href":"https:\/\/api.w.org\/{rel}","templated":true}]}}