{"id":60950,"date":"2025-11-14T12:32:22","date_gmt":"2025-11-14T11:32:22","guid":{"rendered":"https:\/\/vitalstoffversand.com\/?post_type=product&#038;p=60950"},"modified":"2026-03-21T15:52:49","modified_gmt":"2026-03-21T14:52:49","slug":"gen-l-taurina-500-g-kopie","status":"publish","type":"product","link":"https:\/\/vitalstoffversand.com\/pt-pt\/produto\/gen-l-taurina-500-g-kopie\/","title":{"rendered":"GEN <br>L-Tirosina Ultra &#8211; 365 c\u00e1psulas"},"content":{"rendered":"<p>A L-tirosina pertence ao grupo dos amino\u00e1cidos proteinog\u00e9nicos e \u00e9 produzida no organismo a partir do amino\u00e1cido essencial fenilalanina.<\/p>\n<p>A tirosina pode ser combinada com outros amino\u00e1cidos ou produtos pr\u00e9-treino.<\/p>\n<ul>\n<li>Sem gl\u00faten<\/li>\n<li>Sem lactose<\/li>\n<li>Sem OGM<\/li>\n<li>Produzido de acordo com rigorosos padr\u00f5es de qualidade da UE<\/li>\n<\/ul>\n","protected":false},"excerpt":{"rendered":"<p>A L-tirosina pertence ao grupo dos amino\u00e1cidos proteinog\u00e9nicos e \u00e9 produzida no organismo a partir do amino\u00e1cido essencial fenilalanina. A tirosina pode ser combinada com outros amino\u00e1cidos ou produtos pr\u00e9-treino. Sem gl\u00faten Sem lactose Sem OGM Produzido de acordo com rigorosos padr\u00f5es de qualidade da UE<\/p>\n","protected":false},"featured_media":60962,"template":"","meta":{"_acf_changed":false},"product_brand":[10200],"product_cat":[551,537],"product_tag":[],"class_list":{"0":"post-60950","1":"product","2":"type-product","3":"status-publish","4":"has-post-thumbnail","6":"product_brand-gen-german-elite-nutrition-pt-pt","7":"product_cat-aminoacidos-pt","8":"product_cat-produtos-de-a-z","10":"first","11":"instock","12":"taxable","13":"shipping-taxable","14":"purchasable","15":"product-type-simple"},"acf":[],"_links":{"self":[{"href":"https:\/\/vitalstoffversand.com\/pt-pt\/wp-json\/wp\/v2\/product\/60950","targetHints":{"allow":["GET"]}}],"collection":[{"href":"https:\/\/vitalstoffversand.com\/pt-pt\/wp-json\/wp\/v2\/product"}],"about":[{"href":"https:\/\/vitalstoffversand.com\/pt-pt\/wp-json\/wp\/v2\/types\/product"}],"wp:featuredmedia":[{"embeddable":true,"href":"https:\/\/vitalstoffversand.com\/pt-pt\/wp-json\/wp\/v2\/media\/60962"}],"wp:attachment":[{"href":"https:\/\/vitalstoffversand.com\/pt-pt\/wp-json\/wp\/v2\/media?parent=60950"}],"wp:term":[{"taxonomy":"product_brand","embeddable":true,"href":"https:\/\/vitalstoffversand.com\/pt-pt\/wp-json\/wp\/v2\/product_brand?post=60950"},{"taxonomy":"product_cat","embeddable":true,"href":"https:\/\/vitalstoffversand.com\/pt-pt\/wp-json\/wp\/v2\/product_cat?post=60950"},{"taxonomy":"product_tag","embeddable":true,"href":"https:\/\/vitalstoffversand.com\/pt-pt\/wp-json\/wp\/v2\/product_tag?post=60950"}],"curies":[{"name":"wp","href":"https:\/\/api.w.org\/{rel}","templated":true}]}}