{"id":60515,"date":"2025-09-01T18:46:00","date_gmt":"2025-09-01T16:46:00","guid":{"rendered":"https:\/\/vitalstoffversand.com\/produkt\/gen-monohidrato-de-creatina-500-g\/"},"modified":"2026-03-11T14:59:41","modified_gmt":"2026-03-11T13:59:41","slug":"gen-monohidrato-de-creatina-500-g","status":"publish","type":"product","link":"https:\/\/vitalstoffversand.com\/pt-pt\/produto\/gen-monohidrato-de-creatina-500-g\/","title":{"rendered":"GEN <br>Monohidrato de creatina &#8211; 500 g"},"content":{"rendered":"<p>Quase todos os desportistas conhecem o \u2192 monohidrato de <a href=\"https:\/\/vitalstoffversand.com\/knowledge-base\/creatin-kreatin\/\" target=\"_blank\" rel=\"noopener\"><strong><span style=\"color: #0000ff;\">creatina<\/span><\/strong><\/a>, pois muitos utilizam-no eles pr\u00f3prios ou, pelo menos, j\u00e1 ouviram falar dele.<\/p>\n<p>A creatina serve para armazenar energia no organismo e \u00e9 tamb\u00e9m produzida pelo pr\u00f3prio corpo.<\/p>\n<p>No entanto, pode fazer sentido apoiar as suas actividades desportivas atrav\u00e9s de um suplemento de creatina.<\/p>\n<ul>\n<li>Vegano<\/li>\n<li>Sem gl\u00faten<\/li>\n<li>Sem lactose<\/li>\n<li>Sem OGM<\/li>\n<li>Produzido de acordo com rigorosos padr\u00f5es de qualidade da UE<\/li>\n<\/ul>\n","protected":false},"excerpt":{"rendered":"<p>Quase todos os desportistas conhecem o \u2192 monohidrato de creatina, pois muitos utilizam-no eles pr\u00f3prios ou, pelo menos, j\u00e1 ouviram falar dele. A creatina serve para armazenar energia no organismo e \u00e9 tamb\u00e9m produzida pelo pr\u00f3prio corpo. No entanto, pode fazer sentido apoiar as suas actividades desportivas atrav\u00e9s de um suplemento de creatina. Vegano Sem [&hellip;]<\/p>\n","protected":false},"featured_media":45126,"template":"","meta":{"_acf_changed":false},"product_brand":[10200],"product_cat":[559,537],"product_tag":[],"class_list":{"0":"post-60515","1":"product","2":"type-product","3":"status-publish","4":"has-post-thumbnail","6":"product_brand-gen-german-elite-nutrition-pt-pt","7":"product_cat-nutrientes","8":"product_cat-produtos-de-a-z","10":"first","11":"outofstock","12":"taxable","13":"shipping-taxable","14":"purchasable","15":"product-type-simple"},"acf":[],"_links":{"self":[{"href":"https:\/\/vitalstoffversand.com\/pt-pt\/wp-json\/wp\/v2\/product\/60515","targetHints":{"allow":["GET"]}}],"collection":[{"href":"https:\/\/vitalstoffversand.com\/pt-pt\/wp-json\/wp\/v2\/product"}],"about":[{"href":"https:\/\/vitalstoffversand.com\/pt-pt\/wp-json\/wp\/v2\/types\/product"}],"wp:featuredmedia":[{"embeddable":true,"href":"https:\/\/vitalstoffversand.com\/pt-pt\/wp-json\/wp\/v2\/media\/45126"}],"wp:attachment":[{"href":"https:\/\/vitalstoffversand.com\/pt-pt\/wp-json\/wp\/v2\/media?parent=60515"}],"wp:term":[{"taxonomy":"product_brand","embeddable":true,"href":"https:\/\/vitalstoffversand.com\/pt-pt\/wp-json\/wp\/v2\/product_brand?post=60515"},{"taxonomy":"product_cat","embeddable":true,"href":"https:\/\/vitalstoffversand.com\/pt-pt\/wp-json\/wp\/v2\/product_cat?post=60515"},{"taxonomy":"product_tag","embeddable":true,"href":"https:\/\/vitalstoffversand.com\/pt-pt\/wp-json\/wp\/v2\/product_tag?post=60515"}],"curies":[{"name":"wp","href":"https:\/\/api.w.org\/{rel}","templated":true}]}}