{"id":43208,"date":"2025-09-01T18:52:02","date_gmt":"2025-09-01T16:52:02","guid":{"rendered":"https:\/\/vitalstoffversand.com\/produkt\/vit4ever-complexo-de-cardo-mariano-365-capsulas\/"},"modified":"2026-03-21T15:54:34","modified_gmt":"2026-03-21T14:54:34","slug":"vit4ever-complexo-de-cardo-mariano-365-capsulas","status":"publish","type":"product","link":"https:\/\/vitalstoffversand.com\/pt-pt\/produto\/vit4ever-complexo-de-cardo-mariano-365-capsulas\/","title":{"rendered":"Vit4ever <br>Complexo de cardo mariano &#8211; 365 c\u00e1psulas"},"content":{"rendered":"<p>Complexo altamente doseado e perfeitamente harmonizado de extrato de cardo mariano (80% silimarina), extrato de alcachofra (2,5% cinarina) e extrato de raiz de dente-de-le\u00e3o.<\/p>\n<p>Cont\u00e9m numerosas subst\u00e2ncias vegetais secund\u00e1rias, mucilagens, flavon\u00f3ides, vitaminas e antioxidantes naturais.<\/p>\n<p>Na naturopatia, diz-se que as tr\u00eas plantas t\u00eam efeitos positivos na sa\u00fade do f\u00edgado.<\/p>\n<ul>\n<li>Vegano<\/li>\n<li>Sem gl\u00faten<\/li>\n<li>Sem lactose<\/li>\n<li>Sem OGM<\/li>\n<li>Produzido de acordo com rigorosos padr\u00f5es de qualidade da UE<\/li>\n<\/ul>\n","protected":false},"excerpt":{"rendered":"<p>Complexo altamente doseado e perfeitamente harmonizado de extrato de cardo mariano (80% silimarina), extrato de alcachofra (2,5% cinarina) e extrato de raiz de dente-de-le\u00e3o. Cont\u00e9m numerosas subst\u00e2ncias vegetais secund\u00e1rias, mucilagens, flavon\u00f3ides, vitaminas e antioxidantes naturais. Na naturopatia, diz-se que as tr\u00eas plantas t\u00eam efeitos positivos na sa\u00fade do f\u00edgado. Vegano Sem gl\u00faten Sem lactose Sem [&hellip;]<\/p>\n","protected":false},"featured_media":54442,"template":"","meta":{"_acf_changed":false},"product_brand":[10221],"product_cat":[559,537],"product_tag":[],"class_list":{"0":"post-43208","1":"product","2":"type-product","3":"status-publish","4":"has-post-thumbnail","6":"product_brand-vit4ever-pt-pt","7":"product_cat-nutrientes","8":"product_cat-produtos-de-a-z","10":"first","11":"instock","12":"taxable","13":"shipping-taxable","14":"purchasable","15":"product-type-simple"},"acf":[],"_links":{"self":[{"href":"https:\/\/vitalstoffversand.com\/pt-pt\/wp-json\/wp\/v2\/product\/43208","targetHints":{"allow":["GET"]}}],"collection":[{"href":"https:\/\/vitalstoffversand.com\/pt-pt\/wp-json\/wp\/v2\/product"}],"about":[{"href":"https:\/\/vitalstoffversand.com\/pt-pt\/wp-json\/wp\/v2\/types\/product"}],"wp:featuredmedia":[{"embeddable":true,"href":"https:\/\/vitalstoffversand.com\/pt-pt\/wp-json\/wp\/v2\/media\/54442"}],"wp:attachment":[{"href":"https:\/\/vitalstoffversand.com\/pt-pt\/wp-json\/wp\/v2\/media?parent=43208"}],"wp:term":[{"taxonomy":"product_brand","embeddable":true,"href":"https:\/\/vitalstoffversand.com\/pt-pt\/wp-json\/wp\/v2\/product_brand?post=43208"},{"taxonomy":"product_cat","embeddable":true,"href":"https:\/\/vitalstoffversand.com\/pt-pt\/wp-json\/wp\/v2\/product_cat?post=43208"},{"taxonomy":"product_tag","embeddable":true,"href":"https:\/\/vitalstoffversand.com\/pt-pt\/wp-json\/wp\/v2\/product_tag?post=43208"}],"curies":[{"name":"wp","href":"https:\/\/api.w.org\/{rel}","templated":true}]}}