{"id":43201,"date":"2025-09-01T18:52:48","date_gmt":"2025-09-01T16:52:48","guid":{"rendered":"https:\/\/vitalstoffversand.com\/produkt\/vit4ever-nac-800-n-acetil-l-cisteina-240-capsulas\/"},"modified":"2026-03-21T15:54:28","modified_gmt":"2026-03-21T14:54:28","slug":"vit4ever-nac-800-n-acetil-l-cisteina-240-capsulas","status":"publish","type":"product","link":"https:\/\/vitalstoffversand.com\/pt-pt\/produto\/vit4ever-nac-800-n-acetil-l-cisteina-240-capsulas\/","title":{"rendered":"Vit4ever <br>NAC 600 &#8211; N-acetil L-ciste\u00edna &#8211; 240 c\u00e1psulas"},"content":{"rendered":"<p>A N-acetil-L-ciste\u00edna (tamb\u00e9m conhecida por NAC) \u00e9 a forma N-acetilada e altamente eficaz da L-ciste\u00edna e \u00e9 muito biodispon\u00edvel.<\/p>\n<p>A NAC \u00e9 mais est\u00e1vel do que a L-ciste\u00edna normal e prolonga o efeito do amino\u00e1cido na produ\u00e7\u00e3o de glutati\u00e3o, que est\u00e1 envolvido em numerosos processos importantes no organismo e tem tamb\u00e9m um efeito antioxidante.<\/p>\n<ul>\n<li>Vegano<\/li>\n<li>Sem gl\u00faten<\/li>\n<li>Sem lactose<\/li>\n<li>Sem OGM<\/li>\n<li>Produzido de acordo com rigorosos padr\u00f5es de qualidade da UE<\/li>\n<\/ul>\n","protected":false},"excerpt":{"rendered":"<p>A N-acetil-L-ciste\u00edna (tamb\u00e9m conhecida por NAC) \u00e9 a forma N-acetilada e altamente eficaz da L-ciste\u00edna e \u00e9 muito biodispon\u00edvel. A NAC \u00e9 mais est\u00e1vel do que a L-ciste\u00edna normal e prolonga o efeito do amino\u00e1cido na produ\u00e7\u00e3o de glutati\u00e3o, que est\u00e1 envolvido em numerosos processos importantes no organismo e tem tamb\u00e9m um efeito antioxidante. Vegano [&hellip;]<\/p>\n","protected":false},"featured_media":62831,"template":"","meta":{"_acf_changed":false},"product_brand":[10221],"product_cat":[559,537],"product_tag":[],"class_list":{"0":"post-43201","1":"product","2":"type-product","3":"status-publish","4":"has-post-thumbnail","6":"product_brand-vit4ever-pt-pt","7":"product_cat-nutrientes","8":"product_cat-produtos-de-a-z","10":"first","11":"instock","12":"taxable","13":"shipping-taxable","14":"purchasable","15":"product-type-simple"},"acf":[],"_links":{"self":[{"href":"https:\/\/vitalstoffversand.com\/pt-pt\/wp-json\/wp\/v2\/product\/43201","targetHints":{"allow":["GET"]}}],"collection":[{"href":"https:\/\/vitalstoffversand.com\/pt-pt\/wp-json\/wp\/v2\/product"}],"about":[{"href":"https:\/\/vitalstoffversand.com\/pt-pt\/wp-json\/wp\/v2\/types\/product"}],"wp:featuredmedia":[{"embeddable":true,"href":"https:\/\/vitalstoffversand.com\/pt-pt\/wp-json\/wp\/v2\/media\/62831"}],"wp:attachment":[{"href":"https:\/\/vitalstoffversand.com\/pt-pt\/wp-json\/wp\/v2\/media?parent=43201"}],"wp:term":[{"taxonomy":"product_brand","embeddable":true,"href":"https:\/\/vitalstoffversand.com\/pt-pt\/wp-json\/wp\/v2\/product_brand?post=43201"},{"taxonomy":"product_cat","embeddable":true,"href":"https:\/\/vitalstoffversand.com\/pt-pt\/wp-json\/wp\/v2\/product_cat?post=43201"},{"taxonomy":"product_tag","embeddable":true,"href":"https:\/\/vitalstoffversand.com\/pt-pt\/wp-json\/wp\/v2\/product_tag?post=43201"}],"curies":[{"name":"wp","href":"https:\/\/api.w.org\/{rel}","templated":true}]}}