{"id":43194,"date":"2025-09-01T18:51:49","date_gmt":"2025-09-01T16:51:49","guid":{"rendered":"https:\/\/vitalstoffversand.com\/produkt\/vit4ever-bisglicinato-de-magnesio-365-capsulas\/"},"modified":"2026-03-21T15:54:38","modified_gmt":"2026-03-21T14:54:38","slug":"vit4ever-bisglicinato-de-magnesio-365-capsulas","status":"publish","type":"product","link":"https:\/\/vitalstoffversand.com\/pt-pt\/produto\/vit4ever-bisglicinato-de-magnesio-365-capsulas\/","title":{"rendered":"Vit4ever <br>Bisglicinato de magn\u00e9sio &#8211; 365 c\u00e1psulas"},"content":{"rendered":"<p><a href=\"https:\/\/vitalstoffversand.com\/knowledge-base\/magnesium\/\" target=\"_blank\" rel=\"noopener\"><span style=\"color: #0000ff;\"><strong>\u2192 Magn\u00e9sio<\/strong><\/span><\/a> \u00e9 necess\u00e1rio para numerosas fun\u00e7\u00f5es corporais e \u00e9 um dos minerais vitais que precisamos de ingerir com a nossa alimenta\u00e7\u00e3o.<\/p>\n<p>O bisglicinato de magn\u00e9sio \u00e9 um composto de magn\u00e9sio e do amino\u00e1cido glicina.<\/p>\n<p>\u00c9 considerado particularmente f\u00e1cil de absorver e bem tolerado.<\/p>\n<ul>\n<li>Vegano<\/li>\n<li>Sem gl\u00faten<\/li>\n<li>Sem lactose<\/li>\n<li>Sem OGM<\/li>\n<li>Produzido de acordo com rigorosos padr\u00f5es de qualidade da UE<\/li>\n<\/ul>\n","protected":false},"excerpt":{"rendered":"<p>\u2192 Magn\u00e9sio \u00e9 necess\u00e1rio para numerosas fun\u00e7\u00f5es corporais e \u00e9 um dos minerais vitais que precisamos de ingerir com a nossa alimenta\u00e7\u00e3o. O bisglicinato de magn\u00e9sio \u00e9 um composto de magn\u00e9sio e do amino\u00e1cido glicina. \u00c9 considerado particularmente f\u00e1cil de absorver e bem tolerado. Vegano Sem gl\u00faten Sem lactose Sem OGM Produzido de acordo com [&hellip;]<\/p>\n","protected":false},"featured_media":54154,"template":"","meta":{"_acf_changed":false},"product_brand":[10221],"product_cat":[555,537],"product_tag":[],"class_list":{"0":"post-43194","1":"product","2":"type-product","3":"status-publish","4":"has-post-thumbnail","6":"product_brand-vit4ever-pt-pt","7":"product_cat-minerais-e-oligoelementos","8":"product_cat-produtos-de-a-z","10":"first","11":"instock","12":"taxable","13":"shipping-taxable","14":"purchasable","15":"product-type-simple"},"acf":[],"_links":{"self":[{"href":"https:\/\/vitalstoffversand.com\/pt-pt\/wp-json\/wp\/v2\/product\/43194","targetHints":{"allow":["GET"]}}],"collection":[{"href":"https:\/\/vitalstoffversand.com\/pt-pt\/wp-json\/wp\/v2\/product"}],"about":[{"href":"https:\/\/vitalstoffversand.com\/pt-pt\/wp-json\/wp\/v2\/types\/product"}],"wp:featuredmedia":[{"embeddable":true,"href":"https:\/\/vitalstoffversand.com\/pt-pt\/wp-json\/wp\/v2\/media\/54154"}],"wp:attachment":[{"href":"https:\/\/vitalstoffversand.com\/pt-pt\/wp-json\/wp\/v2\/media?parent=43194"}],"wp:term":[{"taxonomy":"product_brand","embeddable":true,"href":"https:\/\/vitalstoffversand.com\/pt-pt\/wp-json\/wp\/v2\/product_brand?post=43194"},{"taxonomy":"product_cat","embeddable":true,"href":"https:\/\/vitalstoffversand.com\/pt-pt\/wp-json\/wp\/v2\/product_cat?post=43194"},{"taxonomy":"product_tag","embeddable":true,"href":"https:\/\/vitalstoffversand.com\/pt-pt\/wp-json\/wp\/v2\/product_tag?post=43194"}],"curies":[{"name":"wp","href":"https:\/\/api.w.org\/{rel}","templated":true}]}}