{"id":43166,"date":"2025-09-01T18:56:05","date_gmt":"2025-09-01T16:56:05","guid":{"rendered":"https:\/\/vitalstoffversand.com\/produkt\/vit4ever-vitamina-d3-5000-ui-k2-180-comprimidos\/"},"modified":"2026-03-21T15:54:11","modified_gmt":"2026-03-21T14:54:11","slug":"vit4ever-vitamina-d3-5000-ui-k2-180-comprimidos","status":"publish","type":"product","link":"https:\/\/vitalstoffversand.com\/pt-pt\/produto\/vit4ever-vitamina-d3-5000-ui-k2-180-comprimidos\/","title":{"rendered":"Vit4ever <br>Vitamina D3 5000 UI + K2 &#8211; 180 comprimidos"},"content":{"rendered":"<p><a href=\"https:\/\/vitalstoffversand.com\/knowledge-base\/vitamin-d\/\" target=\"_blank\" rel=\"noopener\"><span style=\"color: #0000ff;\"><strong>\u2192 A vitamina D3<\/strong><\/span><\/a> \u00e9 muitas vezes referida como a \u201cvitamina do sol\u201d e est\u00e1 envolvida numa variedade de fun\u00e7\u00f5es no corpo.<\/p>\n<p>Otimamente suplementado com <a href=\"https:\/\/vitalstoffversand.com\/knowledge-base\/vitamin-k\/\" target=\"_blank\" rel=\"noopener\"><strong><span style=\"color: #0000ff;\">\u2192 vitamina K2<\/span><\/strong><\/a>, que \u00e9 um parceiro ideal para a vitamina D, a vitamina D3 5000 U.I. + K2 \u00e9 ideal para manter um n\u00edvel saud\u00e1vel de vitamina D no organismo.<\/p>\n<ul>\n<li>Vegetariano<\/li>\n<li>Sem gl\u00faten<\/li>\n<li>Sem lactose<\/li>\n<li>Sem OGM<\/li>\n<li>Produzido de acordo com rigorosos padr\u00f5es de qualidade da UE<\/li>\n<\/ul>\n","protected":false},"excerpt":{"rendered":"<p>\u2192 A vitamina D3 \u00e9 muitas vezes referida como a \u201cvitamina do sol\u201d e est\u00e1 envolvida numa variedade de fun\u00e7\u00f5es no corpo. Otimamente suplementado com \u2192 vitamina K2, que \u00e9 um parceiro ideal para a vitamina D, a vitamina D3 5000 U.I. + K2 \u00e9 ideal para manter um n\u00edvel saud\u00e1vel de vitamina D no [&hellip;]<\/p>\n","protected":false},"featured_media":50959,"template":"","meta":{"_acf_changed":false},"product_brand":[10221],"product_cat":[563,537],"product_tag":[],"class_list":{"0":"post-43166","1":"product","2":"type-product","3":"status-publish","4":"has-post-thumbnail","6":"product_brand-vit4ever-pt-pt","7":"product_cat-vitaminas-pt","8":"product_cat-produtos-de-a-z","10":"first","11":"outofstock","12":"taxable","13":"shipping-taxable","14":"purchasable","15":"product-type-simple"},"acf":[],"_links":{"self":[{"href":"https:\/\/vitalstoffversand.com\/pt-pt\/wp-json\/wp\/v2\/product\/43166","targetHints":{"allow":["GET"]}}],"collection":[{"href":"https:\/\/vitalstoffversand.com\/pt-pt\/wp-json\/wp\/v2\/product"}],"about":[{"href":"https:\/\/vitalstoffversand.com\/pt-pt\/wp-json\/wp\/v2\/types\/product"}],"wp:featuredmedia":[{"embeddable":true,"href":"https:\/\/vitalstoffversand.com\/pt-pt\/wp-json\/wp\/v2\/media\/50959"}],"wp:attachment":[{"href":"https:\/\/vitalstoffversand.com\/pt-pt\/wp-json\/wp\/v2\/media?parent=43166"}],"wp:term":[{"taxonomy":"product_brand","embeddable":true,"href":"https:\/\/vitalstoffversand.com\/pt-pt\/wp-json\/wp\/v2\/product_brand?post=43166"},{"taxonomy":"product_cat","embeddable":true,"href":"https:\/\/vitalstoffversand.com\/pt-pt\/wp-json\/wp\/v2\/product_cat?post=43166"},{"taxonomy":"product_tag","embeddable":true,"href":"https:\/\/vitalstoffversand.com\/pt-pt\/wp-json\/wp\/v2\/product_tag?post=43166"}],"curies":[{"name":"wp","href":"https:\/\/api.w.org\/{rel}","templated":true}]}}