{"id":43096,"date":"2025-09-01T18:47:30","date_gmt":"2025-09-01T16:47:30","guid":{"rendered":"https:\/\/vitalstoffversand.com\/produkt\/vit4ever-curcuma-organica-365-capsulas\/"},"modified":"2026-03-12T17:05:15","modified_gmt":"2026-03-12T16:05:15","slug":"vit4ever-curcuma-organica-365-capsulas","status":"publish","type":"product","link":"https:\/\/vitalstoffversand.com\/pt-pt\/produto\/vit4ever-curcuma-organica-365-capsulas\/","title":{"rendered":"Vit4ever <br>C\u00farcuma org\u00e2nica + piperina org\u00e2nica &#8211; 365 c\u00e1psulas"},"content":{"rendered":"<p>A medicina indiana Ayurveda utiliza a curcuma como suplemento alimentar h\u00e1 mais de 5000 anos.<\/p>\n<p>Neste produto, a piperina (extrato de pimenta preta) aumenta muitas vezes a biodisponibilidade da curcuma, que, para al\u00e9m da curcumina, cont\u00e9m tamb\u00e9m outros ingredientes valiosos.<\/p>\n<ul>\n<li>Vegano<\/li>\n<li>Sem gl\u00faten<\/li>\n<li>Sem lactose<\/li>\n<li>Sem OGM<\/li>\n<li>Produzido de acordo com rigorosos padr\u00f5es de qualidade da UE<\/li>\n<\/ul>\n","protected":false},"excerpt":{"rendered":"<p>A medicina indiana Ayurveda utiliza a curcuma como suplemento alimentar h\u00e1 mais de 5000 anos. Neste produto, a piperina (extrato de pimenta preta) aumenta muitas vezes a biodisponibilidade da curcuma, que, para al\u00e9m da curcumina, cont\u00e9m tamb\u00e9m outros ingredientes valiosos. Vegano Sem gl\u00faten Sem lactose Sem OGM Produzido de acordo com rigorosos padr\u00f5es de qualidade [&hellip;]<\/p>\n","protected":false},"featured_media":50095,"template":"","meta":{"_acf_changed":false},"product_brand":[10221],"product_cat":[559,537],"product_tag":[],"class_list":{"0":"post-43096","1":"product","2":"type-product","3":"status-publish","4":"has-post-thumbnail","6":"product_brand-vit4ever-pt-pt","7":"product_cat-nutrientes","8":"product_cat-produtos-de-a-z","10":"first","11":"instock","12":"taxable","13":"shipping-taxable","14":"purchasable","15":"product-type-simple"},"acf":[],"_links":{"self":[{"href":"https:\/\/vitalstoffversand.com\/pt-pt\/wp-json\/wp\/v2\/product\/43096","targetHints":{"allow":["GET"]}}],"collection":[{"href":"https:\/\/vitalstoffversand.com\/pt-pt\/wp-json\/wp\/v2\/product"}],"about":[{"href":"https:\/\/vitalstoffversand.com\/pt-pt\/wp-json\/wp\/v2\/types\/product"}],"wp:featuredmedia":[{"embeddable":true,"href":"https:\/\/vitalstoffversand.com\/pt-pt\/wp-json\/wp\/v2\/media\/50095"}],"wp:attachment":[{"href":"https:\/\/vitalstoffversand.com\/pt-pt\/wp-json\/wp\/v2\/media?parent=43096"}],"wp:term":[{"taxonomy":"product_brand","embeddable":true,"href":"https:\/\/vitalstoffversand.com\/pt-pt\/wp-json\/wp\/v2\/product_brand?post=43096"},{"taxonomy":"product_cat","embeddable":true,"href":"https:\/\/vitalstoffversand.com\/pt-pt\/wp-json\/wp\/v2\/product_cat?post=43096"},{"taxonomy":"product_tag","embeddable":true,"href":"https:\/\/vitalstoffversand.com\/pt-pt\/wp-json\/wp\/v2\/product_tag?post=43096"}],"curies":[{"name":"wp","href":"https:\/\/api.w.org\/{rel}","templated":true}]}}