{"id":40645,"date":"2025-08-15T15:21:25","date_gmt":"2025-08-15T13:21:25","guid":{"rendered":"https:\/\/vitalstoffversand.com\/?post_type=product&#038;p=40645"},"modified":"2026-03-16T15:04:35","modified_gmt":"2026-03-16T14:04:35","slug":"vit4ever-lactase-depot-diferentes-versoes-kopie","status":"publish","type":"product","link":"https:\/\/vitalstoffversand.com\/pt-pt\/produto\/vit4ever-lactase-depot-diferentes-versoes-kopie\/","title":{"rendered":"Vit4ever <br>Lactase Depot 22000 &#8211; 365 comprimidos"},"content":{"rendered":"<p>O Regulamento Europeu relativo \u00e0s alega\u00e7\u00f5es de sa\u00fade confirma que a <a href=\"https:\/\/vitalstoffversand.com\/knowledge-base\/lactase\/\" target=\"_blank\" rel=\"noopener\"><strong><span style=\"color: #0000ff;\">\u2192 lactase<\/span><\/strong><\/a> melhora a digest\u00e3o da lactose em pessoas com problemas digestivos.<\/p>\n<p>A intoler\u00e2ncia \u00e0 lactose \u00e9 uma rea\u00e7\u00e3o de intoler\u00e2ncia provocada pelo consumo de lactose (a\u00e7\u00facar do leite), presente principalmente no leite e nos produtos l\u00e1cteos.<\/p>\n<p>A lactase \u00e9 uma enzima que decomp\u00f5e a lactose no intestino. Desta forma, evita-se dist\u00farbios no trato digestivo.<\/p>\n<p>Com 22 000 unidades FCC, estes comprimidos oferecem um fornecimento elevado de lactase.<\/p>\n<ul>\n<li>Vegano<\/li>\n<li>Sem gl\u00faten<\/li>\n<li>Sem lactose<\/li>\n<li>Sem OGM<\/li>\n<li>Produzido de acordo com rigorosos padr\u00f5es de qualidade da UE<\/li>\n<\/ul>\n","protected":false},"excerpt":{"rendered":"<p>O Regulamento Europeu relativo \u00e0s alega\u00e7\u00f5es de sa\u00fade confirma que a \u2192 lactase melhora a digest\u00e3o da lactose em pessoas com problemas digestivos. A intoler\u00e2ncia \u00e0 lactose \u00e9 uma rea\u00e7\u00e3o de intoler\u00e2ncia provocada pelo consumo de lactose (a\u00e7\u00facar do leite), presente principalmente no leite e nos produtos l\u00e1cteos. A lactase \u00e9 uma enzima que decomp\u00f5e [&hellip;]<\/p>\n","protected":false},"featured_media":55874,"template":"","meta":{"_acf_changed":false},"product_brand":[10221],"product_cat":[559,537],"product_tag":[],"class_list":{"0":"post-40645","1":"product","2":"type-product","3":"status-publish","4":"has-post-thumbnail","6":"product_brand-vit4ever-pt-pt","7":"product_cat-nutrientes","8":"product_cat-produtos-de-a-z","10":"first","11":"instock","12":"taxable","13":"shipping-taxable","14":"purchasable","15":"product-type-simple"},"acf":[],"_links":{"self":[{"href":"https:\/\/vitalstoffversand.com\/pt-pt\/wp-json\/wp\/v2\/product\/40645","targetHints":{"allow":["GET"]}}],"collection":[{"href":"https:\/\/vitalstoffversand.com\/pt-pt\/wp-json\/wp\/v2\/product"}],"about":[{"href":"https:\/\/vitalstoffversand.com\/pt-pt\/wp-json\/wp\/v2\/types\/product"}],"wp:featuredmedia":[{"embeddable":true,"href":"https:\/\/vitalstoffversand.com\/pt-pt\/wp-json\/wp\/v2\/media\/55874"}],"wp:attachment":[{"href":"https:\/\/vitalstoffversand.com\/pt-pt\/wp-json\/wp\/v2\/media?parent=40645"}],"wp:term":[{"taxonomy":"product_brand","embeddable":true,"href":"https:\/\/vitalstoffversand.com\/pt-pt\/wp-json\/wp\/v2\/product_brand?post=40645"},{"taxonomy":"product_cat","embeddable":true,"href":"https:\/\/vitalstoffversand.com\/pt-pt\/wp-json\/wp\/v2\/product_cat?post=40645"},{"taxonomy":"product_tag","embeddable":true,"href":"https:\/\/vitalstoffversand.com\/pt-pt\/wp-json\/wp\/v2\/product_tag?post=40645"}],"curies":[{"name":"wp","href":"https:\/\/api.w.org\/{rel}","templated":true}]}}