{"id":39121,"date":"2025-06-11T14:37:47","date_gmt":"2025-06-11T12:37:47","guid":{"rendered":"https:\/\/vitalstoffversand.com\/?post_type=product&#038;p=39121"},"modified":"2026-03-12T14:15:47","modified_gmt":"2026-03-12T13:15:47","slug":"vit4ever-extrato-de-passiflora-240-capsulas-kopie","status":"publish","type":"product","link":"https:\/\/vitalstoffversand.com\/pt-pt\/produto\/vit4ever-extrato-de-passiflora-240-capsulas-kopie\/","title":{"rendered":"Vit4ever <br>Rutina &#8211; 180 c\u00e1psulas"},"content":{"rendered":"<p>A rutina \u00e9 uma subst\u00e2ncia vegetal secund\u00e1ria do grupo dos flavon\u00f3ides e \u00e9 apreciada h\u00e1 s\u00e9culos na fitoterapia tradicional do Leste Asi\u00e1tico.<\/p>\n<p>A rutina \u00e9 extra\u00edda da \u00e1rvore japonesa Sophora japonica.<\/p>\n<ul>\n<li>Vegano<\/li>\n<li>Sem gl\u00faten<\/li>\n<li>Sem lactose<\/li>\n<li>Sem OGM<\/li>\n<li>Produzido de acordo com rigorosos padr\u00f5es de qualidade da UE<\/li>\n<\/ul>\n","protected":false},"excerpt":{"rendered":"<p>A rutina \u00e9 uma subst\u00e2ncia vegetal secund\u00e1ria do grupo dos flavon\u00f3ides e \u00e9 apreciada h\u00e1 s\u00e9culos na fitoterapia tradicional do Leste Asi\u00e1tico. A rutina \u00e9 extra\u00edda da \u00e1rvore japonesa Sophora japonica. Vegano Sem gl\u00faten Sem lactose Sem OGM Produzido de acordo com rigorosos padr\u00f5es de qualidade da UE<\/p>\n","protected":false},"featured_media":49215,"template":"","meta":{"_acf_changed":false},"product_brand":[10221],"product_cat":[559,537],"product_tag":[],"class_list":{"0":"post-39121","1":"product","2":"type-product","3":"status-publish","4":"has-post-thumbnail","6":"product_brand-vit4ever-pt-pt","7":"product_cat-nutrientes","8":"product_cat-produtos-de-a-z","10":"first","11":"instock","12":"taxable","13":"shipping-taxable","14":"purchasable","15":"product-type-simple"},"acf":[],"_links":{"self":[{"href":"https:\/\/vitalstoffversand.com\/pt-pt\/wp-json\/wp\/v2\/product\/39121","targetHints":{"allow":["GET"]}}],"collection":[{"href":"https:\/\/vitalstoffversand.com\/pt-pt\/wp-json\/wp\/v2\/product"}],"about":[{"href":"https:\/\/vitalstoffversand.com\/pt-pt\/wp-json\/wp\/v2\/types\/product"}],"wp:featuredmedia":[{"embeddable":true,"href":"https:\/\/vitalstoffversand.com\/pt-pt\/wp-json\/wp\/v2\/media\/49215"}],"wp:attachment":[{"href":"https:\/\/vitalstoffversand.com\/pt-pt\/wp-json\/wp\/v2\/media?parent=39121"}],"wp:term":[{"taxonomy":"product_brand","embeddable":true,"href":"https:\/\/vitalstoffversand.com\/pt-pt\/wp-json\/wp\/v2\/product_brand?post=39121"},{"taxonomy":"product_cat","embeddable":true,"href":"https:\/\/vitalstoffversand.com\/pt-pt\/wp-json\/wp\/v2\/product_cat?post=39121"},{"taxonomy":"product_tag","embeddable":true,"href":"https:\/\/vitalstoffversand.com\/pt-pt\/wp-json\/wp\/v2\/product_tag?post=39121"}],"curies":[{"name":"wp","href":"https:\/\/api.w.org\/{rel}","templated":true}]}}