{"id":27347,"date":"2025-01-14T11:23:59","date_gmt":"2025-01-14T10:23:59","guid":{"rendered":"https:\/\/vitalstoffversand.com\/produkt\/vit4ever-oleo-de-cominho-preto-biologico-240-capsulas\/"},"modified":"2026-03-16T16:14:44","modified_gmt":"2026-03-16T15:14:44","slug":"vit4ever-oleo-de-cominho-preto-biologico-240-capsulas","status":"publish","type":"product","link":"https:\/\/vitalstoffversand.com\/pt-pt\/produto\/vit4ever-oleo-de-cominho-preto-biologico-240-capsulas\/","title":{"rendered":"Vit4ever <br>\u00d3leo de cominho preto biol\u00f3gico &#8211; 240 c\u00e1psulas"},"content":{"rendered":"<div id=\"tab-description\" class=\"woocommerce-Tabs-panel woocommerce-Tabs-panel--description panel entry-content wc-tab\" role=\"tabpanel\" aria-labelledby=\"tab-title-description\">O \u00f3leo de cominho preto biol\u00f3gico \u00e9 obtido por prensagem a frio e \u00e9 um tempero popular n\u00e3o s\u00f3 devido ao seu elevado teor de \u00e1cido linoleico.<\/div>\n<div role=\"tabpanel\" aria-labelledby=\"tab-title-description\"><\/div>\n<div role=\"tabpanel\" aria-labelledby=\"tab-title-description\">Oferece uma variedade de nutrientes saud\u00e1veis e est\u00e1 a tornar-se cada vez mais popular na Europa.<\/div>\n<div role=\"tabpanel\" aria-labelledby=\"tab-title-description\"><\/div>\n<div class=\"woocommerce-Tabs-panel woocommerce-Tabs-panel--description panel entry-content wc-tab\" role=\"tabpanel\" aria-labelledby=\"tab-title-description\">\n<ul>\n<li>Vegano<\/li>\n<li>Sem gl\u00faten<\/li>\n<li>Sem lactose<\/li>\n<li>Sem OGM<\/li>\n<li>Produzido de acordo com rigorosos padr\u00f5es de qualidade da UE<\/li>\n<\/ul>\n<\/div>\n","protected":false},"excerpt":{"rendered":"<p>O \u00f3leo de cominho preto biol\u00f3gico \u00e9 obtido por prensagem a frio e \u00e9 um tempero popular n\u00e3o s\u00f3 devido ao seu elevado teor de \u00e1cido linoleico. Oferece uma variedade de nutrientes saud\u00e1veis e est\u00e1 a tornar-se cada vez mais popular na Europa. Vegano Sem gl\u00faten Sem lactose Sem OGM Produzido de acordo com rigorosos [&hellip;]<\/p>\n","protected":false},"featured_media":56762,"template":"","meta":{"_acf_changed":false},"product_brand":[10221],"product_cat":[554,538,537],"product_tag":[],"class_list":{"0":"post-27347","1":"product","2":"type-product","3":"status-publish","4":"has-post-thumbnail","6":"product_brand-vit4ever-pt-pt","7":"product_cat-acidos-gordos","8":"product_cat-organico-pt","9":"product_cat-produtos-de-a-z","11":"first","12":"instock","13":"taxable","14":"shipping-taxable","15":"purchasable","16":"product-type-simple"},"acf":[],"_links":{"self":[{"href":"https:\/\/vitalstoffversand.com\/pt-pt\/wp-json\/wp\/v2\/product\/27347","targetHints":{"allow":["GET"]}}],"collection":[{"href":"https:\/\/vitalstoffversand.com\/pt-pt\/wp-json\/wp\/v2\/product"}],"about":[{"href":"https:\/\/vitalstoffversand.com\/pt-pt\/wp-json\/wp\/v2\/types\/product"}],"wp:featuredmedia":[{"embeddable":true,"href":"https:\/\/vitalstoffversand.com\/pt-pt\/wp-json\/wp\/v2\/media\/56762"}],"wp:attachment":[{"href":"https:\/\/vitalstoffversand.com\/pt-pt\/wp-json\/wp\/v2\/media?parent=27347"}],"wp:term":[{"taxonomy":"product_brand","embeddable":true,"href":"https:\/\/vitalstoffversand.com\/pt-pt\/wp-json\/wp\/v2\/product_brand?post=27347"},{"taxonomy":"product_cat","embeddable":true,"href":"https:\/\/vitalstoffversand.com\/pt-pt\/wp-json\/wp\/v2\/product_cat?post=27347"},{"taxonomy":"product_tag","embeddable":true,"href":"https:\/\/vitalstoffversand.com\/pt-pt\/wp-json\/wp\/v2\/product_tag?post=27347"}],"curies":[{"name":"wp","href":"https:\/\/api.w.org\/{rel}","templated":true}]}}