{"id":27341,"date":"2024-11-11T14:25:30","date_gmt":"2024-11-11T13:25:30","guid":{"rendered":"https:\/\/vitalstoffversand.com\/produkt\/vit4ever-coral-marinho-sango-240-capsulas\/"},"modified":"2026-03-16T16:03:36","modified_gmt":"2026-03-16T15:03:36","slug":"vit4ever-coral-marinho-sango-240-capsulas","status":"publish","type":"product","link":"https:\/\/vitalstoffversand.com\/pt-pt\/produto\/vit4ever-coral-marinho-sango-240-capsulas\/","title":{"rendered":"Vit4ever <br>Coral marinho Sango &#8211; 240 c\u00e1psulas"},"content":{"rendered":"<p>O coral Sango de Okinawa \u00e9 uma fonte natural de minerais e fornece <a href=\"https:\/\/vitalstoffversand.com\/knowledge-base\/calcium\/\" target=\"_blank\" rel=\"noopener\"><strong><span style=\"color: #0000ff;\">\u2192 c\u00e1lcio<\/span><\/strong><\/a> e <a href=\"https:\/\/vitalstoffversand.com\/knowledge-base\/magnesium\/\" target=\"_blank\" rel=\"noopener\"><span style=\"color: #0000ff;\"><strong>\u2192 magn\u00e9sio<\/strong><\/span><\/a>, bem como mais de 70 minerais essenciais e oligoelementos, incluindo ferro, sil\u00edcio, cr\u00f3mio, enxofre e iodo natural.<\/p>\n<p>O r\u00e1cio de c\u00e1lcio (20%) e magn\u00e9sio (10%) corresponde idealmente ao r\u00e1cio do pr\u00f3prio organismo de 2:1.<\/p>\n<p>N\u00e3o h\u00e1 sobre-explora\u00e7\u00e3o dos recifes de coral vivos e o produto \u00e9 100% isento de radia\u00e7\u00e3o radioactiva.<\/p>\n<ul>\n<li>Vegano<\/li>\n<li>Sem gl\u00faten<\/li>\n<li>Sem lactose<\/li>\n<li>Sem OGM<\/li>\n<li>Produzido de acordo com rigorosos padr\u00f5es de qualidade da UE<\/li>\n<\/ul>\n","protected":false},"excerpt":{"rendered":"<p>O coral Sango de Okinawa \u00e9 uma fonte natural de minerais e fornece \u2192 c\u00e1lcio e \u2192 magn\u00e9sio, bem como mais de 70 minerais essenciais e oligoelementos, incluindo ferro, sil\u00edcio, cr\u00f3mio, enxofre e iodo natural. O r\u00e1cio de c\u00e1lcio (20%) e magn\u00e9sio (10%) corresponde idealmente ao r\u00e1cio do pr\u00f3prio organismo de 2:1. N\u00e3o h\u00e1 sobre-explora\u00e7\u00e3o [&hellip;]<\/p>\n","protected":false},"featured_media":56682,"template":"","meta":{"_acf_changed":false},"product_brand":[10221],"product_cat":[555,537],"product_tag":[],"class_list":{"0":"post-27341","1":"product","2":"type-product","3":"status-publish","4":"has-post-thumbnail","6":"product_brand-vit4ever-pt-pt","7":"product_cat-minerais-e-oligoelementos","8":"product_cat-produtos-de-a-z","10":"first","11":"instock","12":"taxable","13":"shipping-taxable","14":"purchasable","15":"product-type-simple"},"acf":[],"_links":{"self":[{"href":"https:\/\/vitalstoffversand.com\/pt-pt\/wp-json\/wp\/v2\/product\/27341","targetHints":{"allow":["GET"]}}],"collection":[{"href":"https:\/\/vitalstoffversand.com\/pt-pt\/wp-json\/wp\/v2\/product"}],"about":[{"href":"https:\/\/vitalstoffversand.com\/pt-pt\/wp-json\/wp\/v2\/types\/product"}],"wp:featuredmedia":[{"embeddable":true,"href":"https:\/\/vitalstoffversand.com\/pt-pt\/wp-json\/wp\/v2\/media\/56682"}],"wp:attachment":[{"href":"https:\/\/vitalstoffversand.com\/pt-pt\/wp-json\/wp\/v2\/media?parent=27341"}],"wp:term":[{"taxonomy":"product_brand","embeddable":true,"href":"https:\/\/vitalstoffversand.com\/pt-pt\/wp-json\/wp\/v2\/product_brand?post=27341"},{"taxonomy":"product_cat","embeddable":true,"href":"https:\/\/vitalstoffversand.com\/pt-pt\/wp-json\/wp\/v2\/product_cat?post=27341"},{"taxonomy":"product_tag","embeddable":true,"href":"https:\/\/vitalstoffversand.com\/pt-pt\/wp-json\/wp\/v2\/product_tag?post=27341"}],"curies":[{"name":"wp","href":"https:\/\/api.w.org\/{rel}","templated":true}]}}