{"id":27338,"date":"2025-01-05T16:11:26","date_gmt":"2025-01-05T15:11:26","guid":{"rendered":"https:\/\/vitalstoffversand.com\/produkt\/vit4ever-lecitina-300-capsulas\/"},"modified":"2026-03-16T15:53:54","modified_gmt":"2026-03-16T14:53:54","slug":"vit4ever-lecitina-300-capsulas","status":"publish","type":"product","link":"https:\/\/vitalstoffversand.com\/pt-pt\/produto\/vit4ever-lecitina-300-capsulas\/","title":{"rendered":"Vit4ever <br>Lecitina &#8211; 300 c\u00e1psulas"},"content":{"rendered":"<div id=\"tab-description\" class=\"woocommerce-Tabs-panel woocommerce-Tabs-panel--description panel entry-content wc-tab\" role=\"tabpanel\" aria-labelledby=\"tab-title-description\">\n<p>As c\u00e1psulas de lecitina de soja de Vit4ever caracterizam-se por um teor elevado e diferenciado de fosfatidos (fosfatidilcolina, fosfatidiletanolamina, fosfatidilinositol, \u00e1cido fosf\u00e1tico).<\/p>\n<p>A lecitina \u00e9 uma fonte valiosa de fosfol\u00edpidos e \u00e9 tamb\u00e9m conhecida pela sua propriedade como emulsionante, ou seja, pode ligar as gorduras \u00e0 \u00e1gua.<\/p>\n<ul>\n<li>Sem gl\u00faten<\/li>\n<li>Sem lactose<\/li>\n<li>Sem OGM<\/li>\n<li>Produzido de acordo com rigorosos padr\u00f5es de qualidade da UE<\/li>\n<\/ul>\n<\/div>\n","protected":false},"excerpt":{"rendered":"<p>As c\u00e1psulas de lecitina de soja de Vit4ever caracterizam-se por um teor elevado e diferenciado de fosfatidos (fosfatidilcolina, fosfatidiletanolamina, fosfatidilinositol, \u00e1cido fosf\u00e1tico). A lecitina \u00e9 uma fonte valiosa de fosfol\u00edpidos e \u00e9 tamb\u00e9m conhecida pela sua propriedade como emulsionante, ou seja, pode ligar as gorduras \u00e0 \u00e1gua. Sem gl\u00faten Sem lactose Sem OGM Produzido de [&hellip;]<\/p>\n","protected":false},"featured_media":56562,"template":"","meta":{"_acf_changed":false},"product_brand":[10221],"product_cat":[559,537],"product_tag":[],"class_list":{"0":"post-27338","1":"product","2":"type-product","3":"status-publish","4":"has-post-thumbnail","6":"product_brand-vit4ever-pt-pt","7":"product_cat-nutrientes","8":"product_cat-produtos-de-a-z","10":"first","11":"instock","12":"taxable","13":"shipping-taxable","14":"purchasable","15":"product-type-simple"},"acf":[],"_links":{"self":[{"href":"https:\/\/vitalstoffversand.com\/pt-pt\/wp-json\/wp\/v2\/product\/27338","targetHints":{"allow":["GET"]}}],"collection":[{"href":"https:\/\/vitalstoffversand.com\/pt-pt\/wp-json\/wp\/v2\/product"}],"about":[{"href":"https:\/\/vitalstoffversand.com\/pt-pt\/wp-json\/wp\/v2\/types\/product"}],"wp:featuredmedia":[{"embeddable":true,"href":"https:\/\/vitalstoffversand.com\/pt-pt\/wp-json\/wp\/v2\/media\/56562"}],"wp:attachment":[{"href":"https:\/\/vitalstoffversand.com\/pt-pt\/wp-json\/wp\/v2\/media?parent=27338"}],"wp:term":[{"taxonomy":"product_brand","embeddable":true,"href":"https:\/\/vitalstoffversand.com\/pt-pt\/wp-json\/wp\/v2\/product_brand?post=27338"},{"taxonomy":"product_cat","embeddable":true,"href":"https:\/\/vitalstoffversand.com\/pt-pt\/wp-json\/wp\/v2\/product_cat?post=27338"},{"taxonomy":"product_tag","embeddable":true,"href":"https:\/\/vitalstoffversand.com\/pt-pt\/wp-json\/wp\/v2\/product_tag?post=27338"}],"curies":[{"name":"wp","href":"https:\/\/api.w.org\/{rel}","templated":true}]}}