{"id":27320,"date":"2024-12-16T16:00:54","date_gmt":"2024-12-16T15:00:54","guid":{"rendered":"https:\/\/vitalstoffversand.com\/produkt\/vit4ever-colagenio-marinho-peixe-300-comprimidos\/"},"modified":"2026-03-16T15:47:09","modified_gmt":"2026-03-16T14:47:09","slug":"vit4ever-colagenio-marinho-peixe-300-comprimidos","status":"publish","type":"product","link":"https:\/\/vitalstoffversand.com\/pt-pt\/produto\/vit4ever-colagenio-marinho-peixe-300-comprimidos\/","title":{"rendered":"Vit4ever <br>Colag\u00e9nio marinho (peixe) &#8211; 300 comprimidos"},"content":{"rendered":"<p>Os p\u00e9ptidos de colag\u00e9nio (hidrolisados) de peixe fornecem colag\u00e9nio de tipo I e t\u00eam uma excelente biodisponibilidade e efic\u00e1cia.<\/p>\n<p>Apoia a pele, o cabelo, as articula\u00e7\u00f5es, a cartilagem e o tecido conjuntivo.<\/p>\n<ul>\n<li>Sem gl\u00faten<\/li>\n<li>Sem lactose<\/li>\n<li>Sem OGM<\/li>\n<li>Produzido de acordo com rigorosos padr\u00f5es de qualidade da UE<\/li>\n<\/ul>\n","protected":false},"excerpt":{"rendered":"<p>Os p\u00e9ptidos de colag\u00e9nio (hidrolisados) de peixe fornecem colag\u00e9nio de tipo I e t\u00eam uma excelente biodisponibilidade e efic\u00e1cia. Apoia a pele, o cabelo, as articula\u00e7\u00f5es, a cartilagem e o tecido conjuntivo. Sem gl\u00faten Sem lactose Sem OGM Produzido de acordo com rigorosos padr\u00f5es de qualidade da UE<\/p>\n","protected":false},"featured_media":56362,"template":"","meta":{"_acf_changed":false},"product_brand":[10221],"product_cat":[558,537],"product_tag":[],"class_list":{"0":"post-27320","1":"product","2":"type-product","3":"status-publish","4":"has-post-thumbnail","6":"product_brand-vit4ever-pt-pt","7":"product_cat-proteinas-pt","8":"product_cat-produtos-de-a-z","10":"first","11":"instock","12":"taxable","13":"shipping-taxable","14":"purchasable","15":"product-type-simple"},"acf":[],"_links":{"self":[{"href":"https:\/\/vitalstoffversand.com\/pt-pt\/wp-json\/wp\/v2\/product\/27320","targetHints":{"allow":["GET"]}}],"collection":[{"href":"https:\/\/vitalstoffversand.com\/pt-pt\/wp-json\/wp\/v2\/product"}],"about":[{"href":"https:\/\/vitalstoffversand.com\/pt-pt\/wp-json\/wp\/v2\/types\/product"}],"wp:featuredmedia":[{"embeddable":true,"href":"https:\/\/vitalstoffversand.com\/pt-pt\/wp-json\/wp\/v2\/media\/56362"}],"wp:attachment":[{"href":"https:\/\/vitalstoffversand.com\/pt-pt\/wp-json\/wp\/v2\/media?parent=27320"}],"wp:term":[{"taxonomy":"product_brand","embeddable":true,"href":"https:\/\/vitalstoffversand.com\/pt-pt\/wp-json\/wp\/v2\/product_brand?post=27320"},{"taxonomy":"product_cat","embeddable":true,"href":"https:\/\/vitalstoffversand.com\/pt-pt\/wp-json\/wp\/v2\/product_cat?post=27320"},{"taxonomy":"product_tag","embeddable":true,"href":"https:\/\/vitalstoffversand.com\/pt-pt\/wp-json\/wp\/v2\/product_tag?post=27320"}],"curies":[{"name":"wp","href":"https:\/\/api.w.org\/{rel}","templated":true}]}}