{"id":27317,"date":"2024-12-16T15:48:19","date_gmt":"2024-12-16T14:48:19","guid":{"rendered":"https:\/\/vitalstoffversand.com\/produkt\/vit4ever-opc-vitamina-c-365-capsulas\/"},"modified":"2026-03-16T15:46:05","modified_gmt":"2026-03-16T14:46:05","slug":"vit4ever-opc-vitamina-c-365-capsulas","status":"publish","type":"product","link":"https:\/\/vitalstoffversand.com\/pt-pt\/produto\/vit4ever-opc-vitamina-c-365-capsulas\/","title":{"rendered":"Vit4ever <br>OPC + Vitamina C &#8211; 365 c\u00e1psulas"},"content":{"rendered":"<p>OPC + vitamina C \u00e9 uma combina\u00e7\u00e3o de extrato de grainha de uva, que fornece proantocianidinas oligom\u00e9ricas e <a href=\"https:\/\/vitalstoffversand.com\/knowledge-base\/vitamin-c\/\" target=\"_blank\" rel=\"noopener\"><span style=\"color: #0000ff;\"><strong>\u2192 vitamina C<\/strong><\/span><\/a> do extrato de rosa mosqueta.<\/p>\n<p>A OPC pertence aos flavon\u00f3ides, ou seja, \u00e0s subst\u00e2ncias vegetais secund\u00e1rias, e tem propriedades antioxidantes.<\/p>\n<p>A vitamina C optimiza o produto e refor\u00e7a o nosso sistema imunit\u00e1rio ao mesmo tempo.<\/p>\n<ul>\n<li>Vegano<\/li>\n<li>Sem gl\u00faten<\/li>\n<li>Sem lactose<\/li>\n<li>Sem OGM<\/li>\n<li>Produzido de acordo com rigorosos padr\u00f5es de qualidade da UE<\/li>\n<\/ul>\n","protected":false},"excerpt":{"rendered":"<p>OPC + vitamina C \u00e9 uma combina\u00e7\u00e3o de extrato de grainha de uva, que fornece proantocianidinas oligom\u00e9ricas e \u2192 vitamina C do extrato de rosa mosqueta. A OPC pertence aos flavon\u00f3ides, ou seja, \u00e0s subst\u00e2ncias vegetais secund\u00e1rias, e tem propriedades antioxidantes. A vitamina C optimiza o produto e refor\u00e7a o nosso sistema imunit\u00e1rio ao mesmo [&hellip;]<\/p>\n","protected":false},"featured_media":56322,"template":"","meta":{"_acf_changed":false},"product_brand":[10221],"product_cat":[559,537],"product_tag":[],"class_list":{"0":"post-27317","1":"product","2":"type-product","3":"status-publish","4":"has-post-thumbnail","6":"product_brand-vit4ever-pt-pt","7":"product_cat-nutrientes","8":"product_cat-produtos-de-a-z","10":"first","11":"instock","12":"taxable","13":"shipping-taxable","14":"purchasable","15":"product-type-simple"},"acf":[],"_links":{"self":[{"href":"https:\/\/vitalstoffversand.com\/pt-pt\/wp-json\/wp\/v2\/product\/27317","targetHints":{"allow":["GET"]}}],"collection":[{"href":"https:\/\/vitalstoffversand.com\/pt-pt\/wp-json\/wp\/v2\/product"}],"about":[{"href":"https:\/\/vitalstoffversand.com\/pt-pt\/wp-json\/wp\/v2\/types\/product"}],"wp:featuredmedia":[{"embeddable":true,"href":"https:\/\/vitalstoffversand.com\/pt-pt\/wp-json\/wp\/v2\/media\/56322"}],"wp:attachment":[{"href":"https:\/\/vitalstoffversand.com\/pt-pt\/wp-json\/wp\/v2\/media?parent=27317"}],"wp:term":[{"taxonomy":"product_brand","embeddable":true,"href":"https:\/\/vitalstoffversand.com\/pt-pt\/wp-json\/wp\/v2\/product_brand?post=27317"},{"taxonomy":"product_cat","embeddable":true,"href":"https:\/\/vitalstoffversand.com\/pt-pt\/wp-json\/wp\/v2\/product_cat?post=27317"},{"taxonomy":"product_tag","embeddable":true,"href":"https:\/\/vitalstoffversand.com\/pt-pt\/wp-json\/wp\/v2\/product_tag?post=27317"}],"curies":[{"name":"wp","href":"https:\/\/api.w.org\/{rel}","templated":true}]}}