{"id":27314,"date":"2025-01-06T12:58:09","date_gmt":"2025-01-06T11:58:09","guid":{"rendered":"https:\/\/vitalstoffversand.com\/produkt\/vit4ever-vitamina-b1-365-comprimidos\/"},"modified":"2026-03-16T15:38:21","modified_gmt":"2026-03-16T14:38:21","slug":"vit4ever-vitamina-b1-365-comprimidos","status":"publish","type":"product","link":"https:\/\/vitalstoffversand.com\/pt-pt\/produto\/vit4ever-vitamina-b1-365-comprimidos\/","title":{"rendered":"Vit4ever <br>Vitamina B1 &#8211; 365 comprimidos"},"content":{"rendered":"<p><a href=\"https:\/\/vitalstoffversand.com\/knowledge-base\/vitamin-b1-thiamin\/\" target=\"_blank\" rel=\"noopener\"><strong><span style=\"color: #0000ff;\">\u2192 A vitamina B1<\/span><\/strong><\/a> \u00e9 tamb\u00e9m conhecida como tiamina e \u00e9 uma vitamina hidrossol\u00favel que desempenha um papel importante no metabolismo energ\u00e9tico, no sistema nervoso, na fun\u00e7\u00e3o card\u00edaca e na psique.<\/p>\n<ul>\n<li>Vegano<\/li>\n<li>Sem gl\u00faten<\/li>\n<li>Sem lactose<\/li>\n<li>Sem OGM<\/li>\n<li>Produzido de acordo com rigorosos padr\u00f5es de qualidade da UE<\/li>\n<\/ul>\n","protected":false},"excerpt":{"rendered":"<p>\u2192 A vitamina B1 \u00e9 tamb\u00e9m conhecida como tiamina e \u00e9 uma vitamina hidrossol\u00favel que desempenha um papel importante no metabolismo energ\u00e9tico, no sistema nervoso, na fun\u00e7\u00e3o card\u00edaca e na psique. Vegano Sem gl\u00faten Sem lactose Sem OGM Produzido de acordo com rigorosos padr\u00f5es de qualidade da UE<\/p>\n","protected":false},"featured_media":56146,"template":"","meta":{"_acf_changed":false},"product_brand":[10221],"product_cat":[563,537],"product_tag":[],"class_list":{"0":"post-27314","1":"product","2":"type-product","3":"status-publish","4":"has-post-thumbnail","6":"product_brand-vit4ever-pt-pt","7":"product_cat-vitaminas-pt","8":"product_cat-produtos-de-a-z","10":"first","11":"instock","12":"taxable","13":"shipping-taxable","14":"purchasable","15":"product-type-simple"},"acf":[],"_links":{"self":[{"href":"https:\/\/vitalstoffversand.com\/pt-pt\/wp-json\/wp\/v2\/product\/27314","targetHints":{"allow":["GET"]}}],"collection":[{"href":"https:\/\/vitalstoffversand.com\/pt-pt\/wp-json\/wp\/v2\/product"}],"about":[{"href":"https:\/\/vitalstoffversand.com\/pt-pt\/wp-json\/wp\/v2\/types\/product"}],"wp:featuredmedia":[{"embeddable":true,"href":"https:\/\/vitalstoffversand.com\/pt-pt\/wp-json\/wp\/v2\/media\/56146"}],"wp:attachment":[{"href":"https:\/\/vitalstoffversand.com\/pt-pt\/wp-json\/wp\/v2\/media?parent=27314"}],"wp:term":[{"taxonomy":"product_brand","embeddable":true,"href":"https:\/\/vitalstoffversand.com\/pt-pt\/wp-json\/wp\/v2\/product_brand?post=27314"},{"taxonomy":"product_cat","embeddable":true,"href":"https:\/\/vitalstoffversand.com\/pt-pt\/wp-json\/wp\/v2\/product_cat?post=27314"},{"taxonomy":"product_tag","embeddable":true,"href":"https:\/\/vitalstoffversand.com\/pt-pt\/wp-json\/wp\/v2\/product_tag?post=27314"}],"curies":[{"name":"wp","href":"https:\/\/api.w.org\/{rel}","templated":true}]}}