{"id":27234,"date":"2024-11-11T18:21:04","date_gmt":"2024-11-11T17:21:04","guid":{"rendered":"https:\/\/vitalstoffversand.com\/produkt\/vit4ever-eletrolito-em-po-200-g-diferentes-variantes\/"},"modified":"2026-03-16T13:48:48","modified_gmt":"2026-03-16T12:48:48","slug":"vit4ever-eletrolito-em-po-200-g-diferentes-variantes","status":"publish","type":"product","link":"https:\/\/vitalstoffversand.com\/pt-pt\/produto\/vit4ever-eletrolito-em-po-200-g-diferentes-variantes\/","title":{"rendered":"Vit4ever <br>Eletr\u00f3litos em p\u00f3 &#8211; 200 g &#8211; diferentes sabores"},"content":{"rendered":"<p>A F\u00f3rmula de Hidrata\u00e7\u00e3o com Eletr\u00f3litos em p\u00f3 \u00e9 uma forma saborosa e eficaz para desportistas, adeptos do fitness e todas as outras pessoas otimizarem o seu equil\u00edbrio h\u00eddrico e prevenirem a desidrata\u00e7\u00e3o.<\/p>\n<p>O produto tamb\u00e9m est\u00e1 dispon\u00edvel na vers\u00e3o maior, de 400 gramas.<\/p>\n<ul>\n<li>Vegano<\/li>\n<li>Sem gl\u00faten<\/li>\n<li>Sem lactose<\/li>\n<li>Sem a\u00e7\u00facar<\/li>\n<li>Sem OGM<\/li>\n<li>Produzido de acordo com rigorosos padr\u00f5es de qualidade da UE<\/li>\n<\/ul>\n","protected":false},"excerpt":{"rendered":"<p>A F\u00f3rmula de Hidrata\u00e7\u00e3o com Eletr\u00f3litos em p\u00f3 \u00e9 uma forma saborosa e eficaz para desportistas, adeptos do fitness e todas as outras pessoas otimizarem o seu equil\u00edbrio h\u00eddrico e prevenirem a desidrata\u00e7\u00e3o. O produto tamb\u00e9m est\u00e1 dispon\u00edvel na vers\u00e3o maior, de 400 gramas. Vegano Sem gl\u00faten Sem lactose Sem a\u00e7\u00facar Sem OGM Produzido de [&hellip;]<\/p>\n","protected":false},"featured_media":55538,"template":"","meta":{"_acf_changed":false},"product_brand":[10221],"product_cat":[555,537],"product_tag":[],"class_list":{"0":"post-27234","1":"product","2":"type-product","3":"status-publish","4":"has-post-thumbnail","6":"product_brand-vit4ever-pt-pt","7":"product_cat-minerais-e-oligoelementos","8":"product_cat-produtos-de-a-z","10":"first","11":"instock","12":"taxable","13":"shipping-taxable","14":"purchasable","15":"product-type-variable"},"acf":[],"_links":{"self":[{"href":"https:\/\/vitalstoffversand.com\/pt-pt\/wp-json\/wp\/v2\/product\/27234","targetHints":{"allow":["GET"]}}],"collection":[{"href":"https:\/\/vitalstoffversand.com\/pt-pt\/wp-json\/wp\/v2\/product"}],"about":[{"href":"https:\/\/vitalstoffversand.com\/pt-pt\/wp-json\/wp\/v2\/types\/product"}],"wp:featuredmedia":[{"embeddable":true,"href":"https:\/\/vitalstoffversand.com\/pt-pt\/wp-json\/wp\/v2\/media\/55538"}],"wp:attachment":[{"href":"https:\/\/vitalstoffversand.com\/pt-pt\/wp-json\/wp\/v2\/media?parent=27234"}],"wp:term":[{"taxonomy":"product_brand","embeddable":true,"href":"https:\/\/vitalstoffversand.com\/pt-pt\/wp-json\/wp\/v2\/product_brand?post=27234"},{"taxonomy":"product_cat","embeddable":true,"href":"https:\/\/vitalstoffversand.com\/pt-pt\/wp-json\/wp\/v2\/product_cat?post=27234"},{"taxonomy":"product_tag","embeddable":true,"href":"https:\/\/vitalstoffversand.com\/pt-pt\/wp-json\/wp\/v2\/product_tag?post=27234"}],"curies":[{"name":"wp","href":"https:\/\/api.w.org\/{rel}","templated":true}]}}