{"id":27227,"date":"2024-11-11T18:16:08","date_gmt":"2024-11-11T17:16:08","guid":{"rendered":"https:\/\/vitalstoffversand.com\/produkt\/vit4ever-taurina-240-capsulas\/"},"modified":"2026-03-16T12:52:25","modified_gmt":"2026-03-16T11:52:25","slug":"vit4ever-taurina-240-capsulas","status":"publish","type":"product","link":"https:\/\/vitalstoffversand.com\/pt-pt\/produto\/vit4ever-taurina-240-capsulas\/","title":{"rendered":"Vit4ever <br>Taurina &#8211; 240 c\u00e1psulas"},"content":{"rendered":"<p>A taurina desempenha um papel importante no corpo humano para a sa\u00fade cardiovascular, a fun\u00e7\u00e3o cerebral, a contra\u00e7\u00e3o muscular e a prote\u00e7\u00e3o antioxidante, mas encontra-se principalmente nos alimentos de origem animal.<\/p>\n<p>Est\u00e1 presente em concentra\u00e7\u00f5es elevadas no c\u00e9rebro, na retina, no m\u00fasculo card\u00edaco e nas plaquetas sangu\u00edneas.<\/p>\n<p>Muitas pessoas tamb\u00e9m est\u00e3o familiarizadas com a taurina como um aditivo em bebidas energ\u00e9ticas.<\/p>\n<ul>\n<li>Vegano<\/li>\n<li>Sem gl\u00faten<\/li>\n<li>Sem lactose<\/li>\n<li>Sem OGM<\/li>\n<li>Produzido de acordo com rigorosos padr\u00f5es de qualidade da UE<\/li>\n<\/ul>\n","protected":false},"excerpt":{"rendered":"<p>A taurina desempenha um papel importante no corpo humano para a sa\u00fade cardiovascular, a fun\u00e7\u00e3o cerebral, a contra\u00e7\u00e3o muscular e a prote\u00e7\u00e3o antioxidante, mas encontra-se principalmente nos alimentos de origem animal. Est\u00e1 presente em concentra\u00e7\u00f5es elevadas no c\u00e9rebro, na retina, no m\u00fasculo card\u00edaco e nas plaquetas sangu\u00edneas. Muitas pessoas tamb\u00e9m est\u00e3o familiarizadas com a taurina [&hellip;]<\/p>\n","protected":false},"featured_media":55418,"template":"","meta":{"_acf_changed":false},"product_brand":[10221],"product_cat":[559,537],"product_tag":[],"class_list":{"0":"post-27227","1":"product","2":"type-product","3":"status-publish","4":"has-post-thumbnail","6":"product_brand-vit4ever-pt-pt","7":"product_cat-nutrientes","8":"product_cat-produtos-de-a-z","10":"first","11":"outofstock","12":"taxable","13":"shipping-taxable","14":"purchasable","15":"product-type-simple"},"acf":[],"_links":{"self":[{"href":"https:\/\/vitalstoffversand.com\/pt-pt\/wp-json\/wp\/v2\/product\/27227","targetHints":{"allow":["GET"]}}],"collection":[{"href":"https:\/\/vitalstoffversand.com\/pt-pt\/wp-json\/wp\/v2\/product"}],"about":[{"href":"https:\/\/vitalstoffversand.com\/pt-pt\/wp-json\/wp\/v2\/types\/product"}],"wp:featuredmedia":[{"embeddable":true,"href":"https:\/\/vitalstoffversand.com\/pt-pt\/wp-json\/wp\/v2\/media\/55418"}],"wp:attachment":[{"href":"https:\/\/vitalstoffversand.com\/pt-pt\/wp-json\/wp\/v2\/media?parent=27227"}],"wp:term":[{"taxonomy":"product_brand","embeddable":true,"href":"https:\/\/vitalstoffversand.com\/pt-pt\/wp-json\/wp\/v2\/product_brand?post=27227"},{"taxonomy":"product_cat","embeddable":true,"href":"https:\/\/vitalstoffversand.com\/pt-pt\/wp-json\/wp\/v2\/product_cat?post=27227"},{"taxonomy":"product_tag","embeddable":true,"href":"https:\/\/vitalstoffversand.com\/pt-pt\/wp-json\/wp\/v2\/product_tag?post=27227"}],"curies":[{"name":"wp","href":"https:\/\/api.w.org\/{rel}","templated":true}]}}