{"id":27224,"date":"2024-11-11T18:14:24","date_gmt":"2024-11-11T17:14:24","guid":{"rendered":"https:\/\/vitalstoffversand.com\/produkt\/vit4ever-glycine-365-capsulas\/"},"modified":"2026-03-16T12:52:33","modified_gmt":"2026-03-16T11:52:33","slug":"vit4ever-glycine-365-capsulas","status":"publish","type":"product","link":"https:\/\/vitalstoffversand.com\/pt-pt\/produto\/vit4ever-glycine-365-capsulas\/","title":{"rendered":"Vit4ever <br>Glycine &#8211; 365 c\u00e1psulas"},"content":{"rendered":"<p>Como amino\u00e1cido proteinog\u00e9nico n\u00e3o essencial, a glicina desempenha um papel em muitos processos biol\u00f3gicos.<\/p>\n<p>\u00c9 um bloco de constru\u00e7\u00e3o de mol\u00e9culas importantes e pode valer a pena consider\u00e1-lo como um suplemento, especialmente para veganos ou vegetarianos, uma vez que se encontra predominantemente em produtos de origem animal.<\/p>\n<ul>\n<li>Vegano<\/li>\n<li>Sem gl\u00faten<\/li>\n<li>Sem lactose<\/li>\n<li>Sem OGM<\/li>\n<li>Produzido de acordo com rigorosos padr\u00f5es de qualidade da UE<\/li>\n<\/ul>\n","protected":false},"excerpt":{"rendered":"<p>Como amino\u00e1cido proteinog\u00e9nico n\u00e3o essencial, a glicina desempenha um papel em muitos processos biol\u00f3gicos. \u00c9 um bloco de constru\u00e7\u00e3o de mol\u00e9culas importantes e pode valer a pena consider\u00e1-lo como um suplemento, especialmente para veganos ou vegetarianos, uma vez que se encontra predominantemente em produtos de origem animal. Vegano Sem gl\u00faten Sem lactose Sem OGM Produzido [&hellip;]<\/p>\n","protected":false},"featured_media":55378,"template":"","meta":{"_acf_changed":false},"product_brand":[10221],"product_cat":[551,537],"product_tag":[],"class_list":{"0":"post-27224","1":"product","2":"type-product","3":"status-publish","4":"has-post-thumbnail","6":"product_brand-vit4ever-pt-pt","7":"product_cat-aminoacidos-pt","8":"product_cat-produtos-de-a-z","10":"first","11":"instock","12":"taxable","13":"shipping-taxable","14":"purchasable","15":"product-type-simple"},"acf":[],"_links":{"self":[{"href":"https:\/\/vitalstoffversand.com\/pt-pt\/wp-json\/wp\/v2\/product\/27224","targetHints":{"allow":["GET"]}}],"collection":[{"href":"https:\/\/vitalstoffversand.com\/pt-pt\/wp-json\/wp\/v2\/product"}],"about":[{"href":"https:\/\/vitalstoffversand.com\/pt-pt\/wp-json\/wp\/v2\/types\/product"}],"wp:featuredmedia":[{"embeddable":true,"href":"https:\/\/vitalstoffversand.com\/pt-pt\/wp-json\/wp\/v2\/media\/55378"}],"wp:attachment":[{"href":"https:\/\/vitalstoffversand.com\/pt-pt\/wp-json\/wp\/v2\/media?parent=27224"}],"wp:term":[{"taxonomy":"product_brand","embeddable":true,"href":"https:\/\/vitalstoffversand.com\/pt-pt\/wp-json\/wp\/v2\/product_brand?post=27224"},{"taxonomy":"product_cat","embeddable":true,"href":"https:\/\/vitalstoffversand.com\/pt-pt\/wp-json\/wp\/v2\/product_cat?post=27224"},{"taxonomy":"product_tag","embeddable":true,"href":"https:\/\/vitalstoffversand.com\/pt-pt\/wp-json\/wp\/v2\/product_tag?post=27224"}],"curies":[{"name":"wp","href":"https:\/\/api.w.org\/{rel}","templated":true}]}}