{"id":27218,"date":"2025-04-07T12:15:41","date_gmt":"2025-04-07T10:15:41","guid":{"rendered":"https:\/\/vitalstoffversand.com\/produkt\/vit4ever-iodo-365-comprimidos\/"},"modified":"2026-03-16T12:39:30","modified_gmt":"2026-03-16T11:39:30","slug":"vit4ever-iodo-365-comprimidos","status":"publish","type":"product","link":"https:\/\/vitalstoffversand.com\/pt-pt\/produto\/vit4ever-iodo-365-comprimidos\/","title":{"rendered":"Vit4ever <br>Iodo &#8211; 365 comprimidos"},"content":{"rendered":"<p><a href=\"https:\/\/vitalstoffversand.com\/knowledge-base\/jod\/\" target=\"_blank\" rel=\"noopener\"><strong><span style=\"color: #0000ff;\">\u2192 O iodo<\/span><\/strong><\/a> \u00e9 um oligoelemento importante para muitos processos no organismo e a toma de suplementos pode ser particularmente \u00fatil para pessoas com uma dieta pobre em iodo.<\/p>\n<p>As mulheres gr\u00e1vidas e as m\u00e3es que amamentam tamb\u00e9m t\u00eam necessidades acrescidas de iodo.<\/p>\n<ul>\n<li>Vegano<\/li>\n<li>Sem gl\u00faten<\/li>\n<li>Sem lactose<\/li>\n<li>Sem OGM<\/li>\n<li>Produzido de acordo com rigorosos padr\u00f5es de qualidade da UE<\/li>\n<\/ul>\n","protected":false},"excerpt":{"rendered":"<p>\u2192 O iodo \u00e9 um oligoelemento importante para muitos processos no organismo e a toma de suplementos pode ser particularmente \u00fatil para pessoas com uma dieta pobre em iodo. As mulheres gr\u00e1vidas e as m\u00e3es que amamentam tamb\u00e9m t\u00eam necessidades acrescidas de iodo. Vegano Sem gl\u00faten Sem lactose Sem OGM Produzido de acordo com rigorosos [&hellip;]<\/p>\n","protected":false},"featured_media":55298,"template":"","meta":{"_acf_changed":false},"product_brand":[10221],"product_cat":[555,537],"product_tag":[],"class_list":{"0":"post-27218","1":"product","2":"type-product","3":"status-publish","4":"has-post-thumbnail","6":"product_brand-vit4ever-pt-pt","7":"product_cat-minerais-e-oligoelementos","8":"product_cat-produtos-de-a-z","10":"first","11":"instock","12":"taxable","13":"shipping-taxable","14":"purchasable","15":"product-type-simple"},"acf":[],"_links":{"self":[{"href":"https:\/\/vitalstoffversand.com\/pt-pt\/wp-json\/wp\/v2\/product\/27218","targetHints":{"allow":["GET"]}}],"collection":[{"href":"https:\/\/vitalstoffversand.com\/pt-pt\/wp-json\/wp\/v2\/product"}],"about":[{"href":"https:\/\/vitalstoffversand.com\/pt-pt\/wp-json\/wp\/v2\/types\/product"}],"wp:featuredmedia":[{"embeddable":true,"href":"https:\/\/vitalstoffversand.com\/pt-pt\/wp-json\/wp\/v2\/media\/55298"}],"wp:attachment":[{"href":"https:\/\/vitalstoffversand.com\/pt-pt\/wp-json\/wp\/v2\/media?parent=27218"}],"wp:term":[{"taxonomy":"product_brand","embeddable":true,"href":"https:\/\/vitalstoffversand.com\/pt-pt\/wp-json\/wp\/v2\/product_brand?post=27218"},{"taxonomy":"product_cat","embeddable":true,"href":"https:\/\/vitalstoffversand.com\/pt-pt\/wp-json\/wp\/v2\/product_cat?post=27218"},{"taxonomy":"product_tag","embeddable":true,"href":"https:\/\/vitalstoffversand.com\/pt-pt\/wp-json\/wp\/v2\/product_tag?post=27218"}],"curies":[{"name":"wp","href":"https:\/\/api.w.org\/{rel}","templated":true}]}}