{"id":27211,"date":"2024-11-11T17:58:34","date_gmt":"2024-11-11T16:58:34","guid":{"rendered":"https:\/\/vitalstoffversand.com\/produkt\/vit4ever-rhodiola-rosea-120-capsulas\/"},"modified":"2026-03-16T12:30:12","modified_gmt":"2026-03-16T11:30:12","slug":"vit4ever-rhodiola-rosea-120-capsulas","status":"publish","type":"product","link":"https:\/\/vitalstoffversand.com\/pt-pt\/produto\/vit4ever-rhodiola-rosea-120-capsulas\/","title":{"rendered":"Vit4ever <br>Rhodiola Rosea &#8211; 120 c\u00e1psulas"},"content":{"rendered":"<p>A Rhodiola Rosea, tamb\u00e9m conhecida como raiz de rosa na Alemanha, tem propriedades adaptog\u00e9nicas.<\/p>\n<p>Para al\u00e9m da rosavina, a planta tamb\u00e9m cont\u00e9m salidros\u00eddeo e \u00e9 utilizada na medicina tradicional para apoiar o corpo em situa\u00e7\u00f5es de stress, clareza mental e resist\u00eancia geral.<\/p>\n<ul>\n<li>Vegano<\/li>\n<li>Sem gl\u00faten<\/li>\n<li>Sem lactose<\/li>\n<li>Sem OGM<\/li>\n<li>Produzido de acordo com rigorosos padr\u00f5es de qualidade da UE<\/li>\n<\/ul>\n","protected":false},"excerpt":{"rendered":"<p>A Rhodiola Rosea, tamb\u00e9m conhecida como raiz de rosa na Alemanha, tem propriedades adaptog\u00e9nicas. Para al\u00e9m da rosavina, a planta tamb\u00e9m cont\u00e9m salidros\u00eddeo e \u00e9 utilizada na medicina tradicional para apoiar o corpo em situa\u00e7\u00f5es de stress, clareza mental e resist\u00eancia geral. Vegano Sem gl\u00faten Sem lactose Sem OGM Produzido de acordo com rigorosos padr\u00f5es [&hellip;]<\/p>\n","protected":false},"featured_media":55130,"template":"","meta":{"_acf_changed":false},"product_brand":[10221],"product_cat":[559,537],"product_tag":[],"class_list":{"0":"post-27211","1":"product","2":"type-product","3":"status-publish","4":"has-post-thumbnail","6":"product_brand-vit4ever-pt-pt","7":"product_cat-nutrientes","8":"product_cat-produtos-de-a-z","10":"first","11":"instock","12":"taxable","13":"shipping-taxable","14":"purchasable","15":"product-type-simple"},"acf":[],"_links":{"self":[{"href":"https:\/\/vitalstoffversand.com\/pt-pt\/wp-json\/wp\/v2\/product\/27211","targetHints":{"allow":["GET"]}}],"collection":[{"href":"https:\/\/vitalstoffversand.com\/pt-pt\/wp-json\/wp\/v2\/product"}],"about":[{"href":"https:\/\/vitalstoffversand.com\/pt-pt\/wp-json\/wp\/v2\/types\/product"}],"wp:featuredmedia":[{"embeddable":true,"href":"https:\/\/vitalstoffversand.com\/pt-pt\/wp-json\/wp\/v2\/media\/55130"}],"wp:attachment":[{"href":"https:\/\/vitalstoffversand.com\/pt-pt\/wp-json\/wp\/v2\/media?parent=27211"}],"wp:term":[{"taxonomy":"product_brand","embeddable":true,"href":"https:\/\/vitalstoffversand.com\/pt-pt\/wp-json\/wp\/v2\/product_brand?post=27211"},{"taxonomy":"product_cat","embeddable":true,"href":"https:\/\/vitalstoffversand.com\/pt-pt\/wp-json\/wp\/v2\/product_cat?post=27211"},{"taxonomy":"product_tag","embeddable":true,"href":"https:\/\/vitalstoffversand.com\/pt-pt\/wp-json\/wp\/v2\/product_tag?post=27211"}],"curies":[{"name":"wp","href":"https:\/\/api.w.org\/{rel}","templated":true}]}}