{"id":27208,"date":"2025-04-11T12:07:42","date_gmt":"2025-04-11T10:07:42","guid":{"rendered":"https:\/\/vitalstoffversand.com\/produkt\/vit4ever-magtein-l-treonato-de-magnesio-120-capsulas\/"},"modified":"2026-03-16T12:22:21","modified_gmt":"2026-03-16T11:22:21","slug":"vit4ever-magtein-l-treonato-de-magnesio-120-capsulas","status":"publish","type":"product","link":"https:\/\/vitalstoffversand.com\/pt-pt\/produto\/vit4ever-magtein-l-treonato-de-magnesio-120-capsulas\/","title":{"rendered":"Vit4ever <br>Magtein\u00ae L-Treonato de magn\u00e9sio &#8211; 120 c\u00e1psulas"},"content":{"rendered":"<p>Magnesium L-Threonat ist die einzige Magnesium-Verbindung, die die Blut-Hirn-Schranke \u00fcberwinden kann und eignet sich daher insbesondere zur Unterst\u00fctzung geistiger Anforderungen.<\/p>\n<p>Magtein\u00ae \u00e9 um composto patenteado de <strong><span style=\"color: #0000ff;\"><a style=\"color: #0000ff;\" href=\"https:\/\/vitalstoffversand.com\/knowledge-base\/magnesium\/\" target=\"_blank\" rel=\"noopener\">\u2192 magn\u00e9sio<\/a><\/span><\/strong> e \u00e1cido L-tre\u00f3nico, que se caracteriza pela sua estrutura inovadora e foi desenvolvido nos EUA.<\/p>\n<p>Este composto tem uma biodisponibilidade particularmente eficaz dos ingredientes activos.<\/p>\n<ul>\n<li>Vegano<\/li>\n<li>Sem gl\u00faten<\/li>\n<li>Sem lactose<\/li>\n<li>Sem OGM<\/li>\n<li>Produzido de acordo com rigorosos padr\u00f5es de qualidade da UE<\/li>\n<\/ul>\n","protected":false},"excerpt":{"rendered":"<p>Magnesium L-Threonat ist die einzige Magnesium-Verbindung, die die Blut-Hirn-Schranke \u00fcberwinden kann und eignet sich daher insbesondere zur Unterst\u00fctzung geistiger Anforderungen. Magtein\u00ae \u00e9 um composto patenteado de \u2192 magn\u00e9sio e \u00e1cido L-tre\u00f3nico, que se caracteriza pela sua estrutura inovadora e foi desenvolvido nos EUA. Este composto tem uma biodisponibilidade particularmente eficaz dos ingredientes activos. Vegano Sem [&hellip;]<\/p>\n","protected":false},"featured_media":55090,"template":"","meta":{"_acf_changed":false},"product_brand":[10221],"product_cat":[572],"product_tag":[],"class_list":{"0":"post-27208","1":"product","2":"type-product","3":"status-publish","4":"has-post-thumbnail","6":"product_brand-vit4ever-pt-pt","7":"product_cat-acessorios-e-diversos","9":"first","10":"instock","11":"taxable","12":"shipping-taxable","13":"purchasable","14":"product-type-simple"},"acf":[],"_links":{"self":[{"href":"https:\/\/vitalstoffversand.com\/pt-pt\/wp-json\/wp\/v2\/product\/27208","targetHints":{"allow":["GET"]}}],"collection":[{"href":"https:\/\/vitalstoffversand.com\/pt-pt\/wp-json\/wp\/v2\/product"}],"about":[{"href":"https:\/\/vitalstoffversand.com\/pt-pt\/wp-json\/wp\/v2\/types\/product"}],"wp:featuredmedia":[{"embeddable":true,"href":"https:\/\/vitalstoffversand.com\/pt-pt\/wp-json\/wp\/v2\/media\/55090"}],"wp:attachment":[{"href":"https:\/\/vitalstoffversand.com\/pt-pt\/wp-json\/wp\/v2\/media?parent=27208"}],"wp:term":[{"taxonomy":"product_brand","embeddable":true,"href":"https:\/\/vitalstoffversand.com\/pt-pt\/wp-json\/wp\/v2\/product_brand?post=27208"},{"taxonomy":"product_cat","embeddable":true,"href":"https:\/\/vitalstoffversand.com\/pt-pt\/wp-json\/wp\/v2\/product_cat?post=27208"},{"taxonomy":"product_tag","embeddable":true,"href":"https:\/\/vitalstoffversand.com\/pt-pt\/wp-json\/wp\/v2\/product_tag?post=27208"}],"curies":[{"name":"wp","href":"https:\/\/api.w.org\/{rel}","templated":true}]}}