{"id":27168,"date":"2024-11-11T17:51:46","date_gmt":"2024-11-11T16:51:46","guid":{"rendered":"https:\/\/vitalstoffversand.com\/produkt\/vit4ever-complexo-de-cogumelos-180-capsulas\/"},"modified":"2026-03-16T11:54:44","modified_gmt":"2026-03-16T10:54:44","slug":"vit4ever-complexo-de-cogumelos-180-capsulas","status":"publish","type":"product","link":"https:\/\/vitalstoffversand.com\/pt-pt\/produto\/vit4ever-complexo-de-cogumelos-180-capsulas\/","title":{"rendered":"Vit4ever <br>Complexo de cogumelos &#8211; 180 c\u00e1psulas"},"content":{"rendered":"<p>Mistura de extractos de corpos de frutifica\u00e7\u00e3o dos cogumelos medicinais Agaricus Blazei murill, Cordyceps sinensis, Hericium erinaceus, Reishi e Shiitake.<\/p>\n<p>Cont\u00e9m 240 mg de polissac\u00e1ridos bioactivos por c\u00e1psula.<\/p>\n<p>Pretende atingir objectivos espec\u00edficos com os cogumelos medicinais?<\/p>\n<p>Em seguida, contacte o nosso micoterapeuta da Vitalstoff Versand ou outro especialista para que possa utilizar os cogumelos medicinais adequados para si.<\/p>\n<ul>\n<li>Vegano<\/li>\n<li>Sem gl\u00faten<\/li>\n<li>Sem lactose<\/li>\n<li>Sem OGM<\/li>\n<li>Produzido de acordo com rigorosos padr\u00f5es de qualidade da UE<\/li>\n<\/ul>\n","protected":false},"excerpt":{"rendered":"<p>Mistura de extractos de corpos de frutifica\u00e7\u00e3o dos cogumelos medicinais Agaricus Blazei murill, Cordyceps sinensis, Hericium erinaceus, Reishi e Shiitake. Cont\u00e9m 240 mg de polissac\u00e1ridos bioactivos por c\u00e1psula. Pretende atingir objectivos espec\u00edficos com os cogumelos medicinais? Em seguida, contacte o nosso micoterapeuta da Vitalstoff Versand ou outro especialista para que possa utilizar os cogumelos medicinais [&hellip;]<\/p>\n","protected":false},"featured_media":54762,"template":"","meta":{"_acf_changed":false},"product_brand":[10221],"product_cat":[539,537],"product_tag":[],"class_list":{"0":"post-27168","1":"product","2":"type-product","3":"status-publish","4":"has-post-thumbnail","6":"product_brand-vit4ever-pt-pt","7":"product_cat-cogumelos-vitais","8":"product_cat-produtos-de-a-z","10":"first","11":"instock","12":"taxable","13":"shipping-taxable","14":"purchasable","15":"product-type-simple"},"acf":[],"_links":{"self":[{"href":"https:\/\/vitalstoffversand.com\/pt-pt\/wp-json\/wp\/v2\/product\/27168","targetHints":{"allow":["GET"]}}],"collection":[{"href":"https:\/\/vitalstoffversand.com\/pt-pt\/wp-json\/wp\/v2\/product"}],"about":[{"href":"https:\/\/vitalstoffversand.com\/pt-pt\/wp-json\/wp\/v2\/types\/product"}],"wp:featuredmedia":[{"embeddable":true,"href":"https:\/\/vitalstoffversand.com\/pt-pt\/wp-json\/wp\/v2\/media\/54762"}],"wp:attachment":[{"href":"https:\/\/vitalstoffversand.com\/pt-pt\/wp-json\/wp\/v2\/media?parent=27168"}],"wp:term":[{"taxonomy":"product_brand","embeddable":true,"href":"https:\/\/vitalstoffversand.com\/pt-pt\/wp-json\/wp\/v2\/product_brand?post=27168"},{"taxonomy":"product_cat","embeddable":true,"href":"https:\/\/vitalstoffversand.com\/pt-pt\/wp-json\/wp\/v2\/product_cat?post=27168"},{"taxonomy":"product_tag","embeddable":true,"href":"https:\/\/vitalstoffversand.com\/pt-pt\/wp-json\/wp\/v2\/product_tag?post=27168"}],"curies":[{"name":"wp","href":"https:\/\/api.w.org\/{rel}","templated":true}]}}