{"id":27161,"date":"2024-11-11T15:55:08","date_gmt":"2024-11-11T14:55:08","guid":{"rendered":"https:\/\/vitalstoffversand.com\/produkt\/vit4ever-extrato-de-arroz-vermelho-240-capsulas\/"},"modified":"2026-03-16T11:47:32","modified_gmt":"2026-03-16T10:47:32","slug":"vit4ever-extrato-de-arroz-vermelho-240-capsulas","status":"publish","type":"product","link":"https:\/\/vitalstoffversand.com\/pt-pt\/produto\/vit4ever-extrato-de-arroz-vermelho-240-capsulas\/","title":{"rendered":"Vit4ever <br>Extrato de arroz vermelho &#8211; 365 c\u00e1psulas"},"content":{"rendered":"<p>O arroz vermelho \u00e9 obtido atrav\u00e9s da fermenta\u00e7\u00e3o do arroz branco com o bolor Monascus purpureus e cont\u00e9m o ingrediente ativo natural monacolina K, que \u00e9 quimicamente id\u00eantico \u00e0 droga sint\u00e9tica lovostatina.<\/p>\n<p>A lovastatina pertence ao grupo de subst\u00e2ncias activas das estatinas, que s\u00e3o utilizadas para tratar n\u00edveis elevados de colesterol e de triglic\u00e9ridos e para prevenir a esclerose das art\u00e9rias coron\u00e1rias.<\/p>\n<ul>\n<li>Vegano<\/li>\n<li>Sem gl\u00faten<\/li>\n<li>Sem lactose<\/li>\n<li>Sem OGM<\/li>\n<li>Produzido de acordo com rigorosos padr\u00f5es de qualidade da UE<\/li>\n<\/ul>\n","protected":false},"excerpt":{"rendered":"<p>O arroz vermelho \u00e9 obtido atrav\u00e9s da fermenta\u00e7\u00e3o do arroz branco com o bolor Monascus purpureus e cont\u00e9m o ingrediente ativo natural monacolina K, que \u00e9 quimicamente id\u00eantico \u00e0 droga sint\u00e9tica lovostatina. A lovastatina pertence ao grupo de subst\u00e2ncias activas das estatinas, que s\u00e3o utilizadas para tratar n\u00edveis elevados de colesterol e de triglic\u00e9ridos e [&hellip;]<\/p>\n","protected":false},"featured_media":54690,"template":"","meta":{"_acf_changed":false},"product_brand":[10221],"product_cat":[559,537],"product_tag":[],"class_list":{"0":"post-27161","1":"product","2":"type-product","3":"status-publish","4":"has-post-thumbnail","6":"product_brand-vit4ever-pt-pt","7":"product_cat-nutrientes","8":"product_cat-produtos-de-a-z","10":"first","11":"instock","12":"taxable","13":"shipping-taxable","14":"purchasable","15":"product-type-simple"},"acf":[],"_links":{"self":[{"href":"https:\/\/vitalstoffversand.com\/pt-pt\/wp-json\/wp\/v2\/product\/27161","targetHints":{"allow":["GET"]}}],"collection":[{"href":"https:\/\/vitalstoffversand.com\/pt-pt\/wp-json\/wp\/v2\/product"}],"about":[{"href":"https:\/\/vitalstoffversand.com\/pt-pt\/wp-json\/wp\/v2\/types\/product"}],"wp:featuredmedia":[{"embeddable":true,"href":"https:\/\/vitalstoffversand.com\/pt-pt\/wp-json\/wp\/v2\/media\/54690"}],"wp:attachment":[{"href":"https:\/\/vitalstoffversand.com\/pt-pt\/wp-json\/wp\/v2\/media?parent=27161"}],"wp:term":[{"taxonomy":"product_brand","embeddable":true,"href":"https:\/\/vitalstoffversand.com\/pt-pt\/wp-json\/wp\/v2\/product_brand?post=27161"},{"taxonomy":"product_cat","embeddable":true,"href":"https:\/\/vitalstoffversand.com\/pt-pt\/wp-json\/wp\/v2\/product_cat?post=27161"},{"taxonomy":"product_tag","embeddable":true,"href":"https:\/\/vitalstoffversand.com\/pt-pt\/wp-json\/wp\/v2\/product_tag?post=27161"}],"curies":[{"name":"wp","href":"https:\/\/api.w.org\/{rel}","templated":true}]}}