{"id":27143,"date":"2024-11-08T17:17:44","date_gmt":"2024-11-08T16:17:44","guid":{"rendered":"https:\/\/vitalstoffversand.com\/produkt\/vit4ever-selenio-3-vezes-complexo-365-comprimidos\/"},"modified":"2026-03-14T13:58:35","modified_gmt":"2026-03-14T12:58:35","slug":"vit4ever-selenio-3-vezes-complexo-365-comprimidos","status":"publish","type":"product","link":"https:\/\/vitalstoffversand.com\/pt-pt\/produto\/vit4ever-selenio-3-vezes-complexo-365-comprimidos\/","title":{"rendered":"Vit4ever <br>Sel\u00e9nio 3 vezes complexo &#8211; 365 comprimidos"},"content":{"rendered":"<p><a href=\"https:\/\/vitalstoffversand.com\/knowledge-base\/selen\/\" target=\"_blank\" rel=\"noopener\"><span style=\"color: #0000ff;\"><strong>\u2192 O sel\u00e9nio<\/strong><\/span><\/a> tem in\u00fameras fun\u00e7\u00f5es no nosso organismo.<\/p>\n<p>Os comprimidos de sel\u00e9nio em dose elevada cont\u00eam um complexo triplo de 50% de selenito de s\u00f3dio, 25% de levedura de sel\u00e9nio e 25% de selenometionina, que assegura uma biodisponibilidade e uma utiliza\u00e7\u00e3o \u00f3ptimas.<\/p>\n<ul>\n<li>Vegano<\/li>\n<li>Sem gl\u00faten<\/li>\n<li>Sem lactose<\/li>\n<li>Sem OGM<\/li>\n<li>Produzido de acordo com rigorosos padr\u00f5es de qualidade da UE<\/li>\n<\/ul>\n","protected":false},"excerpt":{"rendered":"<p>\u2192 O sel\u00e9nio tem in\u00fameras fun\u00e7\u00f5es no nosso organismo. Os comprimidos de sel\u00e9nio em dose elevada cont\u00eam um complexo triplo de 50% de selenito de s\u00f3dio, 25% de levedura de sel\u00e9nio e 25% de selenometionina, que assegura uma biodisponibilidade e uma utiliza\u00e7\u00e3o \u00f3ptimas. Vegano Sem gl\u00faten Sem lactose Sem OGM Produzido de acordo com rigorosos [&hellip;]<\/p>\n","protected":false},"featured_media":61497,"template":"","meta":{"_acf_changed":false},"product_brand":[10221],"product_cat":[555,537],"product_tag":[],"class_list":{"0":"post-27143","1":"product","2":"type-product","3":"status-publish","4":"has-post-thumbnail","6":"product_brand-vit4ever-pt-pt","7":"product_cat-minerais-e-oligoelementos","8":"product_cat-produtos-de-a-z","10":"first","11":"instock","12":"taxable","13":"shipping-taxable","14":"purchasable","15":"product-type-simple"},"acf":[],"_links":{"self":[{"href":"https:\/\/vitalstoffversand.com\/pt-pt\/wp-json\/wp\/v2\/product\/27143","targetHints":{"allow":["GET"]}}],"collection":[{"href":"https:\/\/vitalstoffversand.com\/pt-pt\/wp-json\/wp\/v2\/product"}],"about":[{"href":"https:\/\/vitalstoffversand.com\/pt-pt\/wp-json\/wp\/v2\/types\/product"}],"wp:featuredmedia":[{"embeddable":true,"href":"https:\/\/vitalstoffversand.com\/pt-pt\/wp-json\/wp\/v2\/media\/61497"}],"wp:attachment":[{"href":"https:\/\/vitalstoffversand.com\/pt-pt\/wp-json\/wp\/v2\/media?parent=27143"}],"wp:term":[{"taxonomy":"product_brand","embeddable":true,"href":"https:\/\/vitalstoffversand.com\/pt-pt\/wp-json\/wp\/v2\/product_brand?post=27143"},{"taxonomy":"product_cat","embeddable":true,"href":"https:\/\/vitalstoffversand.com\/pt-pt\/wp-json\/wp\/v2\/product_cat?post=27143"},{"taxonomy":"product_tag","embeddable":true,"href":"https:\/\/vitalstoffversand.com\/pt-pt\/wp-json\/wp\/v2\/product_tag?post=27143"}],"curies":[{"name":"wp","href":"https:\/\/api.w.org\/{rel}","templated":true}]}}