{"id":27132,"date":"2024-11-07T19:13:26","date_gmt":"2024-11-07T18:13:26","guid":{"rendered":"https:\/\/vitalstoffversand.com\/produkt\/vit4ever-opc-pure-300-capsulas\/"},"modified":"2026-03-12T16:50:54","modified_gmt":"2026-03-12T15:50:54","slug":"vit4ever-opc-pure-300-capsulas","status":"publish","type":"product","link":"https:\/\/vitalstoffversand.com\/pt-pt\/produto\/vit4ever-opc-pure-300-capsulas\/","title":{"rendered":"Vit4ever <br>OPC Pure &#8211; 300 c\u00e1psulas"},"content":{"rendered":"<p>As proantocianidinas oligom\u00e9ricas (OPC) encontram-se em v\u00e1rias plantas, mas s\u00e3o principalmente extra\u00eddas das sementes de uvas vermelhas e azuis.<\/p>\n<p>S\u00e3o subst\u00e2ncias vegetais secund\u00e1rias e pertencem ao grupo dos flavon\u00f3ides.<\/p>\n<p>A ingest\u00e3o de OPC pode ser utilmente complementada com <a href=\"https:\/\/vitalstoffversand.com\/knowledge-base\/vitamin-c\/\" target=\"_blank\" rel=\"noopener\"><span style=\"color: #0000ff;\">\u2192 vitamina C<\/span><\/a>.<\/p>\n<p>O teor de OPC de uma c\u00e1psula \u00e9 de:<\/p>\n<p>\u2192 Segundo o m\u00e9todo HPLC: 350 mg de OPC (70% de proantocianidina oligom\u00e9rica)<br \/>\n\u2192 Segundo o m\u00e9todo Bate\/Smith: 450 mg de OPC (95% de proantocianidinas oligom\u00e9ricas)<\/p>\n<ul>\n<li>Vegano<\/li>\n<li>Sem gl\u00faten<\/li>\n<li>Sem lactose<\/li>\n<li>Sem OGM<\/li>\n<li>Produzido de acordo com rigorosos padr\u00f5es de qualidade da UE<\/li>\n<\/ul>\n","protected":false},"excerpt":{"rendered":"<p>As proantocianidinas oligom\u00e9ricas (OPC) encontram-se em v\u00e1rias plantas, mas s\u00e3o principalmente extra\u00eddas das sementes de uvas vermelhas e azuis. S\u00e3o subst\u00e2ncias vegetais secund\u00e1rias e pertencem ao grupo dos flavon\u00f3ides. A ingest\u00e3o de OPC pode ser utilmente complementada com \u2192 vitamina C. O teor de OPC de uma c\u00e1psula \u00e9 de: \u2192 Segundo o m\u00e9todo HPLC: [&hellip;]<\/p>\n","protected":false},"featured_media":49919,"template":"","meta":{"_acf_changed":false},"product_brand":[10221],"product_cat":[559,537],"product_tag":[],"class_list":{"0":"post-27132","1":"product","2":"type-product","3":"status-publish","4":"has-post-thumbnail","6":"product_brand-vit4ever-pt-pt","7":"product_cat-nutrientes","8":"product_cat-produtos-de-a-z","10":"first","11":"instock","12":"taxable","13":"shipping-taxable","14":"purchasable","15":"product-type-simple"},"acf":[],"_links":{"self":[{"href":"https:\/\/vitalstoffversand.com\/pt-pt\/wp-json\/wp\/v2\/product\/27132","targetHints":{"allow":["GET"]}}],"collection":[{"href":"https:\/\/vitalstoffversand.com\/pt-pt\/wp-json\/wp\/v2\/product"}],"about":[{"href":"https:\/\/vitalstoffversand.com\/pt-pt\/wp-json\/wp\/v2\/types\/product"}],"wp:featuredmedia":[{"embeddable":true,"href":"https:\/\/vitalstoffversand.com\/pt-pt\/wp-json\/wp\/v2\/media\/49919"}],"wp:attachment":[{"href":"https:\/\/vitalstoffversand.com\/pt-pt\/wp-json\/wp\/v2\/media?parent=27132"}],"wp:term":[{"taxonomy":"product_brand","embeddable":true,"href":"https:\/\/vitalstoffversand.com\/pt-pt\/wp-json\/wp\/v2\/product_brand?post=27132"},{"taxonomy":"product_cat","embeddable":true,"href":"https:\/\/vitalstoffversand.com\/pt-pt\/wp-json\/wp\/v2\/product_cat?post=27132"},{"taxonomy":"product_tag","embeddable":true,"href":"https:\/\/vitalstoffversand.com\/pt-pt\/wp-json\/wp\/v2\/product_tag?post=27132"}],"curies":[{"name":"wp","href":"https:\/\/api.w.org\/{rel}","templated":true}]}}