{"id":27104,"date":"2024-11-11T15:52:10","date_gmt":"2024-11-11T14:52:10","guid":{"rendered":"https:\/\/vitalstoffversand.com\/produkt\/vit4ever-probio-25-complex-180-capsulas\/"},"modified":"2026-03-16T11:02:08","modified_gmt":"2026-03-16T10:02:08","slug":"vit4ever-probio-25-complex-180-capsulas","status":"publish","type":"product","link":"https:\/\/vitalstoffversand.com\/pt-pt\/produto\/vit4ever-probio-25-complex-180-capsulas\/","title":{"rendered":"Vit4ever <br>Probio 25 Complex &#8211; 180 c\u00e1psulas"},"content":{"rendered":"<p>O nosso intestino \u00e9 um centro importante da nossa sa\u00fade e \u00e9 colonizado por centenas de tipos diferentes de bact\u00e9rias intestinais.<\/p>\n<p>O equil\u00edbrio entre as bact\u00e9rias \u201cboas\u201d e \u201cm\u00e1s\u201d do intestino fica frequentemente desequilibrado, por exemplo, devido a uma dieta desequilibrada, pelo que devemos intervir para o apoiar.<\/p>\n<p>Probio 25 Complex cont\u00e9m 25 estirpes bacterianas diferentes e perfeitamente harmonizadas que ajudam a restabelecer um equil\u00edbrio saud\u00e1vel das bact\u00e9rias intestinais.<\/p>\n<p>O produto tamb\u00e9m cont\u00e9m inulina, que fornece \u00e0s bact\u00e9rias uma fonte de nutrientes desde o in\u00edcio.<\/p>\n<p>As Bright JC Caps gastrorresistentes garantem que as bact\u00e9rias n\u00e3o s\u00e3o destru\u00eddas pelo \u00e1cido g\u00e1strico, uma vez que a sua liberta\u00e7\u00e3o \u00e9 retardada no intestino delgado.<\/p>\n<ul>\n<li>Vegetariano<\/li>\n<li>Sem gl\u00faten<\/li>\n<li>Sem lactose<\/li>\n<li>Sem OGM<\/li>\n<li>Produzido de acordo com rigorosos padr\u00f5es de qualidade da UE<\/li>\n<\/ul>\n","protected":false},"excerpt":{"rendered":"<p>O nosso intestino \u00e9 um centro importante da nossa sa\u00fade e \u00e9 colonizado por centenas de tipos diferentes de bact\u00e9rias intestinais. O equil\u00edbrio entre as bact\u00e9rias \u201cboas\u201d e \u201cm\u00e1s\u201d do intestino fica frequentemente desequilibrado, por exemplo, devido a uma dieta desequilibrada, pelo que devemos intervir para o apoiar. Probio 25 Complex cont\u00e9m 25 estirpes bacterianas [&hellip;]<\/p>\n","protected":false},"featured_media":60074,"template":"","meta":{"_acf_changed":false},"product_brand":[10221],"product_cat":[559,537],"product_tag":[],"class_list":{"0":"post-27104","1":"product","2":"type-product","3":"status-publish","4":"has-post-thumbnail","6":"product_brand-vit4ever-pt-pt","7":"product_cat-nutrientes","8":"product_cat-produtos-de-a-z","10":"first","11":"outofstock","12":"taxable","13":"shipping-taxable","14":"purchasable","15":"product-type-simple"},"acf":[],"_links":{"self":[{"href":"https:\/\/vitalstoffversand.com\/pt-pt\/wp-json\/wp\/v2\/product\/27104","targetHints":{"allow":["GET"]}}],"collection":[{"href":"https:\/\/vitalstoffversand.com\/pt-pt\/wp-json\/wp\/v2\/product"}],"about":[{"href":"https:\/\/vitalstoffversand.com\/pt-pt\/wp-json\/wp\/v2\/types\/product"}],"wp:featuredmedia":[{"embeddable":true,"href":"https:\/\/vitalstoffversand.com\/pt-pt\/wp-json\/wp\/v2\/media\/60074"}],"wp:attachment":[{"href":"https:\/\/vitalstoffversand.com\/pt-pt\/wp-json\/wp\/v2\/media?parent=27104"}],"wp:term":[{"taxonomy":"product_brand","embeddable":true,"href":"https:\/\/vitalstoffversand.com\/pt-pt\/wp-json\/wp\/v2\/product_brand?post=27104"},{"taxonomy":"product_cat","embeddable":true,"href":"https:\/\/vitalstoffversand.com\/pt-pt\/wp-json\/wp\/v2\/product_cat?post=27104"},{"taxonomy":"product_tag","embeddable":true,"href":"https:\/\/vitalstoffversand.com\/pt-pt\/wp-json\/wp\/v2\/product_tag?post=27104"}],"curies":[{"name":"wp","href":"https:\/\/api.w.org\/{rel}","templated":true}]}}