{"id":27103,"date":"2024-11-11T15:49:50","date_gmt":"2024-11-11T14:49:50","guid":{"rendered":"https:\/\/vitalstoffversand.com\/produkt\/vit4ever-ferro-vitamina-c-365-comprimidos\/"},"modified":"2026-03-16T10:53:32","modified_gmt":"2026-03-16T09:53:32","slug":"vit4ever-ferro-vitamina-c-365-comprimidos","status":"publish","type":"product","link":"https:\/\/vitalstoffversand.com\/pt-pt\/produto\/vit4ever-ferro-vitamina-c-365-comprimidos\/","title":{"rendered":"Vit4ever <br>Ferro + Vitamina C &#8211; 365 comprimidos"},"content":{"rendered":"<p>Ambos <span style=\"color: #0000ff;\"><strong><a style=\"color: #0000ff;\" href=\"https:\/\/vitalstoffversand.com\/knowledge-base\/eisen\/\" target=\"_blank\" rel=\"noopener\">\u2192 ferro<\/a><\/strong><\/span>como a <span style=\"color: #0000ff;\"><strong><a style=\"color: #0000ff;\" href=\"https:\/\/vitalstoffversand.com\/knowledge-base\/vitamin-c\/\" target=\"_blank\" rel=\"noopener\">\u2192 vitamina C<\/a><\/strong><\/span> desempenham uma s\u00e9rie de fun\u00e7\u00f5es importantes no nosso corpo.<\/p>\n<p>O bisglicinato de ferro utilizado neste produto \u00e9 muito f\u00e1cil de digerir e tem boas propriedades de absor\u00e7\u00e3o.<\/p>\n<p>\u00c9 tamb\u00e9m ideal para vegetarianos e veganos.<\/p>\n<ul>\n<li>Vegano<\/li>\n<li>Sem gl\u00faten<\/li>\n<li>Sem lactose<\/li>\n<li>Sem OGM<\/li>\n<li>Produzido de acordo com rigorosos padr\u00f5es de qualidade da UE<\/li>\n<\/ul>\n","protected":false},"excerpt":{"rendered":"<p>Ambos \u2192 ferrocomo a \u2192 vitamina C desempenham uma s\u00e9rie de fun\u00e7\u00f5es importantes no nosso corpo. O bisglicinato de ferro utilizado neste produto \u00e9 muito f\u00e1cil de digerir e tem boas propriedades de absor\u00e7\u00e3o. \u00c9 tamb\u00e9m ideal para vegetarianos e veganos. Vegano Sem gl\u00faten Sem lactose Sem OGM Produzido de acordo com rigorosos padr\u00f5es de [&hellip;]<\/p>\n","protected":false},"featured_media":54282,"template":"","meta":{"_acf_changed":false},"product_brand":[10221],"product_cat":[555,537],"product_tag":[],"class_list":{"0":"post-27103","1":"product","2":"type-product","3":"status-publish","4":"has-post-thumbnail","6":"product_brand-vit4ever-pt-pt","7":"product_cat-minerais-e-oligoelementos","8":"product_cat-produtos-de-a-z","10":"first","11":"instock","12":"taxable","13":"shipping-taxable","14":"purchasable","15":"product-type-simple"},"acf":[],"_links":{"self":[{"href":"https:\/\/vitalstoffversand.com\/pt-pt\/wp-json\/wp\/v2\/product\/27103","targetHints":{"allow":["GET"]}}],"collection":[{"href":"https:\/\/vitalstoffversand.com\/pt-pt\/wp-json\/wp\/v2\/product"}],"about":[{"href":"https:\/\/vitalstoffversand.com\/pt-pt\/wp-json\/wp\/v2\/types\/product"}],"wp:featuredmedia":[{"embeddable":true,"href":"https:\/\/vitalstoffversand.com\/pt-pt\/wp-json\/wp\/v2\/media\/54282"}],"wp:attachment":[{"href":"https:\/\/vitalstoffversand.com\/pt-pt\/wp-json\/wp\/v2\/media?parent=27103"}],"wp:term":[{"taxonomy":"product_brand","embeddable":true,"href":"https:\/\/vitalstoffversand.com\/pt-pt\/wp-json\/wp\/v2\/product_brand?post=27103"},{"taxonomy":"product_cat","embeddable":true,"href":"https:\/\/vitalstoffversand.com\/pt-pt\/wp-json\/wp\/v2\/product_cat?post=27103"},{"taxonomy":"product_tag","embeddable":true,"href":"https:\/\/vitalstoffversand.com\/pt-pt\/wp-json\/wp\/v2\/product_tag?post=27103"}],"curies":[{"name":"wp","href":"https:\/\/api.w.org\/{rel}","templated":true}]}}