{"id":27095,"date":"2024-11-11T15:30:16","date_gmt":"2024-11-11T14:30:16","guid":{"rendered":"https:\/\/vitalstoffversand.com\/produkt\/vit4ever-oleo-de-peixe-omega-3-intenso-diferentes-quantidades\/"},"modified":"2026-03-17T18:38:42","modified_gmt":"2026-03-17T17:38:42","slug":"vit4ever-oleo-de-peixe-omega-3-intenso-diferentes-quantidades","status":"publish","type":"product","link":"https:\/\/vitalstoffversand.com\/pt-pt\/produto\/vit4ever-oleo-de-peixe-omega-3-intenso-diferentes-quantidades\/","title":{"rendered":"Vit4ever <br>\u00d3leo de peixe Omega 3 Intenso &#8211; 120 c\u00e1psulas"},"content":{"rendered":"<p>Os \u00e1cidos gordos \u00f3mega 3 s\u00e3o essenciais para o nosso organismo e devem ser ingeridos atrav\u00e9s da alimenta\u00e7\u00e3o.<\/p>\n<p>Omega 3 Intenso Softgel Capsules \u00e9 um produto absolutamente premium caracterizado por um teor acima da m\u00e9dia de 80% de \u00e1cidos gordos \u00f3mega 3 puros, que fornecem 400 mg <a href=\"https:\/\/vitalstoffversand.com\/knowledge-base\/eicosapentaensaeure-und-docosahexaensaeure-epa-dha\/\" target=\"_blank\" rel=\"noopener\"><strong><span style=\"color: #0000ff;\">\u2192 EPA (\u00e1cido eicosapentaen\u00f3ico)<\/span><\/strong><\/a> e 300 mg <a href=\"https:\/\/vitalstoffversand.com\/knowledge-base\/docosahexaensaeure-dha\/\" target=\"_blank\" rel=\"noopener\"><strong><span style=\"color: #0000ff;\">\u2192 DHA (\u00e1cido docosahaexen\u00f3ico)<\/span><\/strong><\/a> na forma mais biodispon\u00edvel (triglic\u00e9rido).<\/p>\n<ul>\n<li>Sem gl\u00faten<\/li>\n<li>Sem lactose<\/li>\n<li>Sem OGM<\/li>\n<li>Produzido de acordo com rigorosos padr\u00f5es de qualidade da UE<\/li>\n<\/ul>\n","protected":false},"excerpt":{"rendered":"<p>Os \u00e1cidos gordos \u00f3mega 3 s\u00e3o essenciais para o nosso organismo e devem ser ingeridos atrav\u00e9s da alimenta\u00e7\u00e3o. Omega 3 Intenso Softgel Capsules \u00e9 um produto absolutamente premium caracterizado por um teor acima da m\u00e9dia de 80% de \u00e1cidos gordos \u00f3mega 3 puros, que fornecem 400 mg \u2192 EPA (\u00e1cido eicosapentaen\u00f3ico) e 300 mg \u2192 [&hellip;]<\/p>\n","protected":false},"featured_media":53922,"template":"","meta":{"_acf_changed":false},"product_brand":[10221],"product_cat":[554,537],"product_tag":[],"class_list":{"0":"post-27095","1":"product","2":"type-product","3":"status-publish","4":"has-post-thumbnail","6":"product_brand-vit4ever-pt-pt","7":"product_cat-acidos-gordos","8":"product_cat-produtos-de-a-z","10":"first","11":"instock","12":"taxable","13":"shipping-taxable","14":"purchasable","15":"product-type-simple"},"acf":[],"_links":{"self":[{"href":"https:\/\/vitalstoffversand.com\/pt-pt\/wp-json\/wp\/v2\/product\/27095","targetHints":{"allow":["GET"]}}],"collection":[{"href":"https:\/\/vitalstoffversand.com\/pt-pt\/wp-json\/wp\/v2\/product"}],"about":[{"href":"https:\/\/vitalstoffversand.com\/pt-pt\/wp-json\/wp\/v2\/types\/product"}],"wp:featuredmedia":[{"embeddable":true,"href":"https:\/\/vitalstoffversand.com\/pt-pt\/wp-json\/wp\/v2\/media\/53922"}],"wp:attachment":[{"href":"https:\/\/vitalstoffversand.com\/pt-pt\/wp-json\/wp\/v2\/media?parent=27095"}],"wp:term":[{"taxonomy":"product_brand","embeddable":true,"href":"https:\/\/vitalstoffversand.com\/pt-pt\/wp-json\/wp\/v2\/product_brand?post=27095"},{"taxonomy":"product_cat","embeddable":true,"href":"https:\/\/vitalstoffversand.com\/pt-pt\/wp-json\/wp\/v2\/product_cat?post=27095"},{"taxonomy":"product_tag","embeddable":true,"href":"https:\/\/vitalstoffversand.com\/pt-pt\/wp-json\/wp\/v2\/product_tag?post=27095"}],"curies":[{"name":"wp","href":"https:\/\/api.w.org\/{rel}","templated":true}]}}