{"id":27091,"date":"2024-11-11T15:15:30","date_gmt":"2024-11-11T14:15:30","guid":{"rendered":"https:\/\/vitalstoffversand.com\/produkt\/vit4ever-enzyme-complex-180-capsulas\/"},"modified":"2026-03-15T18:25:16","modified_gmt":"2026-03-15T17:25:16","slug":"vit4ever-enzyme-complex-180-capsulas","status":"publish","type":"product","link":"https:\/\/vitalstoffversand.com\/pt-pt\/produto\/vit4ever-enzyme-complex-180-capsulas\/","title":{"rendered":"Vit4ever <br>Enzyme Complex &#8211; 180 c\u00e1psulas"},"content":{"rendered":"<p>Enzyme Complex \u00e9 uma composi\u00e7\u00e3o de rutina, extrato de raiz de genciana, beta\u00edna e 15 enzimas diferentes, que t\u00eam efeitos diferentes mas harmonizados na nossa digest\u00e3o e sa\u00fade intestinal.<\/p>\n<p>As enzimas ou os suplementos enzim\u00e1ticos devem ser sempre tomados com alimentos e, gra\u00e7as ao inv\u00f3lucro da c\u00e1psula com revestimento ent\u00e9rico, chegam ao intestino sem danos, onde podem desenvolver todo o seu efeito.<\/p>\n<ul>\n<li>Vegano<\/li>\n<li>Sem gl\u00faten<\/li>\n<li>Sem lactose<\/li>\n<li>Sem OGM<\/li>\n<li>Produzido de acordo com rigorosos padr\u00f5es de qualidade da UE<\/li>\n<\/ul>\n","protected":false},"excerpt":{"rendered":"<p>Enzyme Complex \u00e9 uma composi\u00e7\u00e3o de rutina, extrato de raiz de genciana, beta\u00edna e 15 enzimas diferentes, que t\u00eam efeitos diferentes mas harmonizados na nossa digest\u00e3o e sa\u00fade intestinal. As enzimas ou os suplementos enzim\u00e1ticos devem ser sempre tomados com alimentos e, gra\u00e7as ao inv\u00f3lucro da c\u00e1psula com revestimento ent\u00e9rico, chegam ao intestino sem danos, [&hellip;]<\/p>\n","protected":false},"featured_media":53810,"template":"","meta":{"_acf_changed":false},"product_brand":[10221],"product_cat":[559,537],"product_tag":[],"class_list":{"0":"post-27091","1":"product","2":"type-product","3":"status-publish","4":"has-post-thumbnail","6":"product_brand-vit4ever-pt-pt","7":"product_cat-nutrientes","8":"product_cat-produtos-de-a-z","10":"first","11":"instock","12":"taxable","13":"shipping-taxable","14":"purchasable","15":"product-type-simple"},"acf":[],"_links":{"self":[{"href":"https:\/\/vitalstoffversand.com\/pt-pt\/wp-json\/wp\/v2\/product\/27091","targetHints":{"allow":["GET"]}}],"collection":[{"href":"https:\/\/vitalstoffversand.com\/pt-pt\/wp-json\/wp\/v2\/product"}],"about":[{"href":"https:\/\/vitalstoffversand.com\/pt-pt\/wp-json\/wp\/v2\/types\/product"}],"wp:featuredmedia":[{"embeddable":true,"href":"https:\/\/vitalstoffversand.com\/pt-pt\/wp-json\/wp\/v2\/media\/53810"}],"wp:attachment":[{"href":"https:\/\/vitalstoffversand.com\/pt-pt\/wp-json\/wp\/v2\/media?parent=27091"}],"wp:term":[{"taxonomy":"product_brand","embeddable":true,"href":"https:\/\/vitalstoffversand.com\/pt-pt\/wp-json\/wp\/v2\/product_brand?post=27091"},{"taxonomy":"product_cat","embeddable":true,"href":"https:\/\/vitalstoffversand.com\/pt-pt\/wp-json\/wp\/v2\/product_cat?post=27091"},{"taxonomy":"product_tag","embeddable":true,"href":"https:\/\/vitalstoffversand.com\/pt-pt\/wp-json\/wp\/v2\/product_tag?post=27091"}],"curies":[{"name":"wp","href":"https:\/\/api.w.org\/{rel}","templated":true}]}}