{"id":27090,"date":"2024-11-11T15:13:36","date_gmt":"2024-11-11T14:13:36","guid":{"rendered":"https:\/\/vitalstoffversand.com\/produkt\/vit4ever-extrato-de-curcuma-intenso-180-capsulas\/"},"modified":"2026-03-15T18:18:24","modified_gmt":"2026-03-15T17:18:24","slug":"vit4ever-extrato-de-curcuma-intenso-180-capsulas","status":"publish","type":"product","link":"https:\/\/vitalstoffversand.com\/pt-pt\/produto\/vit4ever-extrato-de-curcuma-intenso-180-capsulas\/","title":{"rendered":"Vit4ever <br>Extrato de Curcuma Intenso &#8211; 180 c\u00e1psulas"},"content":{"rendered":"<p>A curcuma n\u00e3o \u00e9 apenas uma especiaria, mas, gra\u00e7as ao seu componente ativo, a curcumina, \u00e9 um rem\u00e9dio utilizado h\u00e1 s\u00e9culos na medicina tradicional indiana.<\/p>\n<p>Cada c\u00e1psula de extrato cont\u00e9m 257,5 mg de curcumina\/curcumin\u00f3ides, o que corresponde ao consumo de 17,15 g de curcuma normal em p\u00f3 (2,5 % de teor de curcumina).<\/p>\n<p>A absor\u00e7\u00e3o dos curcumin\u00f3ides \u00e9 refor\u00e7ada pelo ingrediente ativo impulsionador extrato de pimenta preta com piperina.<\/p>\n<ul>\n<li>Vegano<\/li>\n<li>Sem gl\u00faten<\/li>\n<li>Sem lactose<\/li>\n<li>Sem OGM<\/li>\n<li>Produzido de acordo com rigorosos padr\u00f5es de qualidade da UE<\/li>\n<\/ul>\n","protected":false},"excerpt":{"rendered":"<p>A curcuma n\u00e3o \u00e9 apenas uma especiaria, mas, gra\u00e7as ao seu componente ativo, a curcumina, \u00e9 um rem\u00e9dio utilizado h\u00e1 s\u00e9culos na medicina tradicional indiana. Cada c\u00e1psula de extrato cont\u00e9m 257,5 mg de curcumina\/curcumin\u00f3ides, o que corresponde ao consumo de 17,15 g de curcuma normal em p\u00f3 (2,5 % de teor de curcumina). A absor\u00e7\u00e3o [&hellip;]<\/p>\n","protected":false},"featured_media":53770,"template":"","meta":{"_acf_changed":false},"product_brand":[10221],"product_cat":[559,537],"product_tag":[],"class_list":{"0":"post-27090","1":"product","2":"type-product","3":"status-publish","4":"has-post-thumbnail","6":"product_brand-vit4ever-pt-pt","7":"product_cat-nutrientes","8":"product_cat-produtos-de-a-z","10":"first","11":"instock","12":"taxable","13":"shipping-taxable","14":"purchasable","15":"product-type-simple"},"acf":[],"_links":{"self":[{"href":"https:\/\/vitalstoffversand.com\/pt-pt\/wp-json\/wp\/v2\/product\/27090","targetHints":{"allow":["GET"]}}],"collection":[{"href":"https:\/\/vitalstoffversand.com\/pt-pt\/wp-json\/wp\/v2\/product"}],"about":[{"href":"https:\/\/vitalstoffversand.com\/pt-pt\/wp-json\/wp\/v2\/types\/product"}],"wp:featuredmedia":[{"embeddable":true,"href":"https:\/\/vitalstoffversand.com\/pt-pt\/wp-json\/wp\/v2\/media\/53770"}],"wp:attachment":[{"href":"https:\/\/vitalstoffversand.com\/pt-pt\/wp-json\/wp\/v2\/media?parent=27090"}],"wp:term":[{"taxonomy":"product_brand","embeddable":true,"href":"https:\/\/vitalstoffversand.com\/pt-pt\/wp-json\/wp\/v2\/product_brand?post=27090"},{"taxonomy":"product_cat","embeddable":true,"href":"https:\/\/vitalstoffversand.com\/pt-pt\/wp-json\/wp\/v2\/product_cat?post=27090"},{"taxonomy":"product_tag","embeddable":true,"href":"https:\/\/vitalstoffversand.com\/pt-pt\/wp-json\/wp\/v2\/product_tag?post=27090"}],"curies":[{"name":"wp","href":"https:\/\/api.w.org\/{rel}","templated":true}]}}