{"id":27085,"date":"2024-11-11T15:10:08","date_gmt":"2024-11-11T14:10:08","guid":{"rendered":"https:\/\/vitalstoffversand.com\/produkt\/vit4ever-potassio-240-capsulas\/"},"modified":"2026-03-16T12:00:00","modified_gmt":"2026-03-16T11:00:00","slug":"vit4ever-potassio-240-capsulas","status":"publish","type":"product","link":"https:\/\/vitalstoffversand.com\/pt-pt\/produto\/vit4ever-potassio-240-capsulas\/","title":{"rendered":"Vit4ever <br>Pot\u00e1ssio &#8211; 365 c\u00e1psulas"},"content":{"rendered":"<p>O pot\u00e1ssio (aqui como citrato de pot\u00e1ssio) \u00e9 um mineral ou eletr\u00f3lito e deve ser ingerido diariamente com os alimentos.<\/p>\n<p>Desempenha um papel importante na hidrata\u00e7\u00e3o das nossas c\u00e9lulas, bem como no controlo dos nossos m\u00fasculos e na comunica\u00e7\u00e3o das nossas c\u00e9lulas nervosas.<\/p>\n<p>Uma alimenta\u00e7\u00e3o desequilibrada e \u201cpouco saud\u00e1vel\u201d pode levar a um desequil\u00edbrio entre o s\u00f3dio (sal) e o pot\u00e1ssio, raz\u00e3o pela qual a toma de suplementos de pot\u00e1ssio pode ser necess\u00e1ria ou aconselh\u00e1vel em certos casos.<\/p>\n<ul>\n<li>Vegano<\/li>\n<li>Sem gl\u00faten<\/li>\n<li>Sem lactose<\/li>\n<li>Sem OGM<\/li>\n<li>Produzido de acordo com rigorosos padr\u00f5es de qualidade da UE<\/li>\n<\/ul>\n","protected":false},"excerpt":{"rendered":"<p>O pot\u00e1ssio (aqui como citrato de pot\u00e1ssio) \u00e9 um mineral ou eletr\u00f3lito e deve ser ingerido diariamente com os alimentos. Desempenha um papel importante na hidrata\u00e7\u00e3o das nossas c\u00e9lulas, bem como no controlo dos nossos m\u00fasculos e na comunica\u00e7\u00e3o das nossas c\u00e9lulas nervosas. Uma alimenta\u00e7\u00e3o desequilibrada e \u201cpouco saud\u00e1vel\u201d pode levar a um desequil\u00edbrio entre [&hellip;]<\/p>\n","protected":false},"featured_media":54802,"template":"","meta":{"_acf_changed":false},"product_brand":[10221],"product_cat":[555,537],"product_tag":[],"class_list":{"0":"post-27085","1":"product","2":"type-product","3":"status-publish","4":"has-post-thumbnail","6":"product_brand-vit4ever-pt-pt","7":"product_cat-minerais-e-oligoelementos","8":"product_cat-produtos-de-a-z","10":"first","11":"instock","12":"taxable","13":"shipping-taxable","14":"purchasable","15":"product-type-simple"},"acf":[],"_links":{"self":[{"href":"https:\/\/vitalstoffversand.com\/pt-pt\/wp-json\/wp\/v2\/product\/27085","targetHints":{"allow":["GET"]}}],"collection":[{"href":"https:\/\/vitalstoffversand.com\/pt-pt\/wp-json\/wp\/v2\/product"}],"about":[{"href":"https:\/\/vitalstoffversand.com\/pt-pt\/wp-json\/wp\/v2\/types\/product"}],"wp:featuredmedia":[{"embeddable":true,"href":"https:\/\/vitalstoffversand.com\/pt-pt\/wp-json\/wp\/v2\/media\/54802"}],"wp:attachment":[{"href":"https:\/\/vitalstoffversand.com\/pt-pt\/wp-json\/wp\/v2\/media?parent=27085"}],"wp:term":[{"taxonomy":"product_brand","embeddable":true,"href":"https:\/\/vitalstoffversand.com\/pt-pt\/wp-json\/wp\/v2\/product_brand?post=27085"},{"taxonomy":"product_cat","embeddable":true,"href":"https:\/\/vitalstoffversand.com\/pt-pt\/wp-json\/wp\/v2\/product_cat?post=27085"},{"taxonomy":"product_tag","embeddable":true,"href":"https:\/\/vitalstoffversand.com\/pt-pt\/wp-json\/wp\/v2\/product_tag?post=27085"}],"curies":[{"name":"wp","href":"https:\/\/api.w.org\/{rel}","templated":true}]}}