{"id":27081,"date":"2024-11-11T14:59:56","date_gmt":"2024-11-11T13:59:56","guid":{"rendered":"https:\/\/vitalstoffversand.com\/produkt\/vit4ever-extrato-de-roma-240-capsulas\/"},"modified":"2026-03-15T18:13:56","modified_gmt":"2026-03-15T17:13:56","slug":"vit4ever-extrato-de-roma-240-capsulas","status":"publish","type":"product","link":"https:\/\/vitalstoffversand.com\/pt-pt\/produto\/vit4ever-extrato-de-roma-240-capsulas\/","title":{"rendered":"Vit4ever <br>Extrato de rom\u00e3 &#8211; 240 c\u00e1psulas"},"content":{"rendered":"<p>A rom\u00e3 tem um elevado teor de polifen\u00f3is naturais, que s\u00e3o antioxidantes, e \u00e9 tamb\u00e9m rica em pot\u00e1ssio, ferro e vitaminas B.<\/p>\n<p>O extrato de rom\u00e3 cont\u00e9m uma propor\u00e7\u00e3o extremamente elevada do polifenol \u00e1cido el\u00e1gico, que est\u00e1 presente neste produto a um n\u00edvel de 40%.<\/p>\n<ul>\n<li>Vegano<\/li>\n<li>Sem gl\u00faten<\/li>\n<li>Sem lactose<\/li>\n<li>Sem OGM<\/li>\n<li>Produzido de acordo com rigorosos padr\u00f5es de qualidade da UE<\/li>\n<\/ul>\n","protected":false},"excerpt":{"rendered":"<p>A rom\u00e3 tem um elevado teor de polifen\u00f3is naturais, que s\u00e3o antioxidantes, e \u00e9 tamb\u00e9m rica em pot\u00e1ssio, ferro e vitaminas B. O extrato de rom\u00e3 cont\u00e9m uma propor\u00e7\u00e3o extremamente elevada do polifenol \u00e1cido el\u00e1gico, que est\u00e1 presente neste produto a um n\u00edvel de 40%. Vegano Sem gl\u00faten Sem lactose Sem OGM Produzido de acordo [&hellip;]<\/p>\n","protected":false},"featured_media":53634,"template":"","meta":{"_acf_changed":false},"product_brand":[10221],"product_cat":[559,537],"product_tag":[],"class_list":{"0":"post-27081","1":"product","2":"type-product","3":"status-publish","4":"has-post-thumbnail","6":"product_brand-vit4ever-pt-pt","7":"product_cat-nutrientes","8":"product_cat-produtos-de-a-z","10":"first","11":"instock","12":"taxable","13":"shipping-taxable","14":"purchasable","15":"product-type-simple"},"acf":[],"_links":{"self":[{"href":"https:\/\/vitalstoffversand.com\/pt-pt\/wp-json\/wp\/v2\/product\/27081","targetHints":{"allow":["GET"]}}],"collection":[{"href":"https:\/\/vitalstoffversand.com\/pt-pt\/wp-json\/wp\/v2\/product"}],"about":[{"href":"https:\/\/vitalstoffversand.com\/pt-pt\/wp-json\/wp\/v2\/types\/product"}],"wp:featuredmedia":[{"embeddable":true,"href":"https:\/\/vitalstoffversand.com\/pt-pt\/wp-json\/wp\/v2\/media\/53634"}],"wp:attachment":[{"href":"https:\/\/vitalstoffversand.com\/pt-pt\/wp-json\/wp\/v2\/media?parent=27081"}],"wp:term":[{"taxonomy":"product_brand","embeddable":true,"href":"https:\/\/vitalstoffversand.com\/pt-pt\/wp-json\/wp\/v2\/product_brand?post=27081"},{"taxonomy":"product_cat","embeddable":true,"href":"https:\/\/vitalstoffversand.com\/pt-pt\/wp-json\/wp\/v2\/product_cat?post=27081"},{"taxonomy":"product_tag","embeddable":true,"href":"https:\/\/vitalstoffversand.com\/pt-pt\/wp-json\/wp\/v2\/product_tag?post=27081"}],"curies":[{"name":"wp","href":"https:\/\/api.w.org\/{rel}","templated":true}]}}