{"id":27052,"date":"2024-11-11T14:53:57","date_gmt":"2024-11-11T13:53:57","guid":{"rendered":"https:\/\/vitalstoffversand.com\/produkt\/vit4ever-melatonina-365-comprimidos\/"},"modified":"2026-03-15T18:11:02","modified_gmt":"2026-03-15T17:11:02","slug":"vit4ever-melatonina-365-comprimidos","status":"publish","type":"product","link":"https:\/\/vitalstoffversand.com\/pt-pt\/produto\/vit4ever-melatonina-365-comprimidos\/","title":{"rendered":"Vit4ever <br>Melatonina &#8211; 365 comprimidos"},"content":{"rendered":"<p>A melatonina \u00e9 a hormona do sono do nosso organismo e controla o nosso ritmo dia-noite, ou seja, o nosso \u201crel\u00f3gio interno\u201d, com a ajuda do seu \u201chom\u00f3logo\u201d cortisol.<br \/>\n\u00c9, por conseguinte, a forma mais natural de promover o sono.<\/p>\n<p>No caso dos dist\u00farbios do sono, \u00e9 portanto prefer\u00edvel utilizar a hormona pr\u00f3pria do nosso organismo em vez de um son\u00edfero qu\u00edmico, que em muitos casos pode tamb\u00e9m causar depend\u00eancias e intoler\u00e2ncias. Este perigo n\u00e3o existe com a melatonina.<\/p>\n<p>A melatonina tamb\u00e9m pode ser facilmente combinada com outras subst\u00e2ncias calmantes, como l\u00fapulo, valeriana ou similares, sem causar efeitos indesej\u00e1veis.<\/p>\n<ul>\n<li>Vegano<\/li>\n<li>Sem gl\u00faten<\/li>\n<li>Sem lactose<\/li>\n<li>Sem OGM<\/li>\n<li>Produzido de acordo com rigorosos padr\u00f5es de qualidade da UE<\/li>\n<\/ul>\n","protected":false},"excerpt":{"rendered":"<p>A melatonina \u00e9 a hormona do sono do nosso organismo e controla o nosso ritmo dia-noite, ou seja, o nosso \u201crel\u00f3gio interno\u201d, com a ajuda do seu \u201chom\u00f3logo\u201d cortisol. \u00c9, por conseguinte, a forma mais natural de promover o sono. No caso dos dist\u00farbios do sono, \u00e9 portanto prefer\u00edvel utilizar a hormona pr\u00f3pria do nosso [&hellip;]<\/p>\n","protected":false},"featured_media":53562,"template":"","meta":{"_acf_changed":false},"product_brand":[10221],"product_cat":[559,537],"product_tag":[],"class_list":{"0":"post-27052","1":"product","2":"type-product","3":"status-publish","4":"has-post-thumbnail","6":"product_brand-vit4ever-pt-pt","7":"product_cat-nutrientes","8":"product_cat-produtos-de-a-z","10":"first","11":"instock","12":"taxable","13":"shipping-taxable","14":"purchasable","15":"product-type-simple"},"acf":[],"_links":{"self":[{"href":"https:\/\/vitalstoffversand.com\/pt-pt\/wp-json\/wp\/v2\/product\/27052","targetHints":{"allow":["GET"]}}],"collection":[{"href":"https:\/\/vitalstoffversand.com\/pt-pt\/wp-json\/wp\/v2\/product"}],"about":[{"href":"https:\/\/vitalstoffversand.com\/pt-pt\/wp-json\/wp\/v2\/types\/product"}],"wp:featuredmedia":[{"embeddable":true,"href":"https:\/\/vitalstoffversand.com\/pt-pt\/wp-json\/wp\/v2\/media\/53562"}],"wp:attachment":[{"href":"https:\/\/vitalstoffversand.com\/pt-pt\/wp-json\/wp\/v2\/media?parent=27052"}],"wp:term":[{"taxonomy":"product_brand","embeddable":true,"href":"https:\/\/vitalstoffversand.com\/pt-pt\/wp-json\/wp\/v2\/product_brand?post=27052"},{"taxonomy":"product_cat","embeddable":true,"href":"https:\/\/vitalstoffversand.com\/pt-pt\/wp-json\/wp\/v2\/product_cat?post=27052"},{"taxonomy":"product_tag","embeddable":true,"href":"https:\/\/vitalstoffversand.com\/pt-pt\/wp-json\/wp\/v2\/product_tag?post=27052"}],"curies":[{"name":"wp","href":"https:\/\/api.w.org\/{rel}","templated":true}]}}