{"id":27046,"date":"2024-11-11T14:44:23","date_gmt":"2024-11-11T13:44:23","guid":{"rendered":"https:\/\/vitalstoffversand.com\/produkt\/vit4ever-hyaluron-collagen-complex-240-capsulas\/"},"modified":"2026-03-15T17:57:46","modified_gmt":"2026-03-15T16:57:46","slug":"vit4ever-hyaluron-collagen-complex-240-capsulas","status":"publish","type":"product","link":"https:\/\/vitalstoffversand.com\/pt-pt\/produto\/vit4ever-hyaluron-collagen-complex-240-capsulas\/","title":{"rendered":"Vit4ever <br>Hyaluron + Collagen Complex &#8211; 240 c\u00e1psulas"},"content":{"rendered":"<p>Prepara\u00e7\u00e3o combinada de hialur\u00e3o e colag\u00e9nio em combina\u00e7\u00e3o com outras vitaminas, minerais e oligoelementos.<\/p>\n<p>O colag\u00e9nio \u00e9 a prote\u00edna estrutural do tecido conjuntivo, enquanto o \u00e1cido hialur\u00f3nico (aqui num tamanho molecular otimamente utiliz\u00e1vel de 500-700 kDA) se encontra principalmente no tecido conjuntivo e na pele.<\/p>\n<p>Ao enriquecer o complexo hialuron-colag\u00e9nio com biotina, sel\u00e9nio, zinco, extrato de acerola (vitamina C) e extrato de bambu rico em sil\u00edcio, este produto fica totalmente completo.<\/p>\n<p>Os minerais sel\u00e9nio, zinco e biotina contribuem para a manuten\u00e7\u00e3o de um cabelo, unhas e pele normais, bem como para o crescimento normal do cabelo.<br \/>\n(Regulamento CE n.\u00ba 1924\/2006 relativo \u00e0s alega\u00e7\u00f5es de sa\u00fade da Uni\u00e3o Europeia)<\/p>\n<ul>\n<li>Sem gl\u00faten<\/li>\n<li>Sem lactose<\/li>\n<li>Sem OGM<\/li>\n<li>Produzido de acordo com rigorosos padr\u00f5es de qualidade da UE<\/li>\n<\/ul>\n","protected":false},"excerpt":{"rendered":"<p>Prepara\u00e7\u00e3o combinada de hialur\u00e3o e colag\u00e9nio em combina\u00e7\u00e3o com outras vitaminas, minerais e oligoelementos. O colag\u00e9nio \u00e9 a prote\u00edna estrutural do tecido conjuntivo, enquanto o \u00e1cido hialur\u00f3nico (aqui num tamanho molecular otimamente utiliz\u00e1vel de 500-700 kDA) se encontra principalmente no tecido conjuntivo e na pele. Ao enriquecer o complexo hialuron-colag\u00e9nio com biotina, sel\u00e9nio, zinco, extrato [&hellip;]<\/p>\n","protected":false},"featured_media":53506,"template":"","meta":{"_acf_changed":false},"product_brand":[10221],"product_cat":[558,537],"product_tag":[],"class_list":{"0":"post-27046","1":"product","2":"type-product","3":"status-publish","4":"has-post-thumbnail","6":"product_brand-vit4ever-pt-pt","7":"product_cat-proteinas-pt","8":"product_cat-produtos-de-a-z","10":"first","11":"instock","12":"taxable","13":"shipping-taxable","14":"purchasable","15":"product-type-simple"},"acf":[],"_links":{"self":[{"href":"https:\/\/vitalstoffversand.com\/pt-pt\/wp-json\/wp\/v2\/product\/27046","targetHints":{"allow":["GET"]}}],"collection":[{"href":"https:\/\/vitalstoffversand.com\/pt-pt\/wp-json\/wp\/v2\/product"}],"about":[{"href":"https:\/\/vitalstoffversand.com\/pt-pt\/wp-json\/wp\/v2\/types\/product"}],"wp:featuredmedia":[{"embeddable":true,"href":"https:\/\/vitalstoffversand.com\/pt-pt\/wp-json\/wp\/v2\/media\/53506"}],"wp:attachment":[{"href":"https:\/\/vitalstoffversand.com\/pt-pt\/wp-json\/wp\/v2\/media?parent=27046"}],"wp:term":[{"taxonomy":"product_brand","embeddable":true,"href":"https:\/\/vitalstoffversand.com\/pt-pt\/wp-json\/wp\/v2\/product_brand?post=27046"},{"taxonomy":"product_cat","embeddable":true,"href":"https:\/\/vitalstoffversand.com\/pt-pt\/wp-json\/wp\/v2\/product_cat?post=27046"},{"taxonomy":"product_tag","embeddable":true,"href":"https:\/\/vitalstoffversand.com\/pt-pt\/wp-json\/wp\/v2\/product_tag?post=27046"}],"curies":[{"name":"wp","href":"https:\/\/api.w.org\/{rel}","templated":true}]}}