{"id":27010,"date":"2024-11-11T14:28:54","date_gmt":"2024-11-11T13:28:54","guid":{"rendered":"https:\/\/vitalstoffversand.com\/produkt\/vit4ever-erva-de-cevada-biologica-365-capsulas\/"},"modified":"2026-03-15T17:44:27","modified_gmt":"2026-03-15T16:44:27","slug":"vit4ever-erva-de-cevada-biologica-365-capsulas","status":"publish","type":"product","link":"https:\/\/vitalstoffversand.com\/pt-pt\/produto\/vit4ever-erva-de-cevada-biologica-365-capsulas\/","title":{"rendered":"Vit4ever <br>Erva de cevada biol\u00f3gica &#8211; 365 c\u00e1psulas"},"content":{"rendered":"<p>A erva de cevada biol\u00f3gica em p\u00f3 \u00e9 muito bem tolerada e \u00e9 feita a partir de caules jovens e frescos, que t\u00eam um teor particularmente elevado de nutrientes.<\/p>\n<p>Em compara\u00e7\u00e3o com o sumo de erva de cevada, outros cereais ou leguminosas, o p\u00f3 de Gestengras tem um teor muito elevado de fibras e pode, portanto, ter um efeito positivo na digest\u00e3o.<\/p>\n<ul>\n<li>Vegano<\/li>\n<li>Sem gl\u00faten<\/li>\n<li>Sem lactose<\/li>\n<li>Sem OGM<\/li>\n<li>Produzido de acordo com rigorosos padr\u00f5es de qualidade da UE<\/li>\n<\/ul>\n","protected":false},"excerpt":{"rendered":"<p>A erva de cevada biol\u00f3gica em p\u00f3 \u00e9 muito bem tolerada e \u00e9 feita a partir de caules jovens e frescos, que t\u00eam um teor particularmente elevado de nutrientes. Em compara\u00e7\u00e3o com o sumo de erva de cevada, outros cereais ou leguminosas, o p\u00f3 de Gestengras tem um teor muito elevado de fibras e pode, [&hellip;]<\/p>\n","protected":false},"featured_media":53106,"template":"","meta":{"_acf_changed":false},"product_brand":[10221],"product_cat":[559,538,537],"product_tag":[],"class_list":{"0":"post-27010","1":"product","2":"type-product","3":"status-publish","4":"has-post-thumbnail","6":"product_brand-vit4ever-pt-pt","7":"product_cat-nutrientes","8":"product_cat-organico-pt","9":"product_cat-produtos-de-a-z","11":"first","12":"instock","13":"taxable","14":"shipping-taxable","15":"purchasable","16":"product-type-simple"},"acf":[],"_links":{"self":[{"href":"https:\/\/vitalstoffversand.com\/pt-pt\/wp-json\/wp\/v2\/product\/27010","targetHints":{"allow":["GET"]}}],"collection":[{"href":"https:\/\/vitalstoffversand.com\/pt-pt\/wp-json\/wp\/v2\/product"}],"about":[{"href":"https:\/\/vitalstoffversand.com\/pt-pt\/wp-json\/wp\/v2\/types\/product"}],"wp:featuredmedia":[{"embeddable":true,"href":"https:\/\/vitalstoffversand.com\/pt-pt\/wp-json\/wp\/v2\/media\/53106"}],"wp:attachment":[{"href":"https:\/\/vitalstoffversand.com\/pt-pt\/wp-json\/wp\/v2\/media?parent=27010"}],"wp:term":[{"taxonomy":"product_brand","embeddable":true,"href":"https:\/\/vitalstoffversand.com\/pt-pt\/wp-json\/wp\/v2\/product_brand?post=27010"},{"taxonomy":"product_cat","embeddable":true,"href":"https:\/\/vitalstoffversand.com\/pt-pt\/wp-json\/wp\/v2\/product_cat?post=27010"},{"taxonomy":"product_tag","embeddable":true,"href":"https:\/\/vitalstoffversand.com\/pt-pt\/wp-json\/wp\/v2\/product_tag?post=27010"}],"curies":[{"name":"wp","href":"https:\/\/api.w.org\/{rel}","templated":true}]}}