{"id":26994,"date":"2024-11-11T14:23:55","date_gmt":"2024-11-11T13:23:55","guid":{"rendered":"https:\/\/vitalstoffversand.com\/produkt\/vit4ever-coenzima-q10-diferentes-quantidades\/"},"modified":"2026-03-15T17:36:44","modified_gmt":"2026-03-15T16:36:44","slug":"vit4ever-coenzima-q10-diferentes-quantidades","status":"publish","type":"product","link":"https:\/\/vitalstoffversand.com\/pt-pt\/produto\/vit4ever-coenzima-q10-diferentes-quantidades\/","title":{"rendered":"Vit4ever <br>Coenzima Q10 &#8211; 120 c\u00e1psulas"},"content":{"rendered":"<p>A coenzima Q10 actua como um dador de electr\u00f5es e prot\u00f5es nas c\u00e9lulas do nosso corpo.<\/p>\n<p>Como a produ\u00e7\u00e3o pr\u00f3pria desta mol\u00e9cula org\u00e2nica diminui significativamente a partir dos 40 anos, a toma de suplementos pode fazer todo o sentido.<\/p>\n<ul>\n<li>Vegano<\/li>\n<li>Sem gl\u00faten<\/li>\n<li>Sem lactose<\/li>\n<li>Sem OGM<\/li>\n<li>Produzido de acordo com rigorosos padr\u00f5es de qualidade da UE<\/li>\n<\/ul>\n","protected":false},"excerpt":{"rendered":"<p>A coenzima Q10 actua como um dador de electr\u00f5es e prot\u00f5es nas c\u00e9lulas do nosso corpo. Como a produ\u00e7\u00e3o pr\u00f3pria desta mol\u00e9cula org\u00e2nica diminui significativamente a partir dos 40 anos, a toma de suplementos pode fazer todo o sentido. Vegano Sem gl\u00faten Sem lactose Sem OGM Produzido de acordo com rigorosos padr\u00f5es de qualidade da [&hellip;]<\/p>\n","protected":false},"featured_media":52962,"template":"","meta":{"_acf_changed":false},"product_brand":[10221],"product_cat":[559,537],"product_tag":[],"class_list":{"0":"post-26994","1":"product","2":"type-product","3":"status-publish","4":"has-post-thumbnail","6":"product_brand-vit4ever-pt-pt","7":"product_cat-nutrientes","8":"product_cat-produtos-de-a-z","10":"first","11":"instock","12":"taxable","13":"shipping-taxable","14":"purchasable","15":"product-type-simple"},"acf":[],"_links":{"self":[{"href":"https:\/\/vitalstoffversand.com\/pt-pt\/wp-json\/wp\/v2\/product\/26994","targetHints":{"allow":["GET"]}}],"collection":[{"href":"https:\/\/vitalstoffversand.com\/pt-pt\/wp-json\/wp\/v2\/product"}],"about":[{"href":"https:\/\/vitalstoffversand.com\/pt-pt\/wp-json\/wp\/v2\/types\/product"}],"wp:featuredmedia":[{"embeddable":true,"href":"https:\/\/vitalstoffversand.com\/pt-pt\/wp-json\/wp\/v2\/media\/52962"}],"wp:attachment":[{"href":"https:\/\/vitalstoffversand.com\/pt-pt\/wp-json\/wp\/v2\/media?parent=26994"}],"wp:term":[{"taxonomy":"product_brand","embeddable":true,"href":"https:\/\/vitalstoffversand.com\/pt-pt\/wp-json\/wp\/v2\/product_brand?post=26994"},{"taxonomy":"product_cat","embeddable":true,"href":"https:\/\/vitalstoffversand.com\/pt-pt\/wp-json\/wp\/v2\/product_cat?post=26994"},{"taxonomy":"product_tag","embeddable":true,"href":"https:\/\/vitalstoffversand.com\/pt-pt\/wp-json\/wp\/v2\/product_tag?post=26994"}],"curies":[{"name":"wp","href":"https:\/\/api.w.org\/{rel}","templated":true}]}}