{"id":26980,"date":"2024-11-11T14:13:26","date_gmt":"2024-11-11T13:13:26","guid":{"rendered":"https:\/\/vitalstoffversand.com\/produkt\/vit4ever-resveratrol-60-capsulas\/"},"modified":"2026-03-15T17:08:00","modified_gmt":"2026-03-15T16:08:00","slug":"vit4ever-resveratrol-60-capsulas","status":"publish","type":"product","link":"https:\/\/vitalstoffversand.com\/pt-pt\/produto\/vit4ever-resveratrol-60-capsulas\/","title":{"rendered":"Vit4ever <br>Resveratrol &#8211; 60 c\u00e1psulas"},"content":{"rendered":"<p>O resveratrol \u00e9 uma subst\u00e2ncia vegetal secund\u00e1ria com um efeito antioxidante e encontra-se em v\u00e1rias plantas.<\/p>\n<p>Protege as plantas em per\u00edodos h\u00famidos contra parasitas e infec\u00e7\u00f5es f\u00fangicas, bem como contra influ\u00eancias ambientais negativas, como a forte radia\u00e7\u00e3o UV, a polui\u00e7\u00e3o pelo ozono e as toxinas.<\/p>\n<ul>\n<li>Vegano<\/li>\n<li>Sem gl\u00faten<\/li>\n<li>Sem lactose<\/li>\n<li>Sem OGM<\/li>\n<li>Produzido de acordo com rigorosos padr\u00f5es de qualidade da UE<\/li>\n<\/ul>\n","protected":false},"excerpt":{"rendered":"<p>O resveratrol \u00e9 uma subst\u00e2ncia vegetal secund\u00e1ria com um efeito antioxidante e encontra-se em v\u00e1rias plantas. Protege as plantas em per\u00edodos h\u00famidos contra parasitas e infec\u00e7\u00f5es f\u00fangicas, bem como contra influ\u00eancias ambientais negativas, como a forte radia\u00e7\u00e3o UV, a polui\u00e7\u00e3o pelo ozono e as toxinas. Vegano Sem gl\u00faten Sem lactose Sem OGM Produzido de acordo [&hellip;]<\/p>\n","protected":false},"featured_media":52826,"template":"","meta":{"_acf_changed":false},"product_brand":[10221],"product_cat":[559,537],"product_tag":[],"class_list":{"0":"post-26980","1":"product","2":"type-product","3":"status-publish","4":"has-post-thumbnail","6":"product_brand-vit4ever-pt-pt","7":"product_cat-nutrientes","8":"product_cat-produtos-de-a-z","10":"first","11":"outofstock","12":"taxable","13":"shipping-taxable","14":"purchasable","15":"product-type-simple"},"acf":[],"_links":{"self":[{"href":"https:\/\/vitalstoffversand.com\/pt-pt\/wp-json\/wp\/v2\/product\/26980","targetHints":{"allow":["GET"]}}],"collection":[{"href":"https:\/\/vitalstoffversand.com\/pt-pt\/wp-json\/wp\/v2\/product"}],"about":[{"href":"https:\/\/vitalstoffversand.com\/pt-pt\/wp-json\/wp\/v2\/types\/product"}],"wp:featuredmedia":[{"embeddable":true,"href":"https:\/\/vitalstoffversand.com\/pt-pt\/wp-json\/wp\/v2\/media\/52826"}],"wp:attachment":[{"href":"https:\/\/vitalstoffversand.com\/pt-pt\/wp-json\/wp\/v2\/media?parent=26980"}],"wp:term":[{"taxonomy":"product_brand","embeddable":true,"href":"https:\/\/vitalstoffversand.com\/pt-pt\/wp-json\/wp\/v2\/product_brand?post=26980"},{"taxonomy":"product_cat","embeddable":true,"href":"https:\/\/vitalstoffversand.com\/pt-pt\/wp-json\/wp\/v2\/product_cat?post=26980"},{"taxonomy":"product_tag","embeddable":true,"href":"https:\/\/vitalstoffversand.com\/pt-pt\/wp-json\/wp\/v2\/product_tag?post=26980"}],"curies":[{"name":"wp","href":"https:\/\/api.w.org\/{rel}","templated":true}]}}