{"id":26953,"date":"2024-11-11T13:55:38","date_gmt":"2024-11-11T12:55:38","guid":{"rendered":"https:\/\/vitalstoffversand.com\/produkt\/vit4ever-hericium-erinaceus-intenso-180-capsulas\/"},"modified":"2024-11-11T13:55:38","modified_gmt":"2024-11-11T12:55:38","slug":"vit4ever-hericium-erinaceus-intenso-180-capsulas","status":"publish","type":"product","link":"https:\/\/vitalstoffversand.com\/pt-pt\/produto\/vit4ever-hericium-erinaceus-intenso-180-capsulas\/","title":{"rendered":"Vit4ever <br>Hericium Erinaceus Intenso &#8211; 180 c\u00e1psulas"},"content":{"rendered":"<p>O Hericium Erinaceus \u00e9 conhecido por muitos nomes, por exemplo, juba de le\u00e3o, cogumelo cabe\u00e7a de macaco ou pompon blanc franc\u00eas.<\/p>\n<p>O Hericium Intenso cont\u00e9m 30 % de polissac\u00e1ridos e \u00e9 utilizado em micoterapia para doen\u00e7as do aparelho digestivo, entre outras.<\/p>\n<p>Idealmente, o extrato deve ser combinado com <a href=\"https:\/\/vitalstoffversand.com\/produkt\/natura-med-bio-hericium-pilzpulver-100-g\/\" target=\"_blank\" rel=\"noopener\">\u2192 Natura Med Bio Hericium erinaceus em p\u00f3<\/a>, a fim de utilizar todo o espetro de ingredientes activos deste cogumelo medicinal.<\/p>\n<ul>\n<li>vegan<\/li>\n<li>Sem gl\u00faten, lactose, aromas, conservantes, estearato de magn\u00e9sio e, claro, sem OGM<\/li>\n<li>Testes laboratoriais independentes para dete\u00e7\u00e3o de contamina\u00e7\u00e3o e impurezas, tais como metais pesados, bolores, E. coli, salmonelas e outros crit\u00e9rios de teste relevantes<\/li>\n<\/ul>\n","protected":false},"excerpt":{"rendered":"<p>O Hericium Erinaceus \u00e9 conhecido por muitos nomes, por exemplo, juba de le\u00e3o, cogumelo cabe\u00e7a de macaco ou pompon blanc franc\u00eas. O Hericium Intenso cont\u00e9m 30 % de polissac\u00e1ridos e \u00e9 utilizado em micoterapia para doen\u00e7as do aparelho digestivo, entre outras. Idealmente, o extrato deve ser combinado com \u2192 Natura Med Bio Hericium erinaceus em [&hellip;]<\/p>\n","protected":false},"featured_media":52546,"template":"","meta":{"_acf_changed":false},"product_brand":[10221],"product_cat":[539,537],"product_tag":[],"class_list":{"0":"post-26953","1":"product","2":"type-product","3":"status-publish","4":"has-post-thumbnail","6":"product_brand-vit4ever-pt-pt","7":"product_cat-cogumelos-vitais","8":"product_cat-produtos-de-a-z","10":"first","11":"outofstock","12":"taxable","13":"shipping-taxable","14":"purchasable","15":"product-type-simple"},"acf":[],"_links":{"self":[{"href":"https:\/\/vitalstoffversand.com\/pt-pt\/wp-json\/wp\/v2\/product\/26953","targetHints":{"allow":["GET"]}}],"collection":[{"href":"https:\/\/vitalstoffversand.com\/pt-pt\/wp-json\/wp\/v2\/product"}],"about":[{"href":"https:\/\/vitalstoffversand.com\/pt-pt\/wp-json\/wp\/v2\/types\/product"}],"wp:featuredmedia":[{"embeddable":true,"href":"https:\/\/vitalstoffversand.com\/pt-pt\/wp-json\/wp\/v2\/media\/52546"}],"wp:attachment":[{"href":"https:\/\/vitalstoffversand.com\/pt-pt\/wp-json\/wp\/v2\/media?parent=26953"}],"wp:term":[{"taxonomy":"product_brand","embeddable":true,"href":"https:\/\/vitalstoffversand.com\/pt-pt\/wp-json\/wp\/v2\/product_brand?post=26953"},{"taxonomy":"product_cat","embeddable":true,"href":"https:\/\/vitalstoffversand.com\/pt-pt\/wp-json\/wp\/v2\/product_cat?post=26953"},{"taxonomy":"product_tag","embeddable":true,"href":"https:\/\/vitalstoffversand.com\/pt-pt\/wp-json\/wp\/v2\/product_tag?post=26953"}],"curies":[{"name":"wp","href":"https:\/\/api.w.org\/{rel}","templated":true}]}}