{"id":26946,"date":"2024-11-11T13:55:47","date_gmt":"2024-11-11T12:55:47","guid":{"rendered":"https:\/\/vitalstoffversand.com\/produkt\/vit4ever-oleo-de-algas-vegan-omega-3-varias-quantidades\/"},"modified":"2026-03-15T16:34:59","modified_gmt":"2026-03-15T15:34:59","slug":"vit4ever-oleo-de-algas-vegan-omega-3-varias-quantidades","status":"publish","type":"product","link":"https:\/\/vitalstoffversand.com\/pt-pt\/produto\/vit4ever-oleo-de-algas-vegan-omega-3-varias-quantidades\/","title":{"rendered":"Vit4ever <br>\u00d3leo de algas vegan com \u00f3mega 3 &#8211; 90 c\u00e1psulas"},"content":{"rendered":"<p>Nem sempre \u00e9 f\u00e1cil para os vegetarianos e veganos obterem \u00e1cidos gordos \u00f3mega 3 suficientes, uma vez que estes se encontram principalmente nos peixes (gordos).<\/p>\n<p>C\u00e1psulas de \u00f3leo de algas \u00f3mega 3 de Schizochytrium sp. com 30% <a href=\"https:\/\/vitalstoffversand.com\/knowledge-base\/docosahexaensaeure-und-eicosapentaensaeure-dha-epa\/\" target=\"_blank\" rel=\"noopener\"><strong><span style=\"color: #0000ff;\">\u2192 DHA (\u00e1cido docosahexaen\u00f3ico)<\/span><\/strong><\/a> e 15% <a href=\"https:\/\/vitalstoffversand.com\/knowledge-base\/eicosapentaensaeure-und-docosahexaensaeure-epa-dha\/\" target=\"_blank\" rel=\"noopener\"><strong><span style=\"color: #0000ff;\">\u2192 EPA (\u00e1cido eicosapentaen\u00f3ico)<\/span><\/strong><\/a>. <\/p>\n<p>As algas s\u00e3o a solu\u00e7\u00e3o ideal, uma vez que s\u00e3o 100% vegetarianas e veganas.<\/p>\n<ul>\n<li>Vegano<\/li>\n<li>Sem gl\u00faten<\/li>\n<li>Sem lactose<\/li>\n<li>Sem OGM<\/li>\n<li>Produzido de acordo com rigorosos padr\u00f5es de qualidade da UE<\/li>\n<\/ul>\n","protected":false},"excerpt":{"rendered":"<p>Nem sempre \u00e9 f\u00e1cil para os vegetarianos e veganos obterem \u00e1cidos gordos \u00f3mega 3 suficientes, uma vez que estes se encontram principalmente nos peixes (gordos). C\u00e1psulas de \u00f3leo de algas \u00f3mega 3 de Schizochytrium sp. com 30% \u2192 DHA (\u00e1cido docosahexaen\u00f3ico) e 15% \u2192 EPA (\u00e1cido eicosapentaen\u00f3ico). As algas s\u00e3o a solu\u00e7\u00e3o ideal, uma vez [&hellip;]<\/p>\n","protected":false},"featured_media":52506,"template":"","meta":{"_acf_changed":false},"product_brand":[10221],"product_cat":[554,537],"product_tag":[],"class_list":{"0":"post-26946","1":"product","2":"type-product","3":"status-publish","4":"has-post-thumbnail","6":"product_brand-vit4ever-pt-pt","7":"product_cat-acidos-gordos","8":"product_cat-produtos-de-a-z","10":"first","11":"instock","12":"taxable","13":"shipping-taxable","14":"purchasable","15":"product-type-simple"},"acf":[],"_links":{"self":[{"href":"https:\/\/vitalstoffversand.com\/pt-pt\/wp-json\/wp\/v2\/product\/26946","targetHints":{"allow":["GET"]}}],"collection":[{"href":"https:\/\/vitalstoffversand.com\/pt-pt\/wp-json\/wp\/v2\/product"}],"about":[{"href":"https:\/\/vitalstoffversand.com\/pt-pt\/wp-json\/wp\/v2\/types\/product"}],"wp:featuredmedia":[{"embeddable":true,"href":"https:\/\/vitalstoffversand.com\/pt-pt\/wp-json\/wp\/v2\/media\/52506"}],"wp:attachment":[{"href":"https:\/\/vitalstoffversand.com\/pt-pt\/wp-json\/wp\/v2\/media?parent=26946"}],"wp:term":[{"taxonomy":"product_brand","embeddable":true,"href":"https:\/\/vitalstoffversand.com\/pt-pt\/wp-json\/wp\/v2\/product_brand?post=26946"},{"taxonomy":"product_cat","embeddable":true,"href":"https:\/\/vitalstoffversand.com\/pt-pt\/wp-json\/wp\/v2\/product_cat?post=26946"},{"taxonomy":"product_tag","embeddable":true,"href":"https:\/\/vitalstoffversand.com\/pt-pt\/wp-json\/wp\/v2\/product_tag?post=26946"}],"curies":[{"name":"wp","href":"https:\/\/api.w.org\/{rel}","templated":true}]}}